{"id":6777,"date":"2023-03-24T10:26:56","date_gmt":"2023-03-24T10:26:56","guid":{"rendered":"https:\/\/vitaminap.pt\/pt\/?page_id=6777"},"modified":"2024-10-30T14:34:56","modified_gmt":"2024-10-30T14:34:56","slug":"sobre_nos","status":"publish","type":"page","link":"https:\/\/vitaminap.pt\/pt\/sobre_nos\/","title":{"rendered":"Sobre N\u00f3s"},"content":{"rendered":"\t\t<div data-elementor-type=\"wp-post\" data-elementor-id=\"6777\" class=\"elementor elementor-6777\" data-elementor-post-type=\"page\">\n\t\t\t\t\t\t<section class=\"elementor-section elementor-top-section elementor-element elementor-element-676ad05d thim_1_col_tablet elementor-section-boxed elementor-section-height-default elementor-section-height-default\" data-id=\"676ad05d\" data-element_type=\"section\" data-e-type=\"section\">\n\t\t\t\t\t\t<div class=\"elementor-container elementor-column-gap-extended\">\n\t\t\t\t\t<div class=\"elementor-column elementor-col-50 elementor-top-column elementor-element elementor-element-31972011\" data-id=\"31972011\" data-element_type=\"column\" data-e-type=\"column\">\n\t\t\t<div class=\"elementor-widget-wrap elementor-element-populated\">\n\t\t\t\t\t\t<div class=\"elementor-element elementor-element-1de68135 elementor-widget elementor-widget-wp-widget-text\" data-id=\"1de68135\" data-element_type=\"widget\" data-e-type=\"widget\" data-widget_type=\"wp-widget-text.default\">\n\t\t\t\t<div class=\"elementor-widget-container\">\n\t\t\t\t\t<h5>O que \u00e9 o Vitamina P?<\/h5>\t\t\t<div class=\"textwidget\"><\/div>\n\t\t\t\t\t\t<\/div>\n\t\t\t\t<\/div>\n\t\t\t\t<div class=\"elementor-element elementor-element-3886378 elementor-widget elementor-widget-wp-widget-text\" data-id=\"3886378\" data-element_type=\"widget\" data-e-type=\"widget\" data-widget_type=\"wp-widget-text.default\">\n\t\t\t\t<div class=\"elementor-widget-container\">\n\t\t\t\t\t\t\t\t<div class=\"textwidget\"><p>Cada um sabe como se sente e como gostaria de sentir-se, o que \u00e9 importante para si naquele momento e o que gostaria de alcan\u00e7ar. Por vezes, sentimos que precisamos de ajuda para resolver um problema e, outras vezes, queremos investir em n\u00f3s, no nosso desenvolvimento pessoal &#8211; sabemos quais as nossas caracter\u00edsticas e queremos potenciar o melhor que h\u00e1 em n\u00f3s.<\/p>\n<p>O Vitamina P \u00e9 um espa\u00e7o de psicologia, sa\u00fade e bem-estar que tem impacto em v\u00e1rias \u00e1reas de preven\u00e7\u00e3o, diagn\u00f3stico e interven\u00e7\u00e3o. Aqui, ajudamos a gerir e reduzir o seu stress do dia-a-dia, a tomar decis\u00f5es importantes para a sua vida e naqueles momentos em que lhe falta o ch\u00e3o.<\/p>\n<\/div>\n\t\t\t\t\t\t<\/div>\n\t\t\t\t<\/div>\n\t\t\t\t\t<\/div>\n\t\t<\/div>\n\t\t\t\t<div class=\"elementor-column elementor-col-50 elementor-top-column elementor-element elementor-element-750bb3ac\" data-id=\"750bb3ac\" data-element_type=\"column\" data-e-type=\"column\">\n\t\t\t<div class=\"elementor-widget-wrap elementor-element-populated\">\n\t\t\t\t\t\t<div class=\"elementor-element elementor-element-54a4e840 elementor-widget elementor-widget-image\" data-id=\"54a4e840\" data-element_type=\"widget\" data-e-type=\"widget\" data-widget_type=\"image.default\">\n\t\t\t\t<div class=\"elementor-widget-container\">\n\t\t\t\t\t\t\t\t\t\t\t\t\t\t\t<img fetchpriority=\"high\" decoding=\"async\" width=\"750\" height=\"519\" src=\"https:\/\/vitaminap.pt\/pt\/wp-content\/uploads\/2023\/03\/sobre_nos_1.jpg\" class=\"attachment-full size-full wp-image-6782\" alt=\"O que \u00e9 o Vitamina P?\" srcset=\"https:\/\/vitaminap.pt\/pt\/wp-content\/uploads\/2023\/03\/sobre_nos_1.jpg 750w, https:\/\/vitaminap.pt\/pt\/wp-content\/uploads\/2023\/03\/sobre_nos_1-300x208.jpg 300w, https:\/\/vitaminap.pt\/pt\/wp-content\/uploads\/2023\/03\/sobre_nos_1-600x415.jpg 600w\" sizes=\"(max-width: 750px) 100vw, 750px\" \/>\t\t\t\t\t\t\t\t\t\t\t\t\t\t\t<\/div>\n\t\t\t\t<\/div>\n\t\t\t\t\t<\/div>\n\t\t<\/div>\n\t\t\t\t\t<\/div>\n\t\t<\/section>\n\t\t\t\t<section class=\"elementor-section elementor-top-section elementor-element elementor-element-01d7d9f thim_1_col_tablet elementor-section-boxed elementor-section-height-default elementor-section-height-default\" data-id=\"01d7d9f\" data-element_type=\"section\" data-e-type=\"section\">\n\t\t\t\t\t\t<div class=\"elementor-container elementor-column-gap-extended\">\n\t\t\t\t\t<div class=\"elementor-column elementor-col-50 elementor-top-column elementor-element elementor-element-a7bd5c4\" data-id=\"a7bd5c4\" data-element_type=\"column\" data-e-type=\"column\">\n\t\t\t<div class=\"elementor-widget-wrap elementor-element-populated\">\n\t\t\t\t\t\t<div class=\"elementor-element elementor-element-873c4dc elementor-widget elementor-widget-image\" data-id=\"873c4dc\" data-element_type=\"widget\" data-e-type=\"widget\" data-widget_type=\"image.default\">\n\t\t\t\t<div class=\"elementor-widget-container\">\n\t\t\t\t\t\t\t\t\t\t\t\t\t\t\t<img decoding=\"async\" width=\"600\" height=\"400\" data-src=\"https:\/\/vitaminap.pt\/pt\/wp-content\/uploads\/2024\/06\/Sobre_nos.jpg\" class=\"attachment-full size-full wp-image-8402 lazyload\" alt=\"Sobre N\u00f3s\" data-srcset=\"https:\/\/vitaminap.pt\/pt\/wp-content\/uploads\/2024\/06\/Sobre_nos.jpg 600w, https:\/\/vitaminap.pt\/pt\/wp-content\/uploads\/2024\/06\/Sobre_nos-300x200.jpg 300w\" data-sizes=\"(max-width: 600px) 100vw, 600px\" src=\"data:image\/svg+xml;base64,PHN2ZyB3aWR0aD0iMSIgaGVpZ2h0PSIxIiB4bWxucz0iaHR0cDovL3d3dy53My5vcmcvMjAwMC9zdmciPjwvc3ZnPg==\" style=\"--smush-placeholder-width: 600px; --smush-placeholder-aspect-ratio: 600\/400;\" \/>\t\t\t\t\t\t\t\t\t\t\t\t\t\t\t<\/div>\n\t\t\t\t<\/div>\n\t\t\t\t\t<\/div>\n\t\t<\/div>\n\t\t\t\t<div class=\"elementor-column elementor-col-50 elementor-top-column elementor-element elementor-element-f2a3738\" data-id=\"f2a3738\" data-element_type=\"column\" data-e-type=\"column\">\n\t\t\t<div class=\"elementor-widget-wrap elementor-element-populated\">\n\t\t\t\t\t\t<div class=\"elementor-element elementor-element-c697bae elementor-widget elementor-widget-wp-widget-text\" data-id=\"c697bae\" data-element_type=\"widget\" data-e-type=\"widget\" data-widget_type=\"wp-widget-text.default\">\n\t\t\t\t<div class=\"elementor-widget-container\">\n\t\t\t\t\t\t\t\t<div class=\"textwidget\"><p>No Vitamina P, pode escolher a forma\u00e7\u00e3o que faz sentido para si neste momento da vida. A nossa vida tem tantas faces que, muitas vezes, sentimos que \u00e9 numa delas que precisamos de mais apoio, constru\u00e7\u00e3o ou reconstru\u00e7\u00e3o: como amigo, como namorada, como pai, como profissional, como filha, como estudante ou como crian\u00e7a. Passo-a-passo, o Vitamina P apoia-o no processo de mudan\u00e7a que est\u00e1 disposto a iniciar ou que quer que o seu filho inicie.<\/p>\n<p>Quando a forma\u00e7\u00e3o \u00e9 pr\u00e1tica, divertida e eficaz, o tempo voa e os resultados aparecem. No Vitamina P, temos profissionais experientes e especialistas nas mais variadas \u00e1reas de interven\u00e7\u00e3o. Trabalhamos em equipa com Psic\u00f3logos, Terapeutas Familiares, Psicomotricistas, Terapeutas da Fala, Counselors e Professores de apoio para transformar problemas em desafios e v\u00ea-los de diferentes perspetivas.<\/p>\n<\/div>\n\t\t\t\t\t\t<\/div>\n\t\t\t\t<\/div>\n\t\t\t\t\t<\/div>\n\t\t<\/div>\n\t\t\t\t\t<\/div>\n\t\t<\/section>\n\t\t\t\t<section class=\"elementor-section elementor-top-section elementor-element elementor-element-91e54d1 thim_1_col_tablet elementor-section-boxed elementor-section-height-default elementor-section-height-default\" data-id=\"91e54d1\" data-element_type=\"section\" data-e-type=\"section\">\n\t\t\t\t\t\t<div class=\"elementor-container elementor-column-gap-extended\">\n\t\t\t\t\t<div class=\"elementor-column elementor-col-50 elementor-top-column elementor-element elementor-element-bd3c864\" data-id=\"bd3c864\" data-element_type=\"column\" data-e-type=\"column\">\n\t\t\t<div class=\"elementor-widget-wrap elementor-element-populated\">\n\t\t\t\t\t\t<div class=\"elementor-element elementor-element-ac1d322 elementor-widget elementor-widget-wp-widget-text\" data-id=\"ac1d322\" data-element_type=\"widget\" data-e-type=\"widget\" data-widget_type=\"wp-widget-text.default\">\n\t\t\t\t<div class=\"elementor-widget-container\">\n\t\t\t\t\t\t\t\t<div class=\"textwidget\"><p><strong>Porqu\u00ea o Vitamina P?<br \/>\n<\/strong>Destacamo-nos pela qualidade da interven\u00e7\u00e3o terap\u00eautica com crian\u00e7as, adolescentes, adultos e s\u00e9niores. Os nossos servi\u00e7os s\u00e3o prestados em contexto cl\u00ednico ou escolar\/institucional.<\/p>\n<p>O Vitamina P surge da necessidade de um espa\u00e7o \u00fanico que promova momentos de descontra\u00e7\u00e3o, calma e lazer essenciais na vida de cada um, seja numa forma\u00e7\u00e3o, consulta, avalia\u00e7\u00e3o, ou tempo de trabalho.<\/p>\n<p><strong>Espa\u00e7o<\/strong><br \/>\nNo Vitamina P, encontra o HotSpot, um espa\u00e7o de trabalho individual ou de grupo, em modo coworking, que pode usar para ler um livro, beber um caf\u00e9, fazer uma reuni\u00e3o, ou simplesmente aproveitar o tempo livre para jogar snooker.<\/p>\n<\/div>\n\t\t\t\t\t\t<\/div>\n\t\t\t\t<\/div>\n\t\t\t\t\t<\/div>\n\t\t<\/div>\n\t\t\t\t<div class=\"elementor-column elementor-col-50 elementor-top-column elementor-element elementor-element-0c21c14\" data-id=\"0c21c14\" data-element_type=\"column\" data-e-type=\"column\">\n\t\t\t<div class=\"elementor-widget-wrap elementor-element-populated\">\n\t\t\t\t\t\t<div class=\"elementor-element elementor-element-3e224b3 elementor-widget elementor-widget-image\" data-id=\"3e224b3\" data-element_type=\"widget\" data-e-type=\"widget\" data-widget_type=\"image.default\">\n\t\t\t\t<div class=\"elementor-widget-container\">\n\t\t\t\t\t\t\t\t\t\t\t\t\t\t\t<img decoding=\"async\" width=\"750\" height=\"500\" data-src=\"https:\/\/vitaminap.pt\/pt\/wp-content\/uploads\/2023\/03\/sobre_nos_3.jpg\" class=\"attachment-full size-full wp-image-6789 lazyload\" alt=\"O que \u00e9 o Vitamina P?\" data-srcset=\"https:\/\/vitaminap.pt\/pt\/wp-content\/uploads\/2023\/03\/sobre_nos_3.jpg 750w, https:\/\/vitaminap.pt\/pt\/wp-content\/uploads\/2023\/03\/sobre_nos_3-300x200.jpg 300w, https:\/\/vitaminap.pt\/pt\/wp-content\/uploads\/2023\/03\/sobre_nos_3-600x400.jpg 600w\" data-sizes=\"(max-width: 750px) 100vw, 750px\" src=\"data:image\/svg+xml;base64,PHN2ZyB3aWR0aD0iMSIgaGVpZ2h0PSIxIiB4bWxucz0iaHR0cDovL3d3dy53My5vcmcvMjAwMC9zdmciPjwvc3ZnPg==\" style=\"--smush-placeholder-width: 750px; --smush-placeholder-aspect-ratio: 750\/500;\" \/>\t\t\t\t\t\t\t\t\t\t\t\t\t\t\t<\/div>\n\t\t\t\t<\/div>\n\t\t\t\t\t<\/div>\n\t\t<\/div>\n\t\t\t\t\t<\/div>\n\t\t<\/section>\n\t\t\t\t<\/div>\n\t\t","protected":false},"excerpt":{"rendered":"<p><\/p>\n","protected":false},"author":1,"featured_media":0,"parent":0,"menu_order":0,"comment_status":"closed","ping_status":"closed","template":"","meta":{"footnotes":""},"class_list":["post-6777","page","type-page","status-publish","hentry"],"yoast_head":"<!-- This site is optimized with the Yoast SEO plugin v27.5 - https:\/\/yoast.com\/product\/yoast-seo-wordpress\/ -->\n<title>Sobre N\u00f3s<\/title>\n<meta name=\"description\" content=\"O Vitamina P \u00e9 um espa\u00e7o de psicologia, sa\u00fade e bem-estar que tem impacto em v\u00e1rias \u00e1reas de preven\u00e7\u00e3o, diagn\u00f3stico e interven\u00e7\u00e3o.\" \/>\n<meta name=\"robots\" content=\"index, follow, max-snippet:-1, max-image-preview:large, max-video-preview:-1\" \/>\n<link rel=\"canonical\" href=\"https:\/\/vitaminap.pt\/pt\/sobre_nos\/\" \/>\n<meta property=\"og:locale\" content=\"pt_PT\" \/>\n<meta property=\"og:type\" content=\"article\" \/>\n<meta property=\"og:title\" content=\"O que \u00e9 o Vitamina P?\" \/>\n<meta property=\"og:description\" content=\"O Vitamina P \u00e9 um espa\u00e7o de psicologia, sa\u00fade e bem-estar que tem impacto em v\u00e1rias \u00e1reas de preven\u00e7\u00e3o, diagn\u00f3stico e interven\u00e7\u00e3o. Aqui, ajudamos a gerir e reduzir o seu stress do dia-a-dia, a tomar decis\u00f5es importantes para a sua vida e naqueles momentos em que lhe falta o ch\u00e3o.\" \/>\n<meta property=\"og:url\" content=\"https:\/\/vitaminap.pt\/pt\/sobre_nos\/\" \/>\n<meta property=\"og:site_name\" content=\"Vitamina P\" \/>\n<meta property=\"article:publisher\" content=\"https:\/\/www.facebook.com\/vitaminaP.pt\" \/>\n<meta property=\"article:modified_time\" content=\"2024-10-30T14:34:56+00:00\" \/>\n<meta property=\"og:image\" content=\"https:\/\/vitaminap.pt\/pt\/wp-content\/uploads\/2023\/03\/sobre_nos_1.jpg\" \/>\n\t<meta property=\"og:image:width\" content=\"750\" \/>\n\t<meta property=\"og:image:height\" content=\"519\" \/>\n\t<meta property=\"og:image:type\" content=\"image\/jpeg\" \/>\n<meta name=\"twitter:card\" content=\"summary_large_image\" \/>\n<meta name=\"twitter:title\" content=\"O que \u00e9 o Vitamina P?\" \/>\n<meta name=\"twitter:description\" content=\"O Vitamina P \u00e9 um espa\u00e7o de psicologia, sa\u00fade e bem-estar que tem impacto em v\u00e1rias \u00e1reas de preven\u00e7\u00e3o, diagn\u00f3stico e interven\u00e7\u00e3o. Aqui, ajudamos a gerir e reduzir o seu stress do dia-a-dia, a tomar decis\u00f5es importantes para a sua vida e naqueles momentos em que lhe falta o ch\u00e3o.\" \/>\n<meta name=\"twitter:image\" content=\"https:\/\/vitaminap.pt\/pt\/wp-content\/uploads\/2023\/03\/sobre_nos_1.jpg\" \/>\n<meta name=\"twitter:label1\" content=\"Tempo estimado de leitura\" \/>\n\t<meta name=\"twitter:data1\" content=\"1 minuto\" \/>\n<script type=\"application\/ld+json\" class=\"yoast-schema-graph\">{\"@context\":\"https:\\\/\\\/schema.org\",\"@graph\":[{\"@type\":\"WebPage\",\"@id\":\"https:\\\/\\\/vitaminap.pt\\\/pt\\\/sobre_nos\\\/\",\"url\":\"https:\\\/\\\/vitaminap.pt\\\/pt\\\/sobre_nos\\\/\",\"name\":\"Sobre N\u00f3s\",\"isPartOf\":{\"@id\":\"https:\\\/\\\/vitaminap.pt\\\/pt\\\/#website\"},\"primaryImageOfPage\":{\"@id\":\"https:\\\/\\\/vitaminap.pt\\\/pt\\\/sobre_nos\\\/#primaryimage\"},\"image\":{\"@id\":\"https:\\\/\\\/vitaminap.pt\\\/pt\\\/sobre_nos\\\/#primaryimage\"},\"thumbnailUrl\":\"https:\\\/\\\/vitaminap.pt\\\/pt\\\/wp-content\\\/uploads\\\/2023\\\/03\\\/sobre_nos_1.jpg\",\"datePublished\":\"2023-03-24T10:26:56+00:00\",\"dateModified\":\"2024-10-30T14:34:56+00:00\",\"description\":\"O Vitamina P \u00e9 um espa\u00e7o de psicologia, sa\u00fade e bem-estar que tem impacto em v\u00e1rias \u00e1reas de preven\u00e7\u00e3o, diagn\u00f3stico e interven\u00e7\u00e3o.\",\"breadcrumb\":{\"@id\":\"https:\\\/\\\/vitaminap.pt\\\/pt\\\/sobre_nos\\\/#breadcrumb\"},\"inLanguage\":\"pt-PT\",\"potentialAction\":[{\"@type\":\"ReadAction\",\"target\":[\"https:\\\/\\\/vitaminap.pt\\\/pt\\\/sobre_nos\\\/\"]}]},{\"@type\":\"ImageObject\",\"inLanguage\":\"pt-PT\",\"@id\":\"https:\\\/\\\/vitaminap.pt\\\/pt\\\/sobre_nos\\\/#primaryimage\",\"url\":\"https:\\\/\\\/vitaminap.pt\\\/pt\\\/wp-content\\\/uploads\\\/2023\\\/03\\\/sobre_nos_1.jpg\",\"contentUrl\":\"https:\\\/\\\/vitaminap.pt\\\/pt\\\/wp-content\\\/uploads\\\/2023\\\/03\\\/sobre_nos_1.jpg\",\"width\":750,\"height\":519,\"caption\":\"O que \u00e9 o Vitamina P?\"},{\"@type\":\"BreadcrumbList\",\"@id\":\"https:\\\/\\\/vitaminap.pt\\\/pt\\\/sobre_nos\\\/#breadcrumb\",\"itemListElement\":[{\"@type\":\"ListItem\",\"position\":1,\"name\":\"In\u00edcio\",\"item\":\"https:\\\/\\\/vitaminap.pt\\\/pt\\\/\"},{\"@type\":\"ListItem\",\"position\":2,\"name\":\"Sobre N\u00f3s\"}]},{\"@type\":\"WebSite\",\"@id\":\"https:\\\/\\\/vitaminap.pt\\\/pt\\\/#website\",\"url\":\"https:\\\/\\\/vitaminap.pt\\\/pt\\\/\",\"name\":\"Vitamina P\",\"description\":\"psicologia, sa\u00fade P bem-estar\",\"publisher\":{\"@id\":\"https:\\\/\\\/vitaminap.pt\\\/pt\\\/#organization\"},\"potentialAction\":[{\"@type\":\"SearchAction\",\"target\":{\"@type\":\"EntryPoint\",\"urlTemplate\":\"https:\\\/\\\/vitaminap.pt\\\/pt\\\/?s={search_term_string}\"},\"query-input\":{\"@type\":\"PropertyValueSpecification\",\"valueRequired\":true,\"valueName\":\"search_term_string\"}}],\"inLanguage\":\"pt-PT\"},{\"@type\":\"Organization\",\"@id\":\"https:\\\/\\\/vitaminap.pt\\\/pt\\\/#organization\",\"name\":\"Vitamina P\",\"url\":\"https:\\\/\\\/vitaminap.pt\\\/pt\\\/\",\"logo\":{\"@type\":\"ImageObject\",\"inLanguage\":\"pt-PT\",\"@id\":\"https:\\\/\\\/vitaminap.pt\\\/pt\\\/#\\\/schema\\\/logo\\\/image\\\/\",\"url\":\"https:\\\/\\\/vitaminap.pt\\\/pt\\\/wp-content\\\/uploads\\\/2023\\\/03\\\/logo_750_transp.png\",\"contentUrl\":\"https:\\\/\\\/vitaminap.pt\\\/pt\\\/wp-content\\\/uploads\\\/2023\\\/03\\\/logo_750_transp.png\",\"width\":736,\"height\":201,\"caption\":\"Vitamina P\"},\"image\":{\"@id\":\"https:\\\/\\\/vitaminap.pt\\\/pt\\\/#\\\/schema\\\/logo\\\/image\\\/\"},\"sameAs\":[\"https:\\\/\\\/www.facebook.com\\\/vitaminaP.pt\"]}]}<\/script>\n<!-- \/ Yoast SEO plugin. -->","yoast_head_json":{"title":"Sobre N\u00f3s","description":"O Vitamina P \u00e9 um espa\u00e7o de psicologia, sa\u00fade e bem-estar que tem impacto em v\u00e1rias \u00e1reas de preven\u00e7\u00e3o, diagn\u00f3stico e interven\u00e7\u00e3o.","robots":{"index":"index","follow":"follow","max-snippet":"max-snippet:-1","max-image-preview":"max-image-preview:large","max-video-preview":"max-video-preview:-1"},"canonical":"https:\/\/vitaminap.pt\/pt\/sobre_nos\/","og_locale":"pt_PT","og_type":"article","og_title":"O que \u00e9 o Vitamina P?","og_description":"O Vitamina P \u00e9 um espa\u00e7o de psicologia, sa\u00fade e bem-estar que tem impacto em v\u00e1rias \u00e1reas de preven\u00e7\u00e3o, diagn\u00f3stico e interven\u00e7\u00e3o. Aqui, ajudamos a gerir e reduzir o seu stress do dia-a-dia, a tomar decis\u00f5es importantes para a sua vida e naqueles momentos em que lhe falta o ch\u00e3o.","og_url":"https:\/\/vitaminap.pt\/pt\/sobre_nos\/","og_site_name":"Vitamina P","article_publisher":"https:\/\/www.facebook.com\/vitaminaP.pt","article_modified_time":"2024-10-30T14:34:56+00:00","og_image":[{"width":750,"height":519,"url":"https:\/\/vitaminap.pt\/pt\/wp-content\/uploads\/2023\/03\/sobre_nos_1.jpg","type":"image\/jpeg"}],"twitter_card":"summary_large_image","twitter_title":"O que \u00e9 o Vitamina P?","twitter_description":"O Vitamina P \u00e9 um espa\u00e7o de psicologia, sa\u00fade e bem-estar que tem impacto em v\u00e1rias \u00e1reas de preven\u00e7\u00e3o, diagn\u00f3stico e interven\u00e7\u00e3o. Aqui, ajudamos a gerir e reduzir o seu stress do dia-a-dia, a tomar decis\u00f5es importantes para a sua vida e naqueles momentos em que lhe falta o ch\u00e3o.","twitter_image":"https:\/\/vitaminap.pt\/pt\/wp-content\/uploads\/2023\/03\/sobre_nos_1.jpg","twitter_misc":{"Tempo estimado de leitura":"1 minuto"},"schema":{"@context":"https:\/\/schema.org","@graph":[{"@type":"WebPage","@id":"https:\/\/vitaminap.pt\/pt\/sobre_nos\/","url":"https:\/\/vitaminap.pt\/pt\/sobre_nos\/","name":"Sobre N\u00f3s","isPartOf":{"@id":"https:\/\/vitaminap.pt\/pt\/#website"},"primaryImageOfPage":{"@id":"https:\/\/vitaminap.pt\/pt\/sobre_nos\/#primaryimage"},"image":{"@id":"https:\/\/vitaminap.pt\/pt\/sobre_nos\/#primaryimage"},"thumbnailUrl":"https:\/\/vitaminap.pt\/pt\/wp-content\/uploads\/2023\/03\/sobre_nos_1.jpg","datePublished":"2023-03-24T10:26:56+00:00","dateModified":"2024-10-30T14:34:56+00:00","description":"O Vitamina P \u00e9 um espa\u00e7o de psicologia, sa\u00fade e bem-estar que tem impacto em v\u00e1rias \u00e1reas de preven\u00e7\u00e3o, diagn\u00f3stico e interven\u00e7\u00e3o.","breadcrumb":{"@id":"https:\/\/vitaminap.pt\/pt\/sobre_nos\/#breadcrumb"},"inLanguage":"pt-PT","potentialAction":[{"@type":"ReadAction","target":["https:\/\/vitaminap.pt\/pt\/sobre_nos\/"]}]},{"@type":"ImageObject","inLanguage":"pt-PT","@id":"https:\/\/vitaminap.pt\/pt\/sobre_nos\/#primaryimage","url":"https:\/\/vitaminap.pt\/pt\/wp-content\/uploads\/2023\/03\/sobre_nos_1.jpg","contentUrl":"https:\/\/vitaminap.pt\/pt\/wp-content\/uploads\/2023\/03\/sobre_nos_1.jpg","width":750,"height":519,"caption":"O que \u00e9 o Vitamina P?"},{"@type":"BreadcrumbList","@id":"https:\/\/vitaminap.pt\/pt\/sobre_nos\/#breadcrumb","itemListElement":[{"@type":"ListItem","position":1,"name":"In\u00edcio","item":"https:\/\/vitaminap.pt\/pt\/"},{"@type":"ListItem","position":2,"name":"Sobre N\u00f3s"}]},{"@type":"WebSite","@id":"https:\/\/vitaminap.pt\/pt\/#website","url":"https:\/\/vitaminap.pt\/pt\/","name":"Vitamina P","description":"psicologia, sa\u00fade P bem-estar","publisher":{"@id":"https:\/\/vitaminap.pt\/pt\/#organization"},"potentialAction":[{"@type":"SearchAction","target":{"@type":"EntryPoint","urlTemplate":"https:\/\/vitaminap.pt\/pt\/?s={search_term_string}"},"query-input":{"@type":"PropertyValueSpecification","valueRequired":true,"valueName":"search_term_string"}}],"inLanguage":"pt-PT"},{"@type":"Organization","@id":"https:\/\/vitaminap.pt\/pt\/#organization","name":"Vitamina P","url":"https:\/\/vitaminap.pt\/pt\/","logo":{"@type":"ImageObject","inLanguage":"pt-PT","@id":"https:\/\/vitaminap.pt\/pt\/#\/schema\/logo\/image\/","url":"https:\/\/vitaminap.pt\/pt\/wp-content\/uploads\/2023\/03\/logo_750_transp.png","contentUrl":"https:\/\/vitaminap.pt\/pt\/wp-content\/uploads\/2023\/03\/logo_750_transp.png","width":736,"height":201,"caption":"Vitamina P"},"image":{"@id":"https:\/\/vitaminap.pt\/pt\/#\/schema\/logo\/image\/"},"sameAs":["https:\/\/www.facebook.com\/vitaminaP.pt"]}]}},"_links":{"self":[{"href":"https:\/\/vitaminap.pt\/pt\/wp-json\/wp\/v2\/pages\/6777","targetHints":{"allow":["GET"]}}],"collection":[{"href":"https:\/\/vitaminap.pt\/pt\/wp-json\/wp\/v2\/pages"}],"about":[{"href":"https:\/\/vitaminap.pt\/pt\/wp-json\/wp\/v2\/types\/page"}],"author":[{"embeddable":true,"href":"https:\/\/vitaminap.pt\/pt\/wp-json\/wp\/v2\/users\/1"}],"replies":[{"embeddable":true,"href":"https:\/\/vitaminap.pt\/pt\/wp-json\/wp\/v2\/comments?post=6777"}],"version-history":[{"count":7,"href":"https:\/\/vitaminap.pt\/pt\/wp-json\/wp\/v2\/pages\/6777\/revisions"}],"predecessor-version":[{"id":8571,"href":"https:\/\/vitaminap.pt\/pt\/wp-json\/wp\/v2\/pages\/6777\/revisions\/8571"}],"wp:attachment":[{"href":"https:\/\/vitaminap.pt\/pt\/wp-json\/wp\/v2\/media?parent=6777"}],"curies":[{"name":"wp","href":"https:\/\/api.w.org\/{rel}","templated":true}]}}