{"id":6972,"date":"2023-04-11T09:53:44","date_gmt":"2023-04-11T09:53:44","guid":{"rendered":"https:\/\/vitaminap.pt\/pt\/?page_id=6972"},"modified":"2024-10-30T14:02:20","modified_gmt":"2024-10-30T14:02:20","slug":"psicomotricidade","status":"publish","type":"page","link":"https:\/\/vitaminap.pt\/pt\/psicomotricidade\/","title":{"rendered":"Psicomotricidade\u00a0"},"content":{"rendered":"\t\t<div data-elementor-type=\"wp-post\" data-elementor-id=\"6972\" class=\"elementor elementor-6972\" data-elementor-post-type=\"page\">\n\t\t\t\t\t\t<section class=\"elementor-section elementor-top-section elementor-element elementor-element-676ad05d thim_1_col_tablet elementor-section-boxed elementor-section-height-default elementor-section-height-default\" data-id=\"676ad05d\" data-element_type=\"section\" data-e-type=\"section\">\n\t\t\t\t\t\t<div class=\"elementor-container elementor-column-gap-extended\">\n\t\t\t\t\t<div class=\"elementor-column elementor-col-50 elementor-top-column elementor-element elementor-element-31972011\" data-id=\"31972011\" data-element_type=\"column\" data-e-type=\"column\">\n\t\t\t<div class=\"elementor-widget-wrap elementor-element-populated\">\n\t\t\t\t\t\t<div class=\"elementor-element elementor-element-1de68135 elementor-widget elementor-widget-wp-widget-text\" data-id=\"1de68135\" data-element_type=\"widget\" data-e-type=\"widget\" data-widget_type=\"wp-widget-text.default\">\n\t\t\t\t<div class=\"elementor-widget-container\">\n\t\t\t\t\t<h5>PSICOMOTRICIDADE<\/h5>\t\t\t<div class=\"textwidget\"><\/div>\n\t\t\t\t\t\t<\/div>\n\t\t\t\t<\/div>\n\t\t\t\t<div class=\"elementor-element elementor-element-3886378 elementor-widget elementor-widget-wp-widget-text\" data-id=\"3886378\" data-element_type=\"widget\" data-e-type=\"widget\" data-widget_type=\"wp-widget-text.default\">\n\t\t\t\t<div class=\"elementor-widget-container\">\n\t\t\t\t\t\t\t\t<div class=\"textwidget\"><p><span style=\"font-weight: 400\">A psicomotricidade \u00e9 uma terapia de media\u00e7\u00e3o corporal, que procura a intencionalidade do gesto, observando o ser como um todo. Tem como objetivo tornar funcional a rela\u00e7\u00e3o do ser consigo mesmo, com o objeto, com o espa\u00e7o e com o outro.<\/span><\/p>\n<p><span style=\"font-weight: 400\">\u00c9 um contributo para o desenvolvimento global do indiv\u00edduo e para a promo\u00e7\u00e3o da sua sa\u00fade e qualidade de vida.<\/span><\/p>\n<\/div>\n\t\t\t\t\t\t<\/div>\n\t\t\t\t<\/div>\n\t\t\t\t\t<\/div>\n\t\t<\/div>\n\t\t\t\t<div class=\"elementor-column elementor-col-50 elementor-top-column elementor-element elementor-element-750bb3ac\" data-id=\"750bb3ac\" data-element_type=\"column\" data-e-type=\"column\">\n\t\t\t<div class=\"elementor-widget-wrap elementor-element-populated\">\n\t\t\t\t\t\t<div class=\"elementor-element elementor-element-54a4e840 elementor-widget elementor-widget-image\" data-id=\"54a4e840\" data-element_type=\"widget\" data-e-type=\"widget\" data-widget_type=\"image.default\">\n\t\t\t\t<div class=\"elementor-widget-container\">\n\t\t\t\t\t\t\t\t\t\t\t\t\t\t\t<img fetchpriority=\"high\" decoding=\"async\" width=\"500\" height=\"333\" src=\"https:\/\/vitaminap.pt\/pt\/wp-content\/uploads\/2024\/04\/shutterstock_1646469193_m1.png\" class=\"attachment-full size-full wp-image-8176\" alt=\"Psicomotricidade\" srcset=\"https:\/\/vitaminap.pt\/pt\/wp-content\/uploads\/2024\/04\/shutterstock_1646469193_m1.png 500w, https:\/\/vitaminap.pt\/pt\/wp-content\/uploads\/2024\/04\/shutterstock_1646469193_m1-300x200.png 300w\" sizes=\"(max-width: 500px) 100vw, 500px\" \/>\t\t\t\t\t\t\t\t\t\t\t\t\t\t\t<\/div>\n\t\t\t\t<\/div>\n\t\t\t\t\t<\/div>\n\t\t<\/div>\n\t\t\t\t\t<\/div>\n\t\t<\/section>\n\t\t\t\t<section class=\"elementor-section elementor-top-section elementor-element elementor-element-01d7d9f thim_1_col_tablet elementor-section-boxed elementor-section-height-default elementor-section-height-default\" data-id=\"01d7d9f\" data-element_type=\"section\" data-e-type=\"section\">\n\t\t\t\t\t\t<div class=\"elementor-container elementor-column-gap-extended\">\n\t\t\t\t\t<div class=\"elementor-column elementor-col-100 elementor-top-column elementor-element elementor-element-f2a3738\" data-id=\"f2a3738\" data-element_type=\"column\" data-e-type=\"column\">\n\t\t\t<div class=\"elementor-widget-wrap elementor-element-populated\">\n\t\t\t\t\t\t<div class=\"elementor-element elementor-element-c697bae elementor-widget elementor-widget-wp-widget-text\" data-id=\"c697bae\" data-element_type=\"widget\" data-e-type=\"widget\" data-widget_type=\"wp-widget-text.default\">\n\t\t\t\t<div class=\"elementor-widget-container\">\n\t\t\t\t\t\t\t\t<div class=\"textwidget\"><p><span style=\"font-weight: 400\">Esta \u00e1rea destina-se a todas as faixas et\u00e1rias, trabalhando no \u00e2mbito terap\u00eautico, reabilitativo, reeducativo e\/ou preventivo, nas mais diversas situa\u00e7\u00f5es:<\/span><\/p>\n<ul>\n<li style=\"font-weight: 400\"><span style=\"font-weight: 400\">No \u00e2mbito preventivo, em indiv\u00edduos saud\u00e1veis ou em situa\u00e7\u00e3o de risco, numa l\u00f3gica de desenvolvimento do seu potencial individual e de intera\u00e7\u00e3o, pretendendo-se estimular o desenvolvimento psicomotor, o potencial de aprendizagem e a melhoria ou manuten\u00e7\u00e3o de compet\u00eancias de autonomia em todas as fases da vida;<\/span><\/li>\n<li style=\"font-weight: 400\"><span style=\"font-weight: 400\">No \u00e2mbito reeducativo e terap\u00eautico, dirigido a indiv\u00edduos com problemas de desenvolvimento, aprendizagem e comportamento.<\/span><\/li>\n<\/ul>\n<p><span style=\"font-weight: 400\">\u00c9 indicada para quest\u00f5es:<\/span><\/p>\n<ul>\n<li style=\"font-weight: 400\"><span style=\"font-weight: 400\">Cognitivas (aten\u00e7\u00e3o, concentra\u00e7\u00e3o, mem\u00f3ria, linguagem);<\/span><\/li>\n<li style=\"font-weight: 400\"><span style=\"font-weight: 400\">Psico-afetivas (express\u00e3o dos afetos, gest\u00e3o emocional);<\/span><\/li>\n<li style=\"font-weight: 400\"><span style=\"font-weight: 400\">de Aprendizagem (dislexia, disortografia, discaligrafia);<\/span><\/li>\n<li style=\"font-weight: 400\"><span style=\"font-weight: 400\">Motoras (tonicidade, equil\u00edbrio, lateralidade, no\u00e7\u00e3o do corpo, organiza\u00e7\u00e3o espacial e temporal e motricidade global e fina);<\/span><\/li>\n<li style=\"font-weight: 400\"><span style=\"font-weight: 400\">Sociais (promo\u00e7\u00e3o de compet\u00eancias pessoais e sociais).<\/span><\/li>\n<\/ul>\n<p>&nbsp;<\/p>\n<p><b>Psicomotricidade em meio aqu\u00e1tico\u2026<\/b><\/p>\n<p><span style=\"font-weight: 400\">Porqu\u00ea o meio aqu\u00e1tico?<\/span><\/p>\n<ul>\n<li style=\"font-weight: 400\"><span style=\"font-weight: 400\">Reduz o impacto do peso;<\/span><\/li>\n<li style=\"font-weight: 400\"><span style=\"font-weight: 400\">Aumenta os est\u00edmulos sensitivos;<\/span><\/li>\n<li style=\"font-weight: 400\"><span style=\"font-weight: 400\">Promove o relaxamento muscular, de acordo com a temperatura;<\/span><\/li>\n<li style=\"font-weight: 400\"><span style=\"font-weight: 400\">Reduz a compress\u00e3o nas articula\u00e7\u00f5es e facilita o exerc\u00edcio;<\/span><\/li>\n<li style=\"font-weight: 400\"><span style=\"font-weight: 400\">Aumenta o retorno venoso.<\/span><\/li>\n<\/ul>\n<p><span style=\"font-weight: 400\">Utiliza-se o meio aqu\u00e1tico para desenvolver:<\/span><\/p>\n<ul>\n<li style=\"font-weight: 400\"><span style=\"font-weight: 400\">Conceitos de lateralidade, no\u00e7\u00e3o do corpo, de tempo e de espa\u00e7o;<\/span><\/li>\n<li style=\"font-weight: 400\"><span style=\"font-weight: 400\">Postura, equil\u00edbrio e tonicidade;<\/span><\/li>\n<li style=\"font-weight: 400\"><span style=\"font-weight: 400\">Relaxamento muscular;<\/span><\/li>\n<li style=\"font-weight: 400\"><span style=\"font-weight: 400\">Fun\u00e7\u00f5es cognitivas.<\/span><\/li>\n<\/ul>\n<\/div>\n\t\t\t\t\t\t<\/div>\n\t\t\t\t<\/div>\n\t\t\t\t\t<\/div>\n\t\t<\/div>\n\t\t\t\t\t<\/div>\n\t\t<\/section>\n\t\t\t\t<section class=\"elementor-section elementor-top-section elementor-element elementor-element-21d04fe elementor-section-boxed elementor-section-height-default elementor-section-height-default\" data-id=\"21d04fe\" data-element_type=\"section\" data-e-type=\"section\">\n\t\t\t\t\t\t<div class=\"elementor-container elementor-column-gap-default\">\n\t\t\t\t\t<div class=\"elementor-column elementor-col-100 elementor-top-column elementor-element elementor-element-b99852e\" data-id=\"b99852e\" data-element_type=\"column\" data-e-type=\"column\">\n\t\t\t<div class=\"elementor-widget-wrap elementor-element-populated\">\n\t\t\t\t\t\t<div class=\"elementor-element elementor-element-a1900a1 elementor-widget elementor-widget-thim-our-team\" data-id=\"a1900a1\" data-element_type=\"widget\" data-e-type=\"widget\" data-widget_type=\"thim-our-team.default\">\n\t\t\t\t<div class=\"elementor-widget-container\">\n\t\t\t\t\t<div class=\"wrapper-lists-our-team \"><a class=\"join-our-team\" href=\"https:\/\/vitaminap.pt\/pt\/a-nossa-equipa\/\" title=\"Equipa\">Equipa<\/a><div class=\"row\"><div class=\"our-team-item col-sm-3\"><div class=\"our-team-image\"> <img decoding=\"async\" data-src=\"https:\/\/vitaminap.pt\/pt\/wp-content\/uploads\/2024\/04\/Catarina-Loureiro_320-200x200.png\" alt=\"Catarina Loureiro\" title=\"Catarina Loureiro\"  width=\"200\" height=\"200\" src=\"data:image\/svg+xml;base64,PHN2ZyB3aWR0aD0iMSIgaGVpZ2h0PSIxIiB4bWxucz0iaHR0cDovL3d3dy53My5vcmcvMjAwMC9zdmciPjwvc3ZnPg==\" class=\"lazyload\" style=\"--smush-placeholder-width: 200px; --smush-placeholder-aspect-ratio: 200\/200;\"><div class=\"social-team\"><\/div><\/div><div class=\"content-team\"><h4 class=\"title\"><a href=\"https:\/\/vitaminap.pt\/pt\/our_team\/catarina-loureiro\/\">Catarina Loureiro<\/a><\/h4><\/div><\/div><div class=\"our-team-item col-sm-3\"><div class=\"our-team-image\"> <img decoding=\"async\" data-src=\"https:\/\/vitaminap.pt\/pt\/wp-content\/uploads\/2024\/04\/Joana-Lima_320-200x200.png\" alt=\"Joana Lima\" title=\"Joana Lima\"  width=\"200\" height=\"200\" src=\"data:image\/svg+xml;base64,PHN2ZyB3aWR0aD0iMSIgaGVpZ2h0PSIxIiB4bWxucz0iaHR0cDovL3d3dy53My5vcmcvMjAwMC9zdmciPjwvc3ZnPg==\" class=\"lazyload\" style=\"--smush-placeholder-width: 200px; --smush-placeholder-aspect-ratio: 200\/200;\"><div class=\"social-team\"><\/div><\/div><div class=\"content-team\"><h4 class=\"title\"><a href=\"https:\/\/vitaminap.pt\/pt\/our_team\/joana-lima-2\/\">Joana Lima<\/a><\/h4><\/div><\/div><\/div><\/div>\t\t\t\t<\/div>\n\t\t\t\t<\/div>\n\t\t\t\t\t<\/div>\n\t\t<\/div>\n\t\t\t\t\t<\/div>\n\t\t<\/section>\n\t\t\t\t<\/div>\n\t\t","protected":false},"excerpt":{"rendered":"<p>S\u00f3cio da Associa\u00e7\u00e3o Portuguesa de Psicomotricidade: 1248<br \/>\nPsicomotricidade, Apoio Psicopedag\u00f3gico, Crian\u00e7as com NEE, Avalia\u00e7\u00e3o<br \/>\n&nbsp;<br \/>\nExperi\u00eancia Profissional<br \/>\nDesde 2014<br \/>\nPsicomotricista | Escola Raiz<br \/>\n2012 \u2013 2014<br \/>\nPsicomotricista | Lar Casal de S\u00e3o Br\u00e1s<br \/>\nPsicomotricista\/Professora de apoio no N\u00facleo Terap\u00eautico e <\/p>\n","protected":false},"author":4,"featured_media":6973,"parent":0,"menu_order":0,"comment_status":"closed","ping_status":"closed","template":"","meta":{"footnotes":""},"class_list":["post-6972","page","type-page","status-publish","has-post-thumbnail","hentry"],"yoast_head":"<!-- This site is optimized with the Yoast SEO plugin v27.5 - https:\/\/yoast.com\/product\/yoast-seo-wordpress\/ -->\n<title>Psicomotricidade\u00a0<\/title>\n<meta name=\"description\" content=\"A Psicomotricidade \u00e9 uma terapia de media\u00e7\u00e3o corporal, que procura a intencionalidade do gesto, observando o ser como um todo.\" \/>\n<meta name=\"robots\" content=\"index, follow, max-snippet:-1, max-image-preview:large, max-video-preview:-1\" \/>\n<link rel=\"canonical\" href=\"https:\/\/vitaminap.pt\/pt\/psicomotricidade\/\" \/>\n<meta property=\"og:locale\" content=\"pt_PT\" \/>\n<meta property=\"og:type\" content=\"article\" \/>\n<meta property=\"og:title\" content=\"Psicomotricidade\" \/>\n<meta property=\"og:description\" content=\"A Psicomotricidade \u00e9 uma terapia de media\u00e7\u00e3o corporal, que procura a intencionalidade do gesto, observando o ser como um todo.\" \/>\n<meta property=\"og:url\" content=\"https:\/\/vitaminap.pt\/pt\/psicomotricidade\/\" \/>\n<meta property=\"og:site_name\" content=\"Vitamina P\" \/>\n<meta property=\"article:publisher\" content=\"https:\/\/www.facebook.com\/vitaminaP.pt\" \/>\n<meta property=\"article:modified_time\" content=\"2024-10-30T14:02:20+00:00\" \/>\n<meta property=\"og:image\" content=\"https:\/\/vitaminap.pt\/pt\/wp-content\/uploads\/2023\/04\/areas_3_psicomotricidade.jpg\" \/>\n\t<meta property=\"og:image:width\" content=\"750\" \/>\n\t<meta property=\"og:image:height\" content=\"500\" \/>\n\t<meta property=\"og:image:type\" content=\"image\/jpeg\" \/>\n<meta name=\"twitter:card\" content=\"summary_large_image\" \/>\n<meta name=\"twitter:title\" content=\"Psicomotricidade\" \/>\n<meta name=\"twitter:description\" content=\"A Psicomotricidade \u00e9 uma terapia de media\u00e7\u00e3o corporal, que procura a intencionalidade do gesto, observando o ser como um todo.\" \/>\n<meta name=\"twitter:image\" content=\"https:\/\/vitaminap.pt\/pt\/wp-content\/uploads\/2023\/04\/areas_3_psicomotricidade.jpg\" \/>\n<meta name=\"twitter:label1\" content=\"Tempo estimado de leitura\" \/>\n\t<meta name=\"twitter:data1\" content=\"1 minuto\" \/>\n<script type=\"application\/ld+json\" class=\"yoast-schema-graph\">{\"@context\":\"https:\\\/\\\/schema.org\",\"@graph\":[{\"@type\":\"WebPage\",\"@id\":\"https:\\\/\\\/vitaminap.pt\\\/pt\\\/psicomotricidade\\\/\",\"url\":\"https:\\\/\\\/vitaminap.pt\\\/pt\\\/psicomotricidade\\\/\",\"name\":\"Psicomotricidade\u00a0\",\"isPartOf\":{\"@id\":\"https:\\\/\\\/vitaminap.pt\\\/pt\\\/#website\"},\"primaryImageOfPage\":{\"@id\":\"https:\\\/\\\/vitaminap.pt\\\/pt\\\/psicomotricidade\\\/#primaryimage\"},\"image\":{\"@id\":\"https:\\\/\\\/vitaminap.pt\\\/pt\\\/psicomotricidade\\\/#primaryimage\"},\"thumbnailUrl\":\"https:\\\/\\\/vitaminap.pt\\\/pt\\\/wp-content\\\/uploads\\\/2023\\\/04\\\/areas_3_psicomotricidade.jpg\",\"datePublished\":\"2023-04-11T09:53:44+00:00\",\"dateModified\":\"2024-10-30T14:02:20+00:00\",\"description\":\"A Psicomotricidade \u00e9 uma terapia de media\u00e7\u00e3o corporal, que procura a intencionalidade do gesto, observando o ser como um todo.\",\"breadcrumb\":{\"@id\":\"https:\\\/\\\/vitaminap.pt\\\/pt\\\/psicomotricidade\\\/#breadcrumb\"},\"inLanguage\":\"pt-PT\",\"potentialAction\":[{\"@type\":\"ReadAction\",\"target\":[\"https:\\\/\\\/vitaminap.pt\\\/pt\\\/psicomotricidade\\\/\"]}]},{\"@type\":\"ImageObject\",\"inLanguage\":\"pt-PT\",\"@id\":\"https:\\\/\\\/vitaminap.pt\\\/pt\\\/psicomotricidade\\\/#primaryimage\",\"url\":\"https:\\\/\\\/vitaminap.pt\\\/pt\\\/wp-content\\\/uploads\\\/2023\\\/04\\\/areas_3_psicomotricidade.jpg\",\"contentUrl\":\"https:\\\/\\\/vitaminap.pt\\\/pt\\\/wp-content\\\/uploads\\\/2023\\\/04\\\/areas_3_psicomotricidade.jpg\",\"width\":750,\"height\":500,\"caption\":\"psicomotricidade\"},{\"@type\":\"BreadcrumbList\",\"@id\":\"https:\\\/\\\/vitaminap.pt\\\/pt\\\/psicomotricidade\\\/#breadcrumb\",\"itemListElement\":[{\"@type\":\"ListItem\",\"position\":1,\"name\":\"In\u00edcio\",\"item\":\"https:\\\/\\\/vitaminap.pt\\\/pt\\\/\"},{\"@type\":\"ListItem\",\"position\":2,\"name\":\"Psicomotricidade\u00a0\"}]},{\"@type\":\"WebSite\",\"@id\":\"https:\\\/\\\/vitaminap.pt\\\/pt\\\/#website\",\"url\":\"https:\\\/\\\/vitaminap.pt\\\/pt\\\/\",\"name\":\"Vitamina P\",\"description\":\"psicologia, sa\u00fade P bem-estar\",\"publisher\":{\"@id\":\"https:\\\/\\\/vitaminap.pt\\\/pt\\\/#organization\"},\"potentialAction\":[{\"@type\":\"SearchAction\",\"target\":{\"@type\":\"EntryPoint\",\"urlTemplate\":\"https:\\\/\\\/vitaminap.pt\\\/pt\\\/?s={search_term_string}\"},\"query-input\":{\"@type\":\"PropertyValueSpecification\",\"valueRequired\":true,\"valueName\":\"search_term_string\"}}],\"inLanguage\":\"pt-PT\"},{\"@type\":\"Organization\",\"@id\":\"https:\\\/\\\/vitaminap.pt\\\/pt\\\/#organization\",\"name\":\"Vitamina P\",\"url\":\"https:\\\/\\\/vitaminap.pt\\\/pt\\\/\",\"logo\":{\"@type\":\"ImageObject\",\"inLanguage\":\"pt-PT\",\"@id\":\"https:\\\/\\\/vitaminap.pt\\\/pt\\\/#\\\/schema\\\/logo\\\/image\\\/\",\"url\":\"https:\\\/\\\/vitaminap.pt\\\/pt\\\/wp-content\\\/uploads\\\/2023\\\/03\\\/logo_750_transp.png\",\"contentUrl\":\"https:\\\/\\\/vitaminap.pt\\\/pt\\\/wp-content\\\/uploads\\\/2023\\\/03\\\/logo_750_transp.png\",\"width\":736,\"height\":201,\"caption\":\"Vitamina P\"},\"image\":{\"@id\":\"https:\\\/\\\/vitaminap.pt\\\/pt\\\/#\\\/schema\\\/logo\\\/image\\\/\"},\"sameAs\":[\"https:\\\/\\\/www.facebook.com\\\/vitaminaP.pt\"]}]}<\/script>\n<!-- \/ Yoast SEO plugin. -->","yoast_head_json":{"title":"Psicomotricidade\u00a0","description":"A Psicomotricidade \u00e9 uma terapia de media\u00e7\u00e3o corporal, que procura a intencionalidade do gesto, observando o ser como um todo.","robots":{"index":"index","follow":"follow","max-snippet":"max-snippet:-1","max-image-preview":"max-image-preview:large","max-video-preview":"max-video-preview:-1"},"canonical":"https:\/\/vitaminap.pt\/pt\/psicomotricidade\/","og_locale":"pt_PT","og_type":"article","og_title":"Psicomotricidade","og_description":"A Psicomotricidade \u00e9 uma terapia de media\u00e7\u00e3o corporal, que procura a intencionalidade do gesto, observando o ser como um todo.","og_url":"https:\/\/vitaminap.pt\/pt\/psicomotricidade\/","og_site_name":"Vitamina P","article_publisher":"https:\/\/www.facebook.com\/vitaminaP.pt","article_modified_time":"2024-10-30T14:02:20+00:00","og_image":[{"width":750,"height":500,"url":"https:\/\/vitaminap.pt\/pt\/wp-content\/uploads\/2023\/04\/areas_3_psicomotricidade.jpg","type":"image\/jpeg"}],"twitter_card":"summary_large_image","twitter_title":"Psicomotricidade","twitter_description":"A Psicomotricidade \u00e9 uma terapia de media\u00e7\u00e3o corporal, que procura a intencionalidade do gesto, observando o ser como um todo.","twitter_image":"https:\/\/vitaminap.pt\/pt\/wp-content\/uploads\/2023\/04\/areas_3_psicomotricidade.jpg","twitter_misc":{"Tempo estimado de leitura":"1 minuto"},"schema":{"@context":"https:\/\/schema.org","@graph":[{"@type":"WebPage","@id":"https:\/\/vitaminap.pt\/pt\/psicomotricidade\/","url":"https:\/\/vitaminap.pt\/pt\/psicomotricidade\/","name":"Psicomotricidade\u00a0","isPartOf":{"@id":"https:\/\/vitaminap.pt\/pt\/#website"},"primaryImageOfPage":{"@id":"https:\/\/vitaminap.pt\/pt\/psicomotricidade\/#primaryimage"},"image":{"@id":"https:\/\/vitaminap.pt\/pt\/psicomotricidade\/#primaryimage"},"thumbnailUrl":"https:\/\/vitaminap.pt\/pt\/wp-content\/uploads\/2023\/04\/areas_3_psicomotricidade.jpg","datePublished":"2023-04-11T09:53:44+00:00","dateModified":"2024-10-30T14:02:20+00:00","description":"A Psicomotricidade \u00e9 uma terapia de media\u00e7\u00e3o corporal, que procura a intencionalidade do gesto, observando o ser como um todo.","breadcrumb":{"@id":"https:\/\/vitaminap.pt\/pt\/psicomotricidade\/#breadcrumb"},"inLanguage":"pt-PT","potentialAction":[{"@type":"ReadAction","target":["https:\/\/vitaminap.pt\/pt\/psicomotricidade\/"]}]},{"@type":"ImageObject","inLanguage":"pt-PT","@id":"https:\/\/vitaminap.pt\/pt\/psicomotricidade\/#primaryimage","url":"https:\/\/vitaminap.pt\/pt\/wp-content\/uploads\/2023\/04\/areas_3_psicomotricidade.jpg","contentUrl":"https:\/\/vitaminap.pt\/pt\/wp-content\/uploads\/2023\/04\/areas_3_psicomotricidade.jpg","width":750,"height":500,"caption":"psicomotricidade"},{"@type":"BreadcrumbList","@id":"https:\/\/vitaminap.pt\/pt\/psicomotricidade\/#breadcrumb","itemListElement":[{"@type":"ListItem","position":1,"name":"In\u00edcio","item":"https:\/\/vitaminap.pt\/pt\/"},{"@type":"ListItem","position":2,"name":"Psicomotricidade\u00a0"}]},{"@type":"WebSite","@id":"https:\/\/vitaminap.pt\/pt\/#website","url":"https:\/\/vitaminap.pt\/pt\/","name":"Vitamina P","description":"psicologia, sa\u00fade P bem-estar","publisher":{"@id":"https:\/\/vitaminap.pt\/pt\/#organization"},"potentialAction":[{"@type":"SearchAction","target":{"@type":"EntryPoint","urlTemplate":"https:\/\/vitaminap.pt\/pt\/?s={search_term_string}"},"query-input":{"@type":"PropertyValueSpecification","valueRequired":true,"valueName":"search_term_string"}}],"inLanguage":"pt-PT"},{"@type":"Organization","@id":"https:\/\/vitaminap.pt\/pt\/#organization","name":"Vitamina P","url":"https:\/\/vitaminap.pt\/pt\/","logo":{"@type":"ImageObject","inLanguage":"pt-PT","@id":"https:\/\/vitaminap.pt\/pt\/#\/schema\/logo\/image\/","url":"https:\/\/vitaminap.pt\/pt\/wp-content\/uploads\/2023\/03\/logo_750_transp.png","contentUrl":"https:\/\/vitaminap.pt\/pt\/wp-content\/uploads\/2023\/03\/logo_750_transp.png","width":736,"height":201,"caption":"Vitamina P"},"image":{"@id":"https:\/\/vitaminap.pt\/pt\/#\/schema\/logo\/image\/"},"sameAs":["https:\/\/www.facebook.com\/vitaminaP.pt"]}]}},"_links":{"self":[{"href":"https:\/\/vitaminap.pt\/pt\/wp-json\/wp\/v2\/pages\/6972","targetHints":{"allow":["GET"]}}],"collection":[{"href":"https:\/\/vitaminap.pt\/pt\/wp-json\/wp\/v2\/pages"}],"about":[{"href":"https:\/\/vitaminap.pt\/pt\/wp-json\/wp\/v2\/types\/page"}],"author":[{"embeddable":true,"href":"https:\/\/vitaminap.pt\/pt\/wp-json\/wp\/v2\/users\/4"}],"replies":[{"embeddable":true,"href":"https:\/\/vitaminap.pt\/pt\/wp-json\/wp\/v2\/comments?post=6972"}],"version-history":[{"count":6,"href":"https:\/\/vitaminap.pt\/pt\/wp-json\/wp\/v2\/pages\/6972\/revisions"}],"predecessor-version":[{"id":8569,"href":"https:\/\/vitaminap.pt\/pt\/wp-json\/wp\/v2\/pages\/6972\/revisions\/8569"}],"wp:featuredmedia":[{"embeddable":true,"href":"https:\/\/vitaminap.pt\/pt\/wp-json\/wp\/v2\/media\/6973"}],"wp:attachment":[{"href":"https:\/\/vitaminap.pt\/pt\/wp-json\/wp\/v2\/media?parent=6972"}],"curies":[{"name":"wp","href":"https:\/\/api.w.org\/{rel}","templated":true}]}}