{"id":6998,"date":"2023-04-11T10:24:55","date_gmt":"2023-04-11T10:24:55","guid":{"rendered":"https:\/\/vitaminap.pt\/pt\/?page_id=6998"},"modified":"2024-10-30T13:03:01","modified_gmt":"2024-10-30T13:03:01","slug":"criancas-com-nee","status":"publish","type":"page","link":"https:\/\/vitaminap.pt\/pt\/criancas-com-nee\/","title":{"rendered":"Crian\u00e7as com NEE"},"content":{"rendered":"\t\t<div data-elementor-type=\"wp-post\" data-elementor-id=\"6998\" class=\"elementor elementor-6998\" data-elementor-post-type=\"page\">\n\t\t\t\t\t\t<section class=\"elementor-section elementor-top-section elementor-element elementor-element-676ad05d thim_1_col_tablet elementor-section-boxed elementor-section-height-default elementor-section-height-default\" data-id=\"676ad05d\" data-element_type=\"section\" data-e-type=\"section\">\n\t\t\t\t\t\t<div class=\"elementor-container elementor-column-gap-extended\">\n\t\t\t\t\t<div class=\"elementor-column elementor-col-50 elementor-top-column elementor-element elementor-element-31972011\" data-id=\"31972011\" data-element_type=\"column\" data-e-type=\"column\">\n\t\t\t<div class=\"elementor-widget-wrap elementor-element-populated\">\n\t\t\t\t\t\t<div class=\"elementor-element elementor-element-1de68135 elementor-widget elementor-widget-wp-widget-text\" data-id=\"1de68135\" data-element_type=\"widget\" data-e-type=\"widget\" data-widget_type=\"wp-widget-text.default\">\n\t\t\t\t<div class=\"elementor-widget-container\">\n\t\t\t\t\t<h5>O acompanhamento de crian\u00e7as com NEE<\/h5>\t\t\t<div class=\"textwidget\"><\/div>\n\t\t\t\t\t\t<\/div>\n\t\t\t\t<\/div>\n\t\t\t\t<div class=\"elementor-element elementor-element-3886378 elementor-widget elementor-widget-wp-widget-text\" data-id=\"3886378\" data-element_type=\"widget\" data-e-type=\"widget\" data-widget_type=\"wp-widget-text.default\">\n\t\t\t\t<div class=\"elementor-widget-container\">\n\t\t\t\t\t\t\t\t<div class=\"textwidget\"><p><span style=\"font-weight: 400\">O acompanhamento de crian\u00e7as com NEE (Necessidades Educativas Especiais) em contexto de sala de aula poder\u00e1 ocorrer em diversas situa\u00e7\u00f5es. Este apoio \u00e9 dado por profissionais da \u00e1rea de psicomotricidade, psicopedagogia e terapia da fala, de acordo com as necessidades individuais de cada crian\u00e7a, podendo ser requerido pelos pais ou diretamente pelas escolas ou institui\u00e7\u00f5es.<\/span><\/p>\n<\/div>\n\t\t\t\t\t\t<\/div>\n\t\t\t\t<\/div>\n\t\t\t\t\t<\/div>\n\t\t<\/div>\n\t\t\t\t<div class=\"elementor-column elementor-col-50 elementor-top-column elementor-element elementor-element-750bb3ac\" data-id=\"750bb3ac\" data-element_type=\"column\" data-e-type=\"column\">\n\t\t\t<div class=\"elementor-widget-wrap elementor-element-populated\">\n\t\t\t\t\t\t<div class=\"elementor-element elementor-element-54a4e840 elementor-widget elementor-widget-image\" data-id=\"54a4e840\" data-element_type=\"widget\" data-e-type=\"widget\" data-widget_type=\"image.default\">\n\t\t\t\t<div class=\"elementor-widget-container\">\n\t\t\t\t\t\t\t\t\t\t\t\t\t\t\t<img fetchpriority=\"high\" decoding=\"async\" width=\"500\" height=\"334\" src=\"https:\/\/vitaminap.pt\/pt\/wp-content\/uploads\/2024\/04\/shutterstock_632703128_m2.png\" class=\"attachment-full size-full wp-image-8184\" alt=\"Crian\u00e7as com NEE\" srcset=\"https:\/\/vitaminap.pt\/pt\/wp-content\/uploads\/2024\/04\/shutterstock_632703128_m2.png 500w, https:\/\/vitaminap.pt\/pt\/wp-content\/uploads\/2024\/04\/shutterstock_632703128_m2-300x200.png 300w\" sizes=\"(max-width: 500px) 100vw, 500px\" \/>\t\t\t\t\t\t\t\t\t\t\t\t\t\t\t<\/div>\n\t\t\t\t<\/div>\n\t\t\t\t\t<\/div>\n\t\t<\/div>\n\t\t\t\t\t<\/div>\n\t\t<\/section>\n\t\t\t\t<section class=\"elementor-section elementor-top-section elementor-element elementor-element-01d7d9f thim_1_col_tablet elementor-section-boxed elementor-section-height-default elementor-section-height-default\" data-id=\"01d7d9f\" data-element_type=\"section\" data-e-type=\"section\">\n\t\t\t\t\t\t<div class=\"elementor-container elementor-column-gap-extended\">\n\t\t\t\t\t<div class=\"elementor-column elementor-col-100 elementor-top-column elementor-element elementor-element-f2a3738\" data-id=\"f2a3738\" data-element_type=\"column\" data-e-type=\"column\">\n\t\t\t<div class=\"elementor-widget-wrap elementor-element-populated\">\n\t\t\t\t\t\t<div class=\"elementor-element elementor-element-c697bae elementor-widget elementor-widget-wp-widget-text\" data-id=\"c697bae\" data-element_type=\"widget\" data-e-type=\"widget\" data-widget_type=\"wp-widget-text.default\">\n\t\t\t\t<div class=\"elementor-widget-container\">\n\t\t\t\t\t\t\t\t<div class=\"textwidget\"><p><b>Faz parte deste acompanhamento:<\/b><\/p>\n<ul>\n<li style=\"font-weight: 400\"><span style=\"font-weight: 400\">Apoio psicopedag\u00f3gico \u2013 apoio na elabora\u00e7\u00e3o e utiliza\u00e7\u00e3o de estrat\u00e9gias facilitadoras de acordo com as dificuldades espec\u00edficas de aprendizagem de cada crian\u00e7a;<\/span><\/li>\n<li style=\"font-weight: 400\"><span style=\"font-weight: 400\">Acompanhamento do Programa Educativo Individual (PEI) ou do Curr\u00edculo Espec\u00edfico Individual (CEI) quando o caso assim o justifica \u2013 apoio na cria\u00e7\u00e3o e implementa\u00e7\u00e3o das metas curriculares de acordo com as necessidades de cada crian\u00e7a, acompanhando o processo burocr\u00e1tico e pr\u00e1tico das mesmas.<\/span><\/li>\n<li style=\"font-weight: 400\"><span style=\"font-weight: 400\">Interven\u00e7\u00e3o precoce na inf\u00e2ncia \u2013 Apoio integrado para crian\u00e7as dos 0 aos 6 anos e para as suas fam\u00edlias. Este apoio em contexto escolar poder\u00e1 ser um facilitador ao n\u00edvel das capacidades adaptativas espec\u00edficas deste ambiente e poder\u00e1 ser complementado com um apoio em sess\u00e3o ou ao domic\u00edlio.<\/span><\/li>\n<li style=\"font-weight: 400\"><span style=\"font-weight: 400\">Acompanhamento em Unidades de Ensino Estruturado para crian\u00e7as com Perturba\u00e7\u00f5es do Espectro do Autismo \u2013 Promover a participa\u00e7\u00e3o dos alunos nas\u00a0 atividades curriculares, envolvendo-se com os seus pares de turma, implementando e desenvolvendo estrat\u00e9gias para a organiza\u00e7\u00e3o do espa\u00e7o, tempo, materiais e atividades, de maneira a promover os processos de aprendizagem, autonomia e adapta\u00e7\u00e3o ao contexto escolar e vida p\u00f3s-escolar.<\/span><\/li>\n<\/ul>\n<p>&nbsp;<\/p>\n<\/div>\n\t\t\t\t\t\t<\/div>\n\t\t\t\t<\/div>\n\t\t\t\t\t<\/div>\n\t\t<\/div>\n\t\t\t\t\t<\/div>\n\t\t<\/section>\n\t\t\t\t<section class=\"elementor-section elementor-top-section elementor-element elementor-element-be323db elementor-section-boxed elementor-section-height-default elementor-section-height-default\" data-id=\"be323db\" data-element_type=\"section\" data-e-type=\"section\">\n\t\t\t\t\t\t<div class=\"elementor-container elementor-column-gap-default\">\n\t\t\t\t\t<div class=\"elementor-column elementor-col-100 elementor-top-column elementor-element elementor-element-758ec72\" data-id=\"758ec72\" data-element_type=\"column\" data-e-type=\"column\">\n\t\t\t<div class=\"elementor-widget-wrap elementor-element-populated\">\n\t\t\t\t\t\t<div class=\"elementor-element elementor-element-5411673 elementor-widget elementor-widget-thim-our-team\" data-id=\"5411673\" data-element_type=\"widget\" data-e-type=\"widget\" data-widget_type=\"thim-our-team.default\">\n\t\t\t\t<div class=\"elementor-widget-container\">\n\t\t\t\t\t<div class=\"wrapper-lists-our-team \"><a class=\"join-our-team\" href=\"https:\/\/vitaminap.pt\/pt\/a-nossa-equipa\/\" title=\"Equipa\">Equipa<\/a><div class=\"row\"><div class=\"our-team-item col-sm-3\"><div class=\"our-team-image\"> <img decoding=\"async\" data-src=\"https:\/\/vitaminap.pt\/pt\/wp-content\/uploads\/2024\/04\/Catarina-Loureiro_320-200x200.png\" alt=\"Catarina Loureiro\" title=\"Catarina Loureiro\"  width=\"200\" height=\"200\" src=\"data:image\/svg+xml;base64,PHN2ZyB3aWR0aD0iMSIgaGVpZ2h0PSIxIiB4bWxucz0iaHR0cDovL3d3dy53My5vcmcvMjAwMC9zdmciPjwvc3ZnPg==\" class=\"lazyload\" style=\"--smush-placeholder-width: 200px; --smush-placeholder-aspect-ratio: 200\/200;\"><div class=\"social-team\"><\/div><\/div><div class=\"content-team\"><h4 class=\"title\"><a href=\"https:\/\/vitaminap.pt\/pt\/our_team\/catarina-loureiro\/\">Catarina Loureiro<\/a><\/h4><\/div><\/div><div class=\"our-team-item col-sm-3\"><div class=\"our-team-image\"> <img decoding=\"async\" data-src=\"https:\/\/vitaminap.pt\/pt\/wp-content\/uploads\/2024\/04\/Ines-Santos_320-200x200.png\" alt=\"In\u00eas Santos\" title=\"In\u00eas Santos\"  width=\"200\" height=\"200\" src=\"data:image\/svg+xml;base64,PHN2ZyB3aWR0aD0iMSIgaGVpZ2h0PSIxIiB4bWxucz0iaHR0cDovL3d3dy53My5vcmcvMjAwMC9zdmciPjwvc3ZnPg==\" class=\"lazyload\" style=\"--smush-placeholder-width: 200px; --smush-placeholder-aspect-ratio: 200\/200;\"><div class=\"social-team\"><\/div><\/div><div class=\"content-team\"><h4 class=\"title\"><a href=\"https:\/\/vitaminap.pt\/pt\/our_team\/ines-santos\/\">In\u00eas Santos<\/a><\/h4><\/div><\/div><div class=\"our-team-item col-sm-3\"><div class=\"our-team-image\"> <img decoding=\"async\" data-src=\"https:\/\/vitaminap.pt\/pt\/wp-content\/uploads\/2024\/04\/Joana-Lima_320-200x200.png\" alt=\"Joana Lima\" title=\"Joana Lima\"  width=\"200\" height=\"200\" src=\"data:image\/svg+xml;base64,PHN2ZyB3aWR0aD0iMSIgaGVpZ2h0PSIxIiB4bWxucz0iaHR0cDovL3d3dy53My5vcmcvMjAwMC9zdmciPjwvc3ZnPg==\" class=\"lazyload\" style=\"--smush-placeholder-width: 200px; --smush-placeholder-aspect-ratio: 200\/200;\"><div class=\"social-team\"><\/div><\/div><div class=\"content-team\"><h4 class=\"title\"><a href=\"https:\/\/vitaminap.pt\/pt\/our_team\/joana-lima-2\/\">Joana Lima<\/a><\/h4><\/div><\/div><div class=\"our-team-item col-sm-3\"><div class=\"our-team-image\"> <img decoding=\"async\" data-src=\"https:\/\/vitaminap.pt\/pt\/wp-content\/uploads\/2024\/04\/Marta-Albuquerque-Batista_320-200x200.png\" alt=\"Marta Albuquerque Batista\" title=\"Marta Albuquerque Batista\"  width=\"200\" height=\"200\" src=\"data:image\/svg+xml;base64,PHN2ZyB3aWR0aD0iMSIgaGVpZ2h0PSIxIiB4bWxucz0iaHR0cDovL3d3dy53My5vcmcvMjAwMC9zdmciPjwvc3ZnPg==\" class=\"lazyload\" style=\"--smush-placeholder-width: 200px; --smush-placeholder-aspect-ratio: 200\/200;\"><div class=\"social-team\"><\/div><\/div><div class=\"content-team\"><h4 class=\"title\"><a href=\"https:\/\/vitaminap.pt\/pt\/our_team\/marta-albuquerque-baptista\/\">Marta Albuquerque Baptista<\/a><\/h4><\/div><\/div><\/div><\/div>\t\t\t\t<\/div>\n\t\t\t\t<\/div>\n\t\t\t\t\t<\/div>\n\t\t<\/div>\n\t\t\t\t\t<\/div>\n\t\t<\/section>\n\t\t\t\t<\/div>\n\t\t","protected":false},"excerpt":{"rendered":"<p>C\u00e9dula Profissional: 26088<br \/>\nPsicologia Cl\u00ednica, Aconselhamento Parental, Apoio Psicopedag\u00f3gico, Crian\u00e7as com NEE, Avalia\u00e7\u00e3o, Desenvolvimento Pessoal, Consultas Online<br \/>\nExperi\u00eancia Profissional<br \/>\nDesde 2022<br \/>\nPr\u00e1tica de Cl\u00ednica Privada<br \/>\nConsulta de psicologia com crian\u00e7as, adolescentes e respetivos cuidadores;<br \/>\nAvalia\u00e7\u00e3o psicol\u00f3gica.<br \/>\nDesde 2021<br \/>\nConsulta de <\/p>\n","protected":false},"author":1,"featured_media":6991,"parent":0,"menu_order":0,"comment_status":"closed","ping_status":"closed","template":"","meta":{"footnotes":""},"class_list":["post-6998","page","type-page","status-publish","has-post-thumbnail","hentry"],"yoast_head":"<!-- This site is optimized with the Yoast SEO plugin v27.5 - https:\/\/yoast.com\/product\/yoast-seo-wordpress\/ -->\n<title>Crian\u00e7as com NEE<\/title>\n<meta name=\"description\" content=\"Este apoio \u00e9 dado por profissionais da \u00e1rea de Psicomotricidade, Psicopedagogia e Terapia da Fala, de acordo com as necessidades individuais de cada crian\u00e7a.\" \/>\n<meta name=\"robots\" content=\"index, follow, max-snippet:-1, max-image-preview:large, max-video-preview:-1\" \/>\n<link rel=\"canonical\" href=\"https:\/\/vitaminap.pt\/pt\/criancas-com-nee\/\" \/>\n<meta property=\"og:locale\" content=\"pt_PT\" \/>\n<meta property=\"og:type\" content=\"article\" \/>\n<meta property=\"og:title\" content=\"Crian\u00e7as com NEE\" \/>\n<meta property=\"og:description\" content=\"Este apoio \u00e9 dado por profissionais da \u00e1rea de Psicomotricidade, Psicopedagogia e Terapia da Fala, de acordo com as necessidades individuais de cada crian\u00e7a\" \/>\n<meta property=\"og:url\" content=\"https:\/\/vitaminap.pt\/pt\/criancas-com-nee\/\" \/>\n<meta property=\"og:site_name\" content=\"Vitamina P\" \/>\n<meta property=\"article:publisher\" content=\"https:\/\/www.facebook.com\/vitaminaP.pt\" \/>\n<meta property=\"article:modified_time\" content=\"2024-10-30T13:03:01+00:00\" \/>\n<meta property=\"og:image\" content=\"https:\/\/vitaminap.pt\/pt\/wp-content\/uploads\/2023\/04\/areas_4_apoio_psicopedagogico-1.jpg\" \/>\n\t<meta property=\"og:image:width\" content=\"750\" \/>\n\t<meta property=\"og:image:height\" content=\"500\" \/>\n\t<meta property=\"og:image:type\" content=\"image\/jpeg\" \/>\n<meta name=\"twitter:card\" content=\"summary_large_image\" \/>\n<meta name=\"twitter:title\" content=\"Crian\u00e7as com NEE\" \/>\n<meta name=\"twitter:description\" content=\"Este apoio \u00e9 dado por profissionais da \u00e1rea de Psicomotricidade, Psicopedagogia e Terapia da Fala, de acordo com as necessidades individuais de cada crian\u00e7a\" \/>\n<meta name=\"twitter:image\" content=\"https:\/\/vitaminap.pt\/pt\/wp-content\/uploads\/2023\/04\/areas_4_apoio_psicopedagogico-1.jpg\" \/>\n<meta name=\"twitter:label1\" content=\"Tempo estimado de leitura\" \/>\n\t<meta name=\"twitter:data1\" content=\"1 minuto\" \/>\n<script type=\"application\/ld+json\" class=\"yoast-schema-graph\">{\"@context\":\"https:\\\/\\\/schema.org\",\"@graph\":[{\"@type\":\"WebPage\",\"@id\":\"https:\\\/\\\/vitaminap.pt\\\/pt\\\/criancas-com-nee\\\/\",\"url\":\"https:\\\/\\\/vitaminap.pt\\\/pt\\\/criancas-com-nee\\\/\",\"name\":\"Crian\u00e7as com NEE\",\"isPartOf\":{\"@id\":\"https:\\\/\\\/vitaminap.pt\\\/pt\\\/#website\"},\"primaryImageOfPage\":{\"@id\":\"https:\\\/\\\/vitaminap.pt\\\/pt\\\/criancas-com-nee\\\/#primaryimage\"},\"image\":{\"@id\":\"https:\\\/\\\/vitaminap.pt\\\/pt\\\/criancas-com-nee\\\/#primaryimage\"},\"thumbnailUrl\":\"https:\\\/\\\/vitaminap.pt\\\/pt\\\/wp-content\\\/uploads\\\/2023\\\/04\\\/areas_4_apoio_psicopedagogico-1.jpg\",\"datePublished\":\"2023-04-11T10:24:55+00:00\",\"dateModified\":\"2024-10-30T13:03:01+00:00\",\"description\":\"Este apoio \u00e9 dado por profissionais da \u00e1rea de Psicomotricidade, Psicopedagogia e Terapia da Fala, de acordo com as necessidades individuais de cada crian\u00e7a.\",\"breadcrumb\":{\"@id\":\"https:\\\/\\\/vitaminap.pt\\\/pt\\\/criancas-com-nee\\\/#breadcrumb\"},\"inLanguage\":\"pt-PT\",\"potentialAction\":[{\"@type\":\"ReadAction\",\"target\":[\"https:\\\/\\\/vitaminap.pt\\\/pt\\\/criancas-com-nee\\\/\"]}]},{\"@type\":\"ImageObject\",\"inLanguage\":\"pt-PT\",\"@id\":\"https:\\\/\\\/vitaminap.pt\\\/pt\\\/criancas-com-nee\\\/#primaryimage\",\"url\":\"https:\\\/\\\/vitaminap.pt\\\/pt\\\/wp-content\\\/uploads\\\/2023\\\/04\\\/areas_4_apoio_psicopedagogico-1.jpg\",\"contentUrl\":\"https:\\\/\\\/vitaminap.pt\\\/pt\\\/wp-content\\\/uploads\\\/2023\\\/04\\\/areas_4_apoio_psicopedagogico-1.jpg\",\"width\":750,\"height\":500,\"caption\":\"Crian\u00e7as com NEE\"},{\"@type\":\"BreadcrumbList\",\"@id\":\"https:\\\/\\\/vitaminap.pt\\\/pt\\\/criancas-com-nee\\\/#breadcrumb\",\"itemListElement\":[{\"@type\":\"ListItem\",\"position\":1,\"name\":\"In\u00edcio\",\"item\":\"https:\\\/\\\/vitaminap.pt\\\/pt\\\/\"},{\"@type\":\"ListItem\",\"position\":2,\"name\":\"Crian\u00e7as com NEE\"}]},{\"@type\":\"WebSite\",\"@id\":\"https:\\\/\\\/vitaminap.pt\\\/pt\\\/#website\",\"url\":\"https:\\\/\\\/vitaminap.pt\\\/pt\\\/\",\"name\":\"Vitamina P\",\"description\":\"psicologia, sa\u00fade P bem-estar\",\"publisher\":{\"@id\":\"https:\\\/\\\/vitaminap.pt\\\/pt\\\/#organization\"},\"potentialAction\":[{\"@type\":\"SearchAction\",\"target\":{\"@type\":\"EntryPoint\",\"urlTemplate\":\"https:\\\/\\\/vitaminap.pt\\\/pt\\\/?s={search_term_string}\"},\"query-input\":{\"@type\":\"PropertyValueSpecification\",\"valueRequired\":true,\"valueName\":\"search_term_string\"}}],\"inLanguage\":\"pt-PT\"},{\"@type\":\"Organization\",\"@id\":\"https:\\\/\\\/vitaminap.pt\\\/pt\\\/#organization\",\"name\":\"Vitamina P\",\"url\":\"https:\\\/\\\/vitaminap.pt\\\/pt\\\/\",\"logo\":{\"@type\":\"ImageObject\",\"inLanguage\":\"pt-PT\",\"@id\":\"https:\\\/\\\/vitaminap.pt\\\/pt\\\/#\\\/schema\\\/logo\\\/image\\\/\",\"url\":\"https:\\\/\\\/vitaminap.pt\\\/pt\\\/wp-content\\\/uploads\\\/2023\\\/03\\\/logo_750_transp.png\",\"contentUrl\":\"https:\\\/\\\/vitaminap.pt\\\/pt\\\/wp-content\\\/uploads\\\/2023\\\/03\\\/logo_750_transp.png\",\"width\":736,\"height\":201,\"caption\":\"Vitamina P\"},\"image\":{\"@id\":\"https:\\\/\\\/vitaminap.pt\\\/pt\\\/#\\\/schema\\\/logo\\\/image\\\/\"},\"sameAs\":[\"https:\\\/\\\/www.facebook.com\\\/vitaminaP.pt\"]}]}<\/script>\n<!-- \/ Yoast SEO plugin. -->","yoast_head_json":{"title":"Crian\u00e7as com NEE","description":"Este apoio \u00e9 dado por profissionais da \u00e1rea de Psicomotricidade, Psicopedagogia e Terapia da Fala, de acordo com as necessidades individuais de cada crian\u00e7a.","robots":{"index":"index","follow":"follow","max-snippet":"max-snippet:-1","max-image-preview":"max-image-preview:large","max-video-preview":"max-video-preview:-1"},"canonical":"https:\/\/vitaminap.pt\/pt\/criancas-com-nee\/","og_locale":"pt_PT","og_type":"article","og_title":"Crian\u00e7as com NEE","og_description":"Este apoio \u00e9 dado por profissionais da \u00e1rea de Psicomotricidade, Psicopedagogia e Terapia da Fala, de acordo com as necessidades individuais de cada crian\u00e7a","og_url":"https:\/\/vitaminap.pt\/pt\/criancas-com-nee\/","og_site_name":"Vitamina P","article_publisher":"https:\/\/www.facebook.com\/vitaminaP.pt","article_modified_time":"2024-10-30T13:03:01+00:00","og_image":[{"width":750,"height":500,"url":"https:\/\/vitaminap.pt\/pt\/wp-content\/uploads\/2023\/04\/areas_4_apoio_psicopedagogico-1.jpg","type":"image\/jpeg"}],"twitter_card":"summary_large_image","twitter_title":"Crian\u00e7as com NEE","twitter_description":"Este apoio \u00e9 dado por profissionais da \u00e1rea de Psicomotricidade, Psicopedagogia e Terapia da Fala, de acordo com as necessidades individuais de cada crian\u00e7a","twitter_image":"https:\/\/vitaminap.pt\/pt\/wp-content\/uploads\/2023\/04\/areas_4_apoio_psicopedagogico-1.jpg","twitter_misc":{"Tempo estimado de leitura":"1 minuto"},"schema":{"@context":"https:\/\/schema.org","@graph":[{"@type":"WebPage","@id":"https:\/\/vitaminap.pt\/pt\/criancas-com-nee\/","url":"https:\/\/vitaminap.pt\/pt\/criancas-com-nee\/","name":"Crian\u00e7as com NEE","isPartOf":{"@id":"https:\/\/vitaminap.pt\/pt\/#website"},"primaryImageOfPage":{"@id":"https:\/\/vitaminap.pt\/pt\/criancas-com-nee\/#primaryimage"},"image":{"@id":"https:\/\/vitaminap.pt\/pt\/criancas-com-nee\/#primaryimage"},"thumbnailUrl":"https:\/\/vitaminap.pt\/pt\/wp-content\/uploads\/2023\/04\/areas_4_apoio_psicopedagogico-1.jpg","datePublished":"2023-04-11T10:24:55+00:00","dateModified":"2024-10-30T13:03:01+00:00","description":"Este apoio \u00e9 dado por profissionais da \u00e1rea de Psicomotricidade, Psicopedagogia e Terapia da Fala, de acordo com as necessidades individuais de cada crian\u00e7a.","breadcrumb":{"@id":"https:\/\/vitaminap.pt\/pt\/criancas-com-nee\/#breadcrumb"},"inLanguage":"pt-PT","potentialAction":[{"@type":"ReadAction","target":["https:\/\/vitaminap.pt\/pt\/criancas-com-nee\/"]}]},{"@type":"ImageObject","inLanguage":"pt-PT","@id":"https:\/\/vitaminap.pt\/pt\/criancas-com-nee\/#primaryimage","url":"https:\/\/vitaminap.pt\/pt\/wp-content\/uploads\/2023\/04\/areas_4_apoio_psicopedagogico-1.jpg","contentUrl":"https:\/\/vitaminap.pt\/pt\/wp-content\/uploads\/2023\/04\/areas_4_apoio_psicopedagogico-1.jpg","width":750,"height":500,"caption":"Crian\u00e7as com NEE"},{"@type":"BreadcrumbList","@id":"https:\/\/vitaminap.pt\/pt\/criancas-com-nee\/#breadcrumb","itemListElement":[{"@type":"ListItem","position":1,"name":"In\u00edcio","item":"https:\/\/vitaminap.pt\/pt\/"},{"@type":"ListItem","position":2,"name":"Crian\u00e7as com NEE"}]},{"@type":"WebSite","@id":"https:\/\/vitaminap.pt\/pt\/#website","url":"https:\/\/vitaminap.pt\/pt\/","name":"Vitamina P","description":"psicologia, sa\u00fade P bem-estar","publisher":{"@id":"https:\/\/vitaminap.pt\/pt\/#organization"},"potentialAction":[{"@type":"SearchAction","target":{"@type":"EntryPoint","urlTemplate":"https:\/\/vitaminap.pt\/pt\/?s={search_term_string}"},"query-input":{"@type":"PropertyValueSpecification","valueRequired":true,"valueName":"search_term_string"}}],"inLanguage":"pt-PT"},{"@type":"Organization","@id":"https:\/\/vitaminap.pt\/pt\/#organization","name":"Vitamina P","url":"https:\/\/vitaminap.pt\/pt\/","logo":{"@type":"ImageObject","inLanguage":"pt-PT","@id":"https:\/\/vitaminap.pt\/pt\/#\/schema\/logo\/image\/","url":"https:\/\/vitaminap.pt\/pt\/wp-content\/uploads\/2023\/03\/logo_750_transp.png","contentUrl":"https:\/\/vitaminap.pt\/pt\/wp-content\/uploads\/2023\/03\/logo_750_transp.png","width":736,"height":201,"caption":"Vitamina P"},"image":{"@id":"https:\/\/vitaminap.pt\/pt\/#\/schema\/logo\/image\/"},"sameAs":["https:\/\/www.facebook.com\/vitaminaP.pt"]}]}},"_links":{"self":[{"href":"https:\/\/vitaminap.pt\/pt\/wp-json\/wp\/v2\/pages\/6998","targetHints":{"allow":["GET"]}}],"collection":[{"href":"https:\/\/vitaminap.pt\/pt\/wp-json\/wp\/v2\/pages"}],"about":[{"href":"https:\/\/vitaminap.pt\/pt\/wp-json\/wp\/v2\/types\/page"}],"author":[{"embeddable":true,"href":"https:\/\/vitaminap.pt\/pt\/wp-json\/wp\/v2\/users\/1"}],"replies":[{"embeddable":true,"href":"https:\/\/vitaminap.pt\/pt\/wp-json\/wp\/v2\/comments?post=6998"}],"version-history":[{"count":6,"href":"https:\/\/vitaminap.pt\/pt\/wp-json\/wp\/v2\/pages\/6998\/revisions"}],"predecessor-version":[{"id":8533,"href":"https:\/\/vitaminap.pt\/pt\/wp-json\/wp\/v2\/pages\/6998\/revisions\/8533"}],"wp:featuredmedia":[{"embeddable":true,"href":"https:\/\/vitaminap.pt\/pt\/wp-json\/wp\/v2\/media\/6991"}],"wp:attachment":[{"href":"https:\/\/vitaminap.pt\/pt\/wp-json\/wp\/v2\/media?parent=6998"}],"curies":[{"name":"wp","href":"https:\/\/api.w.org\/{rel}","templated":true}]}}