{"id":7005,"date":"2023-04-11T10:37:42","date_gmt":"2023-04-11T10:37:42","guid":{"rendered":"https:\/\/vitaminap.pt\/pt\/?page_id=7005"},"modified":"2024-10-30T14:37:22","modified_gmt":"2024-10-30T14:37:22","slug":"terapia-familiar","status":"publish","type":"page","link":"https:\/\/vitaminap.pt\/pt\/terapia-familiar\/","title":{"rendered":"Terapia Familiar"},"content":{"rendered":"\t\t<div data-elementor-type=\"wp-post\" data-elementor-id=\"7005\" class=\"elementor elementor-7005\" data-elementor-post-type=\"page\">\n\t\t\t\t\t\t<section class=\"elementor-section elementor-top-section elementor-element elementor-element-676ad05d thim_1_col_tablet elementor-section-boxed elementor-section-height-default elementor-section-height-default\" data-id=\"676ad05d\" data-element_type=\"section\" data-e-type=\"section\">\n\t\t\t\t\t\t<div class=\"elementor-container elementor-column-gap-extended\">\n\t\t\t\t\t<div class=\"elementor-column elementor-col-50 elementor-top-column elementor-element elementor-element-750bb3ac\" data-id=\"750bb3ac\" data-element_type=\"column\" data-e-type=\"column\">\n\t\t\t<div class=\"elementor-widget-wrap elementor-element-populated\">\n\t\t\t\t\t\t<div class=\"elementor-element elementor-element-54a4e840 elementor-widget elementor-widget-image\" data-id=\"54a4e840\" data-element_type=\"widget\" data-e-type=\"widget\" data-widget_type=\"image.default\">\n\t\t\t\t<div class=\"elementor-widget-container\">\n\t\t\t\t\t\t\t\t\t\t\t\t\t\t\t<img fetchpriority=\"high\" decoding=\"async\" width=\"649\" height=\"410\" src=\"https:\/\/vitaminap.pt\/pt\/wp-content\/uploads\/2023\/04\/areas_5_terapia_familiar-1-e1681139422956.jpg\" class=\"attachment-full size-full wp-image-6865\" alt=\"Terapia Familiar\" srcset=\"https:\/\/vitaminap.pt\/pt\/wp-content\/uploads\/2023\/04\/areas_5_terapia_familiar-1-e1681139422956.jpg 649w, https:\/\/vitaminap.pt\/pt\/wp-content\/uploads\/2023\/04\/areas_5_terapia_familiar-1-e1681139422956-300x190.jpg 300w, https:\/\/vitaminap.pt\/pt\/wp-content\/uploads\/2023\/04\/areas_5_terapia_familiar-1-e1681139422956-600x379.jpg 600w\" sizes=\"(max-width: 649px) 100vw, 649px\" \/>\t\t\t\t\t\t\t\t\t\t\t\t\t\t\t<\/div>\n\t\t\t\t<\/div>\n\t\t\t\t\t<\/div>\n\t\t<\/div>\n\t\t\t\t<div class=\"elementor-column elementor-col-50 elementor-top-column elementor-element elementor-element-31972011\" data-id=\"31972011\" data-element_type=\"column\" data-e-type=\"column\">\n\t\t\t<div class=\"elementor-widget-wrap elementor-element-populated\">\n\t\t\t\t\t\t<div class=\"elementor-element elementor-element-1de68135 elementor-widget elementor-widget-wp-widget-text\" data-id=\"1de68135\" data-element_type=\"widget\" data-e-type=\"widget\" data-widget_type=\"wp-widget-text.default\">\n\t\t\t\t<div class=\"elementor-widget-container\">\n\t\t\t\t\t<h5>TERAPIA FAMILIAR<\/h5>\t\t\t<div class=\"textwidget\"><\/div>\n\t\t\t\t\t\t<\/div>\n\t\t\t\t<\/div>\n\t\t\t\t<div class=\"elementor-element elementor-element-3886378 elementor-widget elementor-widget-wp-widget-text\" data-id=\"3886378\" data-element_type=\"widget\" data-e-type=\"widget\" data-widget_type=\"wp-widget-text.default\">\n\t\t\t\t<div class=\"elementor-widget-container\">\n\t\t\t\t\t\t\t\t<div class=\"textwidget\"><p><span style=\"font-weight: 400\">A terapia familiar centra-se nas rela\u00e7\u00f5es estabelecidas entre os v\u00e1rios elementos da fam\u00edlia e visa promover o bem-estar de todos e a media\u00e7\u00e3o na resolu\u00e7\u00e3o de problemas identificados por um ou v\u00e1rios elementos. Sendo a fam\u00edlia um sistema em constante mudan\u00e7a, a terapia familiar tem em considera\u00e7\u00e3o a sua din\u00e2mica, promovendo o sucesso de uma interven\u00e7\u00e3o cuidada.<\/span><\/p>\n<p><span style=\"font-weight: 400\">Quando sente que o seu sistema familiar est\u00e1 de algum modo em sofrimento ou pode, com ajuda de um terapeuta relacional, melhorar o seu funcionamento, \u00e9 altura de procurar um terapeuta familiar.<\/span><\/p>\n<\/div>\n\t\t\t\t\t\t<\/div>\n\t\t\t\t<\/div>\n\t\t\t\t\t<\/div>\n\t\t<\/div>\n\t\t\t\t\t<\/div>\n\t\t<\/section>\n\t\t\t\t<section class=\"elementor-section elementor-top-section elementor-element elementor-element-d7538ff elementor-section-boxed elementor-section-height-default elementor-section-height-default\" data-id=\"d7538ff\" data-element_type=\"section\" data-e-type=\"section\">\n\t\t\t\t\t\t<div class=\"elementor-container elementor-column-gap-default\">\n\t\t\t\t\t<div class=\"elementor-column elementor-col-100 elementor-top-column elementor-element elementor-element-7b1f0dd\" data-id=\"7b1f0dd\" data-element_type=\"column\" data-e-type=\"column\">\n\t\t\t<div class=\"elementor-widget-wrap elementor-element-populated\">\n\t\t\t\t\t\t<div class=\"elementor-element elementor-element-6177e6c elementor-widget elementor-widget-thim-our-team\" data-id=\"6177e6c\" data-element_type=\"widget\" data-e-type=\"widget\" data-widget_type=\"thim-our-team.default\">\n\t\t\t\t<div class=\"elementor-widget-container\">\n\t\t\t\t\t<div class=\"wrapper-lists-our-team \"><a class=\"join-our-team\" href=\"https:\/\/vitaminap.pt\/pt\/a-nossa-equipa\/\" title=\"Equipa\">Equipa<\/a><div class=\"row\"><div class=\"our-team-item col-sm-3\"><div class=\"our-team-image\"> <img decoding=\"async\" data-src=\"https:\/\/vitaminap.pt\/pt\/wp-content\/uploads\/2024\/04\/Teodomiro-Pires_320-200x200.png\" alt=\"Teodomiro Pires\" title=\"Teodomiro Pires\"  width=\"200\" height=\"200\" src=\"data:image\/svg+xml;base64,PHN2ZyB3aWR0aD0iMSIgaGVpZ2h0PSIxIiB4bWxucz0iaHR0cDovL3d3dy53My5vcmcvMjAwMC9zdmciPjwvc3ZnPg==\" class=\"lazyload\" style=\"--smush-placeholder-width: 200px; --smush-placeholder-aspect-ratio: 200\/200;\"><div class=\"social-team\"><\/div><\/div><div class=\"content-team\"><h4 class=\"title\"><a href=\"https:\/\/vitaminap.pt\/pt\/our_team\/teodomiro-urbano-pires\/\">Teodomiro Urbano Pires<\/a><\/h4><\/div><\/div><div class=\"our-team-item col-sm-3\"><div class=\"our-team-image\"> <img decoding=\"async\" data-src=\"https:\/\/vitaminap.pt\/pt\/wp-content\/uploads\/2024\/04\/Teresa-Leite_320-200x200.png\" alt=\"Teresa Leite\" title=\"Teresa Leite\"  width=\"200\" height=\"200\" src=\"data:image\/svg+xml;base64,PHN2ZyB3aWR0aD0iMSIgaGVpZ2h0PSIxIiB4bWxucz0iaHR0cDovL3d3dy53My5vcmcvMjAwMC9zdmciPjwvc3ZnPg==\" class=\"lazyload\" style=\"--smush-placeholder-width: 200px; --smush-placeholder-aspect-ratio: 200\/200;\"><div class=\"social-team\"><\/div><\/div><div class=\"content-team\"><h4 class=\"title\"><a href=\"https:\/\/vitaminap.pt\/pt\/our_team\/teresa-aires-2\/\">Teresa Leite<\/a><\/h4><\/div><\/div><\/div><\/div>\t\t\t\t<\/div>\n\t\t\t\t<\/div>\n\t\t\t\t\t<\/div>\n\t\t<\/div>\n\t\t\t\t\t<\/div>\n\t\t<\/section>\n\t\t\t\t<\/div>\n\t\t","protected":false},"excerpt":{"rendered":"<p>C\u00e9dula Profissional: 3191<br \/>\nDocente Universit\u00e1ria nos cursos de Psicologia (licenciatura, mestrado e doutoramento)<br \/>\nInterven\u00e7\u00e3o Direta &#8211; Psicoterapia (adultos e adolescentes) , Musicoterapia, Terapia Familiar e de Casal (fam\u00edlias\/casais multiculturais), Aconselhamento Parental, Consultas Online, em portugu\u00eas, ingl\u00eas e espanhol.<br \/>\nExperi\u00eancia Profissional<br \n<\/p>\n","protected":false},"author":1,"featured_media":6865,"parent":0,"menu_order":0,"comment_status":"closed","ping_status":"closed","template":"","meta":{"footnotes":""},"class_list":["post-7005","page","type-page","status-publish","has-post-thumbnail","hentry"],"yoast_head":"<!-- This site is optimized with the Yoast SEO plugin v27.5 - https:\/\/yoast.com\/product\/yoast-seo-wordpress\/ -->\n<title>Terapia Familiar<\/title>\n<meta name=\"description\" content=\"A Terapia Familiar centra-se nas rela\u00e7\u00f5es estabelecidas entre os v\u00e1rios elementos da fam\u00edlia e visa promover o bem-estar de todos\" \/>\n<meta name=\"robots\" content=\"index, follow, max-snippet:-1, max-image-preview:large, max-video-preview:-1\" \/>\n<link rel=\"canonical\" href=\"https:\/\/vitaminap.pt\/pt\/terapia-familiar\/\" \/>\n<meta property=\"og:locale\" content=\"pt_PT\" \/>\n<meta property=\"og:type\" content=\"article\" \/>\n<meta property=\"og:title\" content=\"Terapia Familiar\" \/>\n<meta property=\"og:description\" content=\"A Terapia Familiar centra-se nas rela\u00e7\u00f5es estabelecidas entre os v\u00e1rios elementos da fam\u00edlia e visa promover o bem-estar de todos\" \/>\n<meta property=\"og:url\" content=\"https:\/\/vitaminap.pt\/pt\/terapia-familiar\/\" \/>\n<meta property=\"og:site_name\" content=\"Vitamina P\" \/>\n<meta property=\"article:publisher\" content=\"https:\/\/www.facebook.com\/vitaminaP.pt\" \/>\n<meta property=\"article:modified_time\" content=\"2024-10-30T14:37:22+00:00\" \/>\n<meta property=\"og:image\" content=\"https:\/\/vitaminap.pt\/pt\/wp-content\/uploads\/2023\/04\/areas_5_terapia_familiar-1-e1681139422956.jpg\" \/>\n\t<meta property=\"og:image:width\" content=\"649\" \/>\n\t<meta property=\"og:image:height\" content=\"410\" \/>\n\t<meta property=\"og:image:type\" content=\"image\/jpeg\" \/>\n<meta name=\"twitter:card\" content=\"summary_large_image\" \/>\n<meta name=\"twitter:title\" content=\"Terapia Familiar\" \/>\n<meta name=\"twitter:description\" content=\"A Terapia Familiar centra-se nas rela\u00e7\u00f5es estabelecidas entre os v\u00e1rios elementos da fam\u00edlia e visa promover o bem-estar de todos\" \/>\n<meta name=\"twitter:image\" content=\"https:\/\/vitaminap.pt\/pt\/wp-content\/uploads\/2023\/04\/areas_5_terapia_familiar-1-e1681139422956.jpg\" \/>\n<meta name=\"twitter:label1\" content=\"Tempo estimado de leitura\" \/>\n\t<meta name=\"twitter:data1\" content=\"1 minuto\" \/>\n<script type=\"application\/ld+json\" class=\"yoast-schema-graph\">{\"@context\":\"https:\\\/\\\/schema.org\",\"@graph\":[{\"@type\":\"WebPage\",\"@id\":\"https:\\\/\\\/vitaminap.pt\\\/pt\\\/terapia-familiar\\\/\",\"url\":\"https:\\\/\\\/vitaminap.pt\\\/pt\\\/terapia-familiar\\\/\",\"name\":\"Terapia Familiar\",\"isPartOf\":{\"@id\":\"https:\\\/\\\/vitaminap.pt\\\/pt\\\/#website\"},\"primaryImageOfPage\":{\"@id\":\"https:\\\/\\\/vitaminap.pt\\\/pt\\\/terapia-familiar\\\/#primaryimage\"},\"image\":{\"@id\":\"https:\\\/\\\/vitaminap.pt\\\/pt\\\/terapia-familiar\\\/#primaryimage\"},\"thumbnailUrl\":\"https:\\\/\\\/vitaminap.pt\\\/pt\\\/wp-content\\\/uploads\\\/2023\\\/04\\\/areas_5_terapia_familiar-1-e1681139422956.jpg\",\"datePublished\":\"2023-04-11T10:37:42+00:00\",\"dateModified\":\"2024-10-30T14:37:22+00:00\",\"description\":\"A Terapia Familiar centra-se nas rela\u00e7\u00f5es estabelecidas entre os v\u00e1rios elementos da fam\u00edlia e visa promover o bem-estar de todos\",\"breadcrumb\":{\"@id\":\"https:\\\/\\\/vitaminap.pt\\\/pt\\\/terapia-familiar\\\/#breadcrumb\"},\"inLanguage\":\"pt-PT\",\"potentialAction\":[{\"@type\":\"ReadAction\",\"target\":[\"https:\\\/\\\/vitaminap.pt\\\/pt\\\/terapia-familiar\\\/\"]}]},{\"@type\":\"ImageObject\",\"inLanguage\":\"pt-PT\",\"@id\":\"https:\\\/\\\/vitaminap.pt\\\/pt\\\/terapia-familiar\\\/#primaryimage\",\"url\":\"https:\\\/\\\/vitaminap.pt\\\/pt\\\/wp-content\\\/uploads\\\/2023\\\/04\\\/areas_5_terapia_familiar-1-e1681139422956.jpg\",\"contentUrl\":\"https:\\\/\\\/vitaminap.pt\\\/pt\\\/wp-content\\\/uploads\\\/2023\\\/04\\\/areas_5_terapia_familiar-1-e1681139422956.jpg\",\"width\":649,\"height\":410,\"caption\":\"Terapia Familiar\"},{\"@type\":\"BreadcrumbList\",\"@id\":\"https:\\\/\\\/vitaminap.pt\\\/pt\\\/terapia-familiar\\\/#breadcrumb\",\"itemListElement\":[{\"@type\":\"ListItem\",\"position\":1,\"name\":\"In\u00edcio\",\"item\":\"https:\\\/\\\/vitaminap.pt\\\/pt\\\/\"},{\"@type\":\"ListItem\",\"position\":2,\"name\":\"Terapia Familiar\"}]},{\"@type\":\"WebSite\",\"@id\":\"https:\\\/\\\/vitaminap.pt\\\/pt\\\/#website\",\"url\":\"https:\\\/\\\/vitaminap.pt\\\/pt\\\/\",\"name\":\"Vitamina P\",\"description\":\"psicologia, sa\u00fade P bem-estar\",\"publisher\":{\"@id\":\"https:\\\/\\\/vitaminap.pt\\\/pt\\\/#organization\"},\"potentialAction\":[{\"@type\":\"SearchAction\",\"target\":{\"@type\":\"EntryPoint\",\"urlTemplate\":\"https:\\\/\\\/vitaminap.pt\\\/pt\\\/?s={search_term_string}\"},\"query-input\":{\"@type\":\"PropertyValueSpecification\",\"valueRequired\":true,\"valueName\":\"search_term_string\"}}],\"inLanguage\":\"pt-PT\"},{\"@type\":\"Organization\",\"@id\":\"https:\\\/\\\/vitaminap.pt\\\/pt\\\/#organization\",\"name\":\"Vitamina P\",\"url\":\"https:\\\/\\\/vitaminap.pt\\\/pt\\\/\",\"logo\":{\"@type\":\"ImageObject\",\"inLanguage\":\"pt-PT\",\"@id\":\"https:\\\/\\\/vitaminap.pt\\\/pt\\\/#\\\/schema\\\/logo\\\/image\\\/\",\"url\":\"https:\\\/\\\/vitaminap.pt\\\/pt\\\/wp-content\\\/uploads\\\/2023\\\/03\\\/logo_750_transp.png\",\"contentUrl\":\"https:\\\/\\\/vitaminap.pt\\\/pt\\\/wp-content\\\/uploads\\\/2023\\\/03\\\/logo_750_transp.png\",\"width\":736,\"height\":201,\"caption\":\"Vitamina P\"},\"image\":{\"@id\":\"https:\\\/\\\/vitaminap.pt\\\/pt\\\/#\\\/schema\\\/logo\\\/image\\\/\"},\"sameAs\":[\"https:\\\/\\\/www.facebook.com\\\/vitaminaP.pt\"]}]}<\/script>\n<!-- \/ Yoast SEO plugin. -->","yoast_head_json":{"title":"Terapia Familiar","description":"A Terapia Familiar centra-se nas rela\u00e7\u00f5es estabelecidas entre os v\u00e1rios elementos da fam\u00edlia e visa promover o bem-estar de todos","robots":{"index":"index","follow":"follow","max-snippet":"max-snippet:-1","max-image-preview":"max-image-preview:large","max-video-preview":"max-video-preview:-1"},"canonical":"https:\/\/vitaminap.pt\/pt\/terapia-familiar\/","og_locale":"pt_PT","og_type":"article","og_title":"Terapia Familiar","og_description":"A Terapia Familiar centra-se nas rela\u00e7\u00f5es estabelecidas entre os v\u00e1rios elementos da fam\u00edlia e visa promover o bem-estar de todos","og_url":"https:\/\/vitaminap.pt\/pt\/terapia-familiar\/","og_site_name":"Vitamina P","article_publisher":"https:\/\/www.facebook.com\/vitaminaP.pt","article_modified_time":"2024-10-30T14:37:22+00:00","og_image":[{"width":649,"height":410,"url":"https:\/\/vitaminap.pt\/pt\/wp-content\/uploads\/2023\/04\/areas_5_terapia_familiar-1-e1681139422956.jpg","type":"image\/jpeg"}],"twitter_card":"summary_large_image","twitter_title":"Terapia Familiar","twitter_description":"A Terapia Familiar centra-se nas rela\u00e7\u00f5es estabelecidas entre os v\u00e1rios elementos da fam\u00edlia e visa promover o bem-estar de todos","twitter_image":"https:\/\/vitaminap.pt\/pt\/wp-content\/uploads\/2023\/04\/areas_5_terapia_familiar-1-e1681139422956.jpg","twitter_misc":{"Tempo estimado de leitura":"1 minuto"},"schema":{"@context":"https:\/\/schema.org","@graph":[{"@type":"WebPage","@id":"https:\/\/vitaminap.pt\/pt\/terapia-familiar\/","url":"https:\/\/vitaminap.pt\/pt\/terapia-familiar\/","name":"Terapia Familiar","isPartOf":{"@id":"https:\/\/vitaminap.pt\/pt\/#website"},"primaryImageOfPage":{"@id":"https:\/\/vitaminap.pt\/pt\/terapia-familiar\/#primaryimage"},"image":{"@id":"https:\/\/vitaminap.pt\/pt\/terapia-familiar\/#primaryimage"},"thumbnailUrl":"https:\/\/vitaminap.pt\/pt\/wp-content\/uploads\/2023\/04\/areas_5_terapia_familiar-1-e1681139422956.jpg","datePublished":"2023-04-11T10:37:42+00:00","dateModified":"2024-10-30T14:37:22+00:00","description":"A Terapia Familiar centra-se nas rela\u00e7\u00f5es estabelecidas entre os v\u00e1rios elementos da fam\u00edlia e visa promover o bem-estar de todos","breadcrumb":{"@id":"https:\/\/vitaminap.pt\/pt\/terapia-familiar\/#breadcrumb"},"inLanguage":"pt-PT","potentialAction":[{"@type":"ReadAction","target":["https:\/\/vitaminap.pt\/pt\/terapia-familiar\/"]}]},{"@type":"ImageObject","inLanguage":"pt-PT","@id":"https:\/\/vitaminap.pt\/pt\/terapia-familiar\/#primaryimage","url":"https:\/\/vitaminap.pt\/pt\/wp-content\/uploads\/2023\/04\/areas_5_terapia_familiar-1-e1681139422956.jpg","contentUrl":"https:\/\/vitaminap.pt\/pt\/wp-content\/uploads\/2023\/04\/areas_5_terapia_familiar-1-e1681139422956.jpg","width":649,"height":410,"caption":"Terapia Familiar"},{"@type":"BreadcrumbList","@id":"https:\/\/vitaminap.pt\/pt\/terapia-familiar\/#breadcrumb","itemListElement":[{"@type":"ListItem","position":1,"name":"In\u00edcio","item":"https:\/\/vitaminap.pt\/pt\/"},{"@type":"ListItem","position":2,"name":"Terapia Familiar"}]},{"@type":"WebSite","@id":"https:\/\/vitaminap.pt\/pt\/#website","url":"https:\/\/vitaminap.pt\/pt\/","name":"Vitamina P","description":"psicologia, sa\u00fade P bem-estar","publisher":{"@id":"https:\/\/vitaminap.pt\/pt\/#organization"},"potentialAction":[{"@type":"SearchAction","target":{"@type":"EntryPoint","urlTemplate":"https:\/\/vitaminap.pt\/pt\/?s={search_term_string}"},"query-input":{"@type":"PropertyValueSpecification","valueRequired":true,"valueName":"search_term_string"}}],"inLanguage":"pt-PT"},{"@type":"Organization","@id":"https:\/\/vitaminap.pt\/pt\/#organization","name":"Vitamina P","url":"https:\/\/vitaminap.pt\/pt\/","logo":{"@type":"ImageObject","inLanguage":"pt-PT","@id":"https:\/\/vitaminap.pt\/pt\/#\/schema\/logo\/image\/","url":"https:\/\/vitaminap.pt\/pt\/wp-content\/uploads\/2023\/03\/logo_750_transp.png","contentUrl":"https:\/\/vitaminap.pt\/pt\/wp-content\/uploads\/2023\/03\/logo_750_transp.png","width":736,"height":201,"caption":"Vitamina P"},"image":{"@id":"https:\/\/vitaminap.pt\/pt\/#\/schema\/logo\/image\/"},"sameAs":["https:\/\/www.facebook.com\/vitaminaP.pt"]}]}},"_links":{"self":[{"href":"https:\/\/vitaminap.pt\/pt\/wp-json\/wp\/v2\/pages\/7005","targetHints":{"allow":["GET"]}}],"collection":[{"href":"https:\/\/vitaminap.pt\/pt\/wp-json\/wp\/v2\/pages"}],"about":[{"href":"https:\/\/vitaminap.pt\/pt\/wp-json\/wp\/v2\/types\/page"}],"author":[{"embeddable":true,"href":"https:\/\/vitaminap.pt\/pt\/wp-json\/wp\/v2\/users\/1"}],"replies":[{"embeddable":true,"href":"https:\/\/vitaminap.pt\/pt\/wp-json\/wp\/v2\/comments?post=7005"}],"version-history":[{"count":6,"href":"https:\/\/vitaminap.pt\/pt\/wp-json\/wp\/v2\/pages\/7005\/revisions"}],"predecessor-version":[{"id":8576,"href":"https:\/\/vitaminap.pt\/pt\/wp-json\/wp\/v2\/pages\/7005\/revisions\/8576"}],"wp:featuredmedia":[{"embeddable":true,"href":"https:\/\/vitaminap.pt\/pt\/wp-json\/wp\/v2\/media\/6865"}],"wp:attachment":[{"href":"https:\/\/vitaminap.pt\/pt\/wp-json\/wp\/v2\/media?parent=7005"}],"curies":[{"name":"wp","href":"https:\/\/api.w.org\/{rel}","templated":true}]}}