{"id":7211,"date":"2023-04-13T12:00:32","date_gmt":"2023-04-13T12:00:32","guid":{"rendered":"https:\/\/vitaminap.pt\/pt\/?page_id=7211"},"modified":"2024-10-30T14:36:28","modified_gmt":"2024-10-30T14:36:28","slug":"terapia-da-fala","status":"publish","type":"page","link":"https:\/\/vitaminap.pt\/pt\/terapia-da-fala\/","title":{"rendered":"Terapia da Fala"},"content":{"rendered":"\t\t<div data-elementor-type=\"wp-post\" data-elementor-id=\"7211\" class=\"elementor elementor-7211\" data-elementor-post-type=\"page\">\n\t\t\t\t\t\t<section class=\"elementor-section elementor-top-section elementor-element elementor-element-676ad05d thim_1_col_tablet elementor-section-boxed elementor-section-height-default elementor-section-height-default\" data-id=\"676ad05d\" data-element_type=\"section\" data-e-type=\"section\">\n\t\t\t\t\t\t<div class=\"elementor-container elementor-column-gap-extended\">\n\t\t\t\t\t<div class=\"elementor-column elementor-col-50 elementor-top-column elementor-element elementor-element-750bb3ac\" data-id=\"750bb3ac\" data-element_type=\"column\" data-e-type=\"column\">\n\t\t\t<div class=\"elementor-widget-wrap elementor-element-populated\">\n\t\t\t\t\t\t<div class=\"elementor-element elementor-element-54a4e840 elementor-widget elementor-widget-image\" data-id=\"54a4e840\" data-element_type=\"widget\" data-e-type=\"widget\" data-widget_type=\"image.default\">\n\t\t\t\t<div class=\"elementor-widget-container\">\n\t\t\t\t\t\t\t\t\t\t\t\t\t\t\t<img fetchpriority=\"high\" decoding=\"async\" width=\"750\" height=\"500\" src=\"https:\/\/vitaminap.pt\/pt\/wp-content\/uploads\/2023\/04\/areas_5_terapia_fala.jpg\" class=\"attachment-full size-full wp-image-6867\" alt=\"Terapia da Fala\" srcset=\"https:\/\/vitaminap.pt\/pt\/wp-content\/uploads\/2023\/04\/areas_5_terapia_fala.jpg 750w, https:\/\/vitaminap.pt\/pt\/wp-content\/uploads\/2023\/04\/areas_5_terapia_fala-300x200.jpg 300w, https:\/\/vitaminap.pt\/pt\/wp-content\/uploads\/2023\/04\/areas_5_terapia_fala-600x400.jpg 600w\" sizes=\"(max-width: 750px) 100vw, 750px\" \/>\t\t\t\t\t\t\t\t\t\t\t\t\t\t\t<\/div>\n\t\t\t\t<\/div>\n\t\t\t\t\t<\/div>\n\t\t<\/div>\n\t\t\t\t<div class=\"elementor-column elementor-col-50 elementor-top-column elementor-element elementor-element-31972011\" data-id=\"31972011\" data-element_type=\"column\" data-e-type=\"column\">\n\t\t\t<div class=\"elementor-widget-wrap elementor-element-populated\">\n\t\t\t\t\t\t<div class=\"elementor-element elementor-element-1de68135 elementor-widget elementor-widget-wp-widget-text\" data-id=\"1de68135\" data-element_type=\"widget\" data-e-type=\"widget\" data-widget_type=\"wp-widget-text.default\">\n\t\t\t\t<div class=\"elementor-widget-container\">\n\t\t\t\t\t<h5>Terapia da Fala<\/h5>\t\t\t<div class=\"textwidget\"><\/div>\n\t\t\t\t\t\t<\/div>\n\t\t\t\t<\/div>\n\t\t\t\t<div class=\"elementor-element elementor-element-3886378 elementor-widget elementor-widget-wp-widget-text\" data-id=\"3886378\" data-element_type=\"widget\" data-e-type=\"widget\" data-widget_type=\"wp-widget-text.default\">\n\t\t\t\t<div class=\"elementor-widget-container\">\n\t\t\t\t\t\t\t\t<div class=\"textwidget\"><p><span style=\"font-weight: 400\">A terapia da fala \u00e9 a \u00e1rea da sa\u00fade respons\u00e1vel pela preven\u00e7\u00e3o, estudo, otimiza\u00e7\u00e3o, avalia\u00e7\u00e3o e interven\u00e7\u00e3o nas capacidades e perturba\u00e7\u00f5es da comunica\u00e7\u00e3o humana, englobando as fun\u00e7\u00f5es associadas \u00e0 compreens\u00e3o e express\u00e3o da linguagem oral e escrita e outras formas de comunica\u00e7\u00e3o n\u00e3o-verbal. Para al\u00e9m disso, o terapeuta da fala interv\u00e9m ao n\u00edvel da degluti\u00e7\u00e3o (passagem segura de alimentos e bebidas pela orofaringe) e da qualidade vocal, trabalhando com pessoas de todas as idades (desde rec\u00e9m-nascidos a idosos).<\/span><\/p>\n<p><span style=\"font-weight: 400\">A terapia da fala pode ser requerida pelo pr\u00f3prio, pelos seus familiares ou pela institui\u00e7\u00e3o.<\/span><\/p>\n<\/div>\n\t\t\t\t\t\t<\/div>\n\t\t\t\t<\/div>\n\t\t\t\t\t<\/div>\n\t\t<\/div>\n\t\t\t\t\t<\/div>\n\t\t<\/section>\n\t\t\t\t<section class=\"elementor-section elementor-top-section elementor-element elementor-element-ef55b3a thim_1_col_tablet elementor-section-boxed elementor-section-height-default elementor-section-height-default\" data-id=\"ef55b3a\" data-element_type=\"section\" data-e-type=\"section\">\n\t\t\t\t\t\t<div class=\"elementor-container elementor-column-gap-extended\">\n\t\t\t\t\t<div class=\"elementor-column elementor-col-100 elementor-top-column elementor-element elementor-element-2e9d0d9\" data-id=\"2e9d0d9\" data-element_type=\"column\" data-e-type=\"column\">\n\t\t\t<div class=\"elementor-widget-wrap elementor-element-populated\">\n\t\t\t\t\t\t<div class=\"elementor-element elementor-element-2ae6751 elementor-widget elementor-widget-wp-widget-text\" data-id=\"2ae6751\" data-element_type=\"widget\" data-e-type=\"widget\" data-widget_type=\"wp-widget-text.default\">\n\t\t\t\t<div class=\"elementor-widget-container\">\n\t\t\t\t\t\t\t\t<div class=\"textwidget\"><p><b>Rec\u00e9m-nascidos<\/b><\/p>\n<ul>\n<li style=\"font-weight: 400\"><span style=\"font-weight: 400\">Dificuldades de alimenta\u00e7\u00e3o ao n\u00edvel da pega; motricidade orofacial (musculatura e sensibilidade extra e intra oral); coordena\u00e7\u00e3o da suc\u00e7\u00e3o-degluti\u00e7\u00e3o-respira\u00e7\u00e3o; fendas l\u00e1bio palatinas; paralisia cerebral.<\/span><\/li>\n<\/ul>\n<p><b>0 &#8211; 3 anos<\/b><\/p>\n<ul>\n<li style=\"font-weight: 400\"><span style=\"font-weight: 400\">Linguagem compreensiva e expressiva; surdez; fala; motricidade orofacial como as parafun\u00e7\u00f5es (chuchas, suc\u00e7\u00e3o digital); maloclus\u00f5es (mordida aberta); respiradores orais; crian\u00e7as acompanhadas em ortodontia, odontopediatria e\/ou ortopedia funcional; altera\u00e7\u00f5es de sensibilidade extra e intra oral; altera\u00e7\u00f5es da mastiga\u00e7\u00e3o e degluti\u00e7\u00e3o; fendas l\u00e1bio palatinas; paralisia cerebral.<\/span><\/li>\n<\/ul>\n<p><b>+ de 3 anos<\/b><\/p>\n<ul>\n<li style=\"font-weight: 400\"><span style=\"font-weight: 400\">Comunica\u00e7\u00e3o n\u00e3o-verbal (apresenta\u00e7\u00e3o de trabalhos orais); linguagem compreensiva e expressiva; surdez; disflu\u00eancia (gaguez); leitura e escrita; fala; qualidade vocal; motricidade orofacial: maloclus\u00f5es (ex: mordida aberta); respiradores orais; crian\u00e7as acompanhadas em ortodontia, odontopediatria e\/ou ortopedia funcional; altera\u00e7\u00f5es de sensibilidade extra e intra oral; altera\u00e7\u00f5es da mastiga\u00e7\u00e3o e degluti\u00e7\u00e3o; articula\u00e7\u00e3o tempero mandibular; fendas l\u00e1bio palatinas; paralisia cerebral.<\/span><\/li>\n<\/ul>\n<p><b>Adultos \/ Idosos<\/b><\/p>\n<ul>\n<li style=\"font-weight: 400\"><span style=\"font-weight: 400\">Comunica\u00e7\u00e3o n\u00e3o-verbal (apresenta\u00e7\u00e3o de trabalhos orais);<\/span><\/li>\n<li style=\"font-weight: 400\"><span style=\"font-weight: 400\">Linguagem compreensiva e expressiva, fala; motricidade orofacial; gaguez; surdez &#8211; muitas destas situa\u00e7\u00f5es s\u00e3o provocadas por Afasias, Disartrias [AVC\u2019s, TCE, Esclerose M\u00faltipla, ELA, Doen\u00e7a de Parkinson, Dem\u00eancias (Alzheimer, Frontotemporal)\u2026] ou Tumores;<\/span><\/li>\n<li style=\"font-weight: 400\"><span style=\"font-weight: 400\">Qualidade vocal: Profissionais de voz (locutores de r\u00e1dio, jornalistas, pol\u00edticos, professores, educadores\u2026).<\/span><\/li>\n<\/ul>\n<\/div>\n\t\t\t\t\t\t<\/div>\n\t\t\t\t<\/div>\n\t\t\t\t\t<\/div>\n\t\t<\/div>\n\t\t\t\t\t<\/div>\n\t\t<\/section>\n\t\t\t\t<section class=\"elementor-section elementor-top-section elementor-element elementor-element-4d96b77 elementor-section-boxed elementor-section-height-default elementor-section-height-default\" data-id=\"4d96b77\" data-element_type=\"section\" data-e-type=\"section\">\n\t\t\t\t\t\t<div class=\"elementor-container elementor-column-gap-default\">\n\t\t\t\t\t<div class=\"elementor-column elementor-col-100 elementor-top-column elementor-element elementor-element-0b4c96e\" data-id=\"0b4c96e\" data-element_type=\"column\" data-e-type=\"column\">\n\t\t\t<div class=\"elementor-widget-wrap elementor-element-populated\">\n\t\t\t\t\t\t<div class=\"elementor-element elementor-element-a31eee2 elementor-widget elementor-widget-thim-our-team\" data-id=\"a31eee2\" data-element_type=\"widget\" data-e-type=\"widget\" data-widget_type=\"thim-our-team.default\">\n\t\t\t\t<div class=\"elementor-widget-container\">\n\t\t\t\t\t<div class=\"wrapper-lists-our-team \"><a class=\"join-our-team\" href=\"https:\/\/vitaminap.pt\/pt\/a-nossa-equipa\/\" title=\"Equipa\">Equipa<\/a><div class=\"row\"><div class=\"our-team-item col-sm-3\"><div class=\"our-team-image\"> <img decoding=\"async\" data-src=\"https:\/\/vitaminap.pt\/pt\/wp-content\/uploads\/2024\/04\/Ines-Santos_320-200x200.png\" alt=\"In\u00eas Santos\" title=\"In\u00eas Santos\"  width=\"200\" height=\"200\" src=\"data:image\/svg+xml;base64,PHN2ZyB3aWR0aD0iMSIgaGVpZ2h0PSIxIiB4bWxucz0iaHR0cDovL3d3dy53My5vcmcvMjAwMC9zdmciPjwvc3ZnPg==\" class=\"lazyload\" style=\"--smush-placeholder-width: 200px; --smush-placeholder-aspect-ratio: 200\/200;\"><div class=\"social-team\"><\/div><\/div><div class=\"content-team\"><h4 class=\"title\"><a href=\"https:\/\/vitaminap.pt\/pt\/our_team\/ines-santos\/\">In\u00eas Santos<\/a><\/h4><\/div><\/div><\/div><\/div>\t\t\t\t<\/div>\n\t\t\t\t<\/div>\n\t\t\t\t\t<\/div>\n\t\t<\/div>\n\t\t\t\t\t<\/div>\n\t\t<\/section>\n\t\t\t\t<\/div>\n\t\t","protected":false},"excerpt":{"rendered":"<p>Membro da Associa\u00e7\u00e3o Portuguesa da Terapia da Fala n\u00ba MA0968<br \/>\nTerapia da Fala<br \/>\n&nbsp;<br \/>\n&nbsp;<br \/>\nExperi\u00eancia Profissional<br \/>\nDesde 2020<br \/>\nTerapeuta da Fala | CERCI Lisboa &#8211; CRI<br \/>\nDesde 2018<br \/>\nTerapeuta da Fala | Vitamina P &#8211; Psicologia, Sa\u00fade e Bem-estar<br \n<\/p>\n","protected":false},"author":4,"featured_media":6867,"parent":0,"menu_order":0,"comment_status":"closed","ping_status":"closed","template":"","meta":{"footnotes":""},"class_list":["post-7211","page","type-page","status-publish","has-post-thumbnail","hentry"],"yoast_head":"<!-- This site is optimized with the Yoast SEO plugin v27.5 - https:\/\/yoast.com\/product\/yoast-seo-wordpress\/ -->\n<title>Terapia da Fala<\/title>\n<meta name=\"description\" content=\"A Terapia da Fala \u00e9 a \u00e1rea da sa\u00fade respons\u00e1vel pela preven\u00e7\u00e3o, estudo, otimiza\u00e7\u00e3o, avalia\u00e7\u00e3o e interven\u00e7\u00e3o nas capacidades e perturba\u00e7\u00f5es da comunica\u00e7\u00e3o humana.\" \/>\n<meta name=\"robots\" content=\"index, follow, max-snippet:-1, max-image-preview:large, max-video-preview:-1\" \/>\n<link rel=\"canonical\" href=\"https:\/\/vitaminap.pt\/pt\/terapia-da-fala\/\" \/>\n<meta property=\"og:locale\" content=\"pt_PT\" \/>\n<meta property=\"og:type\" content=\"article\" \/>\n<meta property=\"og:title\" content=\"Terapia da Fala\" \/>\n<meta property=\"og:description\" content=\"A Terapia da Fala \u00e9 a \u00e1rea da sa\u00fade respons\u00e1vel pela preven\u00e7\u00e3o, estudo, otimiza\u00e7\u00e3o, avalia\u00e7\u00e3o e interven\u00e7\u00e3o nas capacidades e perturba\u00e7\u00f5es da comunica\u00e7\u00e3o humana.\" \/>\n<meta property=\"og:url\" content=\"https:\/\/vitaminap.pt\/pt\/terapia-da-fala\/\" \/>\n<meta property=\"og:site_name\" content=\"Vitamina P\" \/>\n<meta property=\"article:publisher\" content=\"https:\/\/www.facebook.com\/vitaminaP.pt\" \/>\n<meta property=\"article:modified_time\" content=\"2024-10-30T14:36:28+00:00\" \/>\n<meta property=\"og:image\" content=\"https:\/\/vitaminap.pt\/pt\/wp-content\/uploads\/2023\/04\/areas_5_terapia_fala.jpg\" \/>\n\t<meta property=\"og:image:width\" content=\"750\" \/>\n\t<meta property=\"og:image:height\" content=\"500\" \/>\n\t<meta property=\"og:image:type\" content=\"image\/jpeg\" \/>\n<meta name=\"twitter:card\" content=\"summary_large_image\" \/>\n<meta name=\"twitter:title\" content=\"Terapia da Fala\" \/>\n<meta name=\"twitter:description\" content=\"A Terapia da Fala \u00e9 a \u00e1rea da sa\u00fade respons\u00e1vel pela preven\u00e7\u00e3o, estudo, otimiza\u00e7\u00e3o, avalia\u00e7\u00e3o e interven\u00e7\u00e3o nas capacidades e perturba\u00e7\u00f5es da comunica\u00e7\u00e3o humana.\" \/>\n<meta name=\"twitter:image\" content=\"https:\/\/vitaminap.pt\/pt\/wp-content\/uploads\/2023\/04\/areas_5_terapia_fala.jpg\" \/>\n<meta name=\"twitter:label1\" content=\"Tempo estimado de leitura\" \/>\n\t<meta name=\"twitter:data1\" content=\"1 minuto\" \/>\n<script type=\"application\/ld+json\" class=\"yoast-schema-graph\">{\"@context\":\"https:\\\/\\\/schema.org\",\"@graph\":[{\"@type\":\"WebPage\",\"@id\":\"https:\\\/\\\/vitaminap.pt\\\/pt\\\/terapia-da-fala\\\/\",\"url\":\"https:\\\/\\\/vitaminap.pt\\\/pt\\\/terapia-da-fala\\\/\",\"name\":\"Terapia da Fala\",\"isPartOf\":{\"@id\":\"https:\\\/\\\/vitaminap.pt\\\/pt\\\/#website\"},\"primaryImageOfPage\":{\"@id\":\"https:\\\/\\\/vitaminap.pt\\\/pt\\\/terapia-da-fala\\\/#primaryimage\"},\"image\":{\"@id\":\"https:\\\/\\\/vitaminap.pt\\\/pt\\\/terapia-da-fala\\\/#primaryimage\"},\"thumbnailUrl\":\"https:\\\/\\\/vitaminap.pt\\\/pt\\\/wp-content\\\/uploads\\\/2023\\\/04\\\/areas_5_terapia_fala.jpg\",\"datePublished\":\"2023-04-13T12:00:32+00:00\",\"dateModified\":\"2024-10-30T14:36:28+00:00\",\"description\":\"A Terapia da Fala \u00e9 a \u00e1rea da sa\u00fade respons\u00e1vel pela preven\u00e7\u00e3o, estudo, otimiza\u00e7\u00e3o, avalia\u00e7\u00e3o e interven\u00e7\u00e3o nas capacidades e perturba\u00e7\u00f5es da comunica\u00e7\u00e3o humana.\",\"breadcrumb\":{\"@id\":\"https:\\\/\\\/vitaminap.pt\\\/pt\\\/terapia-da-fala\\\/#breadcrumb\"},\"inLanguage\":\"pt-PT\",\"potentialAction\":[{\"@type\":\"ReadAction\",\"target\":[\"https:\\\/\\\/vitaminap.pt\\\/pt\\\/terapia-da-fala\\\/\"]}]},{\"@type\":\"ImageObject\",\"inLanguage\":\"pt-PT\",\"@id\":\"https:\\\/\\\/vitaminap.pt\\\/pt\\\/terapia-da-fala\\\/#primaryimage\",\"url\":\"https:\\\/\\\/vitaminap.pt\\\/pt\\\/wp-content\\\/uploads\\\/2023\\\/04\\\/areas_5_terapia_fala.jpg\",\"contentUrl\":\"https:\\\/\\\/vitaminap.pt\\\/pt\\\/wp-content\\\/uploads\\\/2023\\\/04\\\/areas_5_terapia_fala.jpg\",\"width\":750,\"height\":500,\"caption\":\"Terapia da Fala\"},{\"@type\":\"BreadcrumbList\",\"@id\":\"https:\\\/\\\/vitaminap.pt\\\/pt\\\/terapia-da-fala\\\/#breadcrumb\",\"itemListElement\":[{\"@type\":\"ListItem\",\"position\":1,\"name\":\"In\u00edcio\",\"item\":\"https:\\\/\\\/vitaminap.pt\\\/pt\\\/\"},{\"@type\":\"ListItem\",\"position\":2,\"name\":\"Terapia da Fala\"}]},{\"@type\":\"WebSite\",\"@id\":\"https:\\\/\\\/vitaminap.pt\\\/pt\\\/#website\",\"url\":\"https:\\\/\\\/vitaminap.pt\\\/pt\\\/\",\"name\":\"Vitamina P\",\"description\":\"psicologia, sa\u00fade P bem-estar\",\"publisher\":{\"@id\":\"https:\\\/\\\/vitaminap.pt\\\/pt\\\/#organization\"},\"potentialAction\":[{\"@type\":\"SearchAction\",\"target\":{\"@type\":\"EntryPoint\",\"urlTemplate\":\"https:\\\/\\\/vitaminap.pt\\\/pt\\\/?s={search_term_string}\"},\"query-input\":{\"@type\":\"PropertyValueSpecification\",\"valueRequired\":true,\"valueName\":\"search_term_string\"}}],\"inLanguage\":\"pt-PT\"},{\"@type\":\"Organization\",\"@id\":\"https:\\\/\\\/vitaminap.pt\\\/pt\\\/#organization\",\"name\":\"Vitamina P\",\"url\":\"https:\\\/\\\/vitaminap.pt\\\/pt\\\/\",\"logo\":{\"@type\":\"ImageObject\",\"inLanguage\":\"pt-PT\",\"@id\":\"https:\\\/\\\/vitaminap.pt\\\/pt\\\/#\\\/schema\\\/logo\\\/image\\\/\",\"url\":\"https:\\\/\\\/vitaminap.pt\\\/pt\\\/wp-content\\\/uploads\\\/2023\\\/03\\\/logo_750_transp.png\",\"contentUrl\":\"https:\\\/\\\/vitaminap.pt\\\/pt\\\/wp-content\\\/uploads\\\/2023\\\/03\\\/logo_750_transp.png\",\"width\":736,\"height\":201,\"caption\":\"Vitamina P\"},\"image\":{\"@id\":\"https:\\\/\\\/vitaminap.pt\\\/pt\\\/#\\\/schema\\\/logo\\\/image\\\/\"},\"sameAs\":[\"https:\\\/\\\/www.facebook.com\\\/vitaminaP.pt\"]}]}<\/script>\n<!-- \/ Yoast SEO plugin. -->","yoast_head_json":{"title":"Terapia da Fala","description":"A Terapia da Fala \u00e9 a \u00e1rea da sa\u00fade respons\u00e1vel pela preven\u00e7\u00e3o, estudo, otimiza\u00e7\u00e3o, avalia\u00e7\u00e3o e interven\u00e7\u00e3o nas capacidades e perturba\u00e7\u00f5es da comunica\u00e7\u00e3o humana.","robots":{"index":"index","follow":"follow","max-snippet":"max-snippet:-1","max-image-preview":"max-image-preview:large","max-video-preview":"max-video-preview:-1"},"canonical":"https:\/\/vitaminap.pt\/pt\/terapia-da-fala\/","og_locale":"pt_PT","og_type":"article","og_title":"Terapia da Fala","og_description":"A Terapia da Fala \u00e9 a \u00e1rea da sa\u00fade respons\u00e1vel pela preven\u00e7\u00e3o, estudo, otimiza\u00e7\u00e3o, avalia\u00e7\u00e3o e interven\u00e7\u00e3o nas capacidades e perturba\u00e7\u00f5es da comunica\u00e7\u00e3o humana.","og_url":"https:\/\/vitaminap.pt\/pt\/terapia-da-fala\/","og_site_name":"Vitamina P","article_publisher":"https:\/\/www.facebook.com\/vitaminaP.pt","article_modified_time":"2024-10-30T14:36:28+00:00","og_image":[{"width":750,"height":500,"url":"https:\/\/vitaminap.pt\/pt\/wp-content\/uploads\/2023\/04\/areas_5_terapia_fala.jpg","type":"image\/jpeg"}],"twitter_card":"summary_large_image","twitter_title":"Terapia da Fala","twitter_description":"A Terapia da Fala \u00e9 a \u00e1rea da sa\u00fade respons\u00e1vel pela preven\u00e7\u00e3o, estudo, otimiza\u00e7\u00e3o, avalia\u00e7\u00e3o e interven\u00e7\u00e3o nas capacidades e perturba\u00e7\u00f5es da comunica\u00e7\u00e3o humana.","twitter_image":"https:\/\/vitaminap.pt\/pt\/wp-content\/uploads\/2023\/04\/areas_5_terapia_fala.jpg","twitter_misc":{"Tempo estimado de leitura":"1 minuto"},"schema":{"@context":"https:\/\/schema.org","@graph":[{"@type":"WebPage","@id":"https:\/\/vitaminap.pt\/pt\/terapia-da-fala\/","url":"https:\/\/vitaminap.pt\/pt\/terapia-da-fala\/","name":"Terapia da Fala","isPartOf":{"@id":"https:\/\/vitaminap.pt\/pt\/#website"},"primaryImageOfPage":{"@id":"https:\/\/vitaminap.pt\/pt\/terapia-da-fala\/#primaryimage"},"image":{"@id":"https:\/\/vitaminap.pt\/pt\/terapia-da-fala\/#primaryimage"},"thumbnailUrl":"https:\/\/vitaminap.pt\/pt\/wp-content\/uploads\/2023\/04\/areas_5_terapia_fala.jpg","datePublished":"2023-04-13T12:00:32+00:00","dateModified":"2024-10-30T14:36:28+00:00","description":"A Terapia da Fala \u00e9 a \u00e1rea da sa\u00fade respons\u00e1vel pela preven\u00e7\u00e3o, estudo, otimiza\u00e7\u00e3o, avalia\u00e7\u00e3o e interven\u00e7\u00e3o nas capacidades e perturba\u00e7\u00f5es da comunica\u00e7\u00e3o humana.","breadcrumb":{"@id":"https:\/\/vitaminap.pt\/pt\/terapia-da-fala\/#breadcrumb"},"inLanguage":"pt-PT","potentialAction":[{"@type":"ReadAction","target":["https:\/\/vitaminap.pt\/pt\/terapia-da-fala\/"]}]},{"@type":"ImageObject","inLanguage":"pt-PT","@id":"https:\/\/vitaminap.pt\/pt\/terapia-da-fala\/#primaryimage","url":"https:\/\/vitaminap.pt\/pt\/wp-content\/uploads\/2023\/04\/areas_5_terapia_fala.jpg","contentUrl":"https:\/\/vitaminap.pt\/pt\/wp-content\/uploads\/2023\/04\/areas_5_terapia_fala.jpg","width":750,"height":500,"caption":"Terapia da Fala"},{"@type":"BreadcrumbList","@id":"https:\/\/vitaminap.pt\/pt\/terapia-da-fala\/#breadcrumb","itemListElement":[{"@type":"ListItem","position":1,"name":"In\u00edcio","item":"https:\/\/vitaminap.pt\/pt\/"},{"@type":"ListItem","position":2,"name":"Terapia da Fala"}]},{"@type":"WebSite","@id":"https:\/\/vitaminap.pt\/pt\/#website","url":"https:\/\/vitaminap.pt\/pt\/","name":"Vitamina P","description":"psicologia, sa\u00fade P bem-estar","publisher":{"@id":"https:\/\/vitaminap.pt\/pt\/#organization"},"potentialAction":[{"@type":"SearchAction","target":{"@type":"EntryPoint","urlTemplate":"https:\/\/vitaminap.pt\/pt\/?s={search_term_string}"},"query-input":{"@type":"PropertyValueSpecification","valueRequired":true,"valueName":"search_term_string"}}],"inLanguage":"pt-PT"},{"@type":"Organization","@id":"https:\/\/vitaminap.pt\/pt\/#organization","name":"Vitamina P","url":"https:\/\/vitaminap.pt\/pt\/","logo":{"@type":"ImageObject","inLanguage":"pt-PT","@id":"https:\/\/vitaminap.pt\/pt\/#\/schema\/logo\/image\/","url":"https:\/\/vitaminap.pt\/pt\/wp-content\/uploads\/2023\/03\/logo_750_transp.png","contentUrl":"https:\/\/vitaminap.pt\/pt\/wp-content\/uploads\/2023\/03\/logo_750_transp.png","width":736,"height":201,"caption":"Vitamina P"},"image":{"@id":"https:\/\/vitaminap.pt\/pt\/#\/schema\/logo\/image\/"},"sameAs":["https:\/\/www.facebook.com\/vitaminaP.pt"]}]}},"_links":{"self":[{"href":"https:\/\/vitaminap.pt\/pt\/wp-json\/wp\/v2\/pages\/7211","targetHints":{"allow":["GET"]}}],"collection":[{"href":"https:\/\/vitaminap.pt\/pt\/wp-json\/wp\/v2\/pages"}],"about":[{"href":"https:\/\/vitaminap.pt\/pt\/wp-json\/wp\/v2\/types\/page"}],"author":[{"embeddable":true,"href":"https:\/\/vitaminap.pt\/pt\/wp-json\/wp\/v2\/users\/4"}],"replies":[{"embeddable":true,"href":"https:\/\/vitaminap.pt\/pt\/wp-json\/wp\/v2\/comments?post=7211"}],"version-history":[{"count":6,"href":"https:\/\/vitaminap.pt\/pt\/wp-json\/wp\/v2\/pages\/7211\/revisions"}],"predecessor-version":[{"id":8575,"href":"https:\/\/vitaminap.pt\/pt\/wp-json\/wp\/v2\/pages\/7211\/revisions\/8575"}],"wp:featuredmedia":[{"embeddable":true,"href":"https:\/\/vitaminap.pt\/pt\/wp-json\/wp\/v2\/media\/6867"}],"wp:attachment":[{"href":"https:\/\/vitaminap.pt\/pt\/wp-json\/wp\/v2\/media?parent=7211"}],"curies":[{"name":"wp","href":"https:\/\/api.w.org\/{rel}","templated":true}]}}