{"id":7217,"date":"2023-04-13T12:09:55","date_gmt":"2023-04-13T12:09:55","guid":{"rendered":"https:\/\/vitaminap.pt\/pt\/?page_id=7217"},"modified":"2024-06-26T11:08:04","modified_gmt":"2024-06-26T11:08:04","slug":"avaliacao","status":"publish","type":"page","link":"https:\/\/vitaminap.pt\/pt\/avaliacao\/","title":{"rendered":"Avalia\u00e7\u00e3o"},"content":{"rendered":"\t\t<div data-elementor-type=\"wp-post\" data-elementor-id=\"7217\" class=\"elementor elementor-7217\" data-elementor-post-type=\"page\">\n\t\t\t\t\t\t<section class=\"elementor-section elementor-top-section elementor-element elementor-element-676ad05d thim_1_col_tablet elementor-section-boxed elementor-section-height-default elementor-section-height-default\" data-id=\"676ad05d\" data-element_type=\"section\" data-e-type=\"section\">\n\t\t\t\t\t\t<div class=\"elementor-container elementor-column-gap-extended\">\n\t\t\t\t\t<div class=\"elementor-column elementor-col-50 elementor-top-column elementor-element elementor-element-750bb3ac\" data-id=\"750bb3ac\" data-element_type=\"column\" data-e-type=\"column\">\n\t\t\t<div class=\"elementor-widget-wrap elementor-element-populated\">\n\t\t\t\t\t\t<div class=\"elementor-element elementor-element-54a4e840 elementor-widget elementor-widget-image\" data-id=\"54a4e840\" data-element_type=\"widget\" data-e-type=\"widget\" data-widget_type=\"image.default\">\n\t\t\t\t<div class=\"elementor-widget-container\">\n\t\t\t\t\t\t\t\t\t\t\t\t\t\t\t<img fetchpriority=\"high\" decoding=\"async\" width=\"450\" height=\"279\" src=\"https:\/\/vitaminap.pt\/pt\/wp-content\/uploads\/2024\/06\/area-avaliacao.png\" class=\"attachment-full size-full wp-image-8384\" alt=\"Avalia\u00e7\u00e3o\" srcset=\"https:\/\/vitaminap.pt\/pt\/wp-content\/uploads\/2024\/06\/area-avaliacao.png 450w, https:\/\/vitaminap.pt\/pt\/wp-content\/uploads\/2024\/06\/area-avaliacao-300x186.png 300w\" sizes=\"(max-width: 450px) 100vw, 450px\" \/>\t\t\t\t\t\t\t\t\t\t\t\t\t\t\t<\/div>\n\t\t\t\t<\/div>\n\t\t\t\t\t<\/div>\n\t\t<\/div>\n\t\t\t\t<div class=\"elementor-column elementor-col-50 elementor-top-column elementor-element elementor-element-31972011\" data-id=\"31972011\" data-element_type=\"column\" data-e-type=\"column\">\n\t\t\t<div class=\"elementor-widget-wrap elementor-element-populated\">\n\t\t\t\t\t\t<div class=\"elementor-element elementor-element-1de68135 elementor-widget elementor-widget-wp-widget-text\" data-id=\"1de68135\" data-element_type=\"widget\" data-e-type=\"widget\" data-widget_type=\"wp-widget-text.default\">\n\t\t\t\t<div class=\"elementor-widget-container\">\n\t\t\t\t\t<h5>Avalia\u00e7\u00e3o<\/h5>\t\t\t<div class=\"textwidget\"><\/div>\n\t\t\t\t\t\t<\/div>\n\t\t\t\t<\/div>\n\t\t\t\t<div class=\"elementor-element elementor-element-3886378 elementor-widget elementor-widget-wp-widget-text\" data-id=\"3886378\" data-element_type=\"widget\" data-e-type=\"widget\" data-widget_type=\"wp-widget-text.default\">\n\t\t\t\t<div class=\"elementor-widget-container\">\n\t\t\t\t\t\t\t\t<div class=\"textwidget\"><p><span style=\"font-weight: 400\">No Vitamina P, pode realizar avalia\u00e7\u00f5es integradas no processo terap\u00eautico em curso ou solicitar uma avalia\u00e7\u00e3o pontual numa das seguintes \u00e1reas:<\/span><\/p>\n<\/div>\n\t\t\t\t\t\t<\/div>\n\t\t\t\t<\/div>\n\t\t\t\t\t<\/div>\n\t\t<\/div>\n\t\t\t\t\t<\/div>\n\t\t<\/section>\n\t\t\t\t<section class=\"elementor-section elementor-top-section elementor-element elementor-element-01d7d9f thim_1_col_tablet elementor-section-boxed elementor-section-height-default elementor-section-height-default\" data-id=\"01d7d9f\" data-element_type=\"section\" data-e-type=\"section\">\n\t\t\t\t\t\t<div class=\"elementor-container elementor-column-gap-extended\">\n\t\t\t\t\t<div class=\"elementor-column elementor-col-100 elementor-top-column elementor-element elementor-element-f2a3738\" data-id=\"f2a3738\" data-element_type=\"column\" data-e-type=\"column\">\n\t\t\t<div class=\"elementor-widget-wrap elementor-element-populated\">\n\t\t\t\t\t\t<div class=\"elementor-element elementor-element-c697bae elementor-widget elementor-widget-wp-widget-text\" data-id=\"c697bae\" data-element_type=\"widget\" data-e-type=\"widget\" data-widget_type=\"wp-widget-text.default\">\n\t\t\t\t<div class=\"elementor-widget-container\">\n\t\t\t\t\t\t\t\t<div class=\"textwidget\"><p><b>Avalia\u00e7\u00e3o Psicomotora<\/b><b><br \/>\n<\/b><span style=\"font-weight: 400\">O psicomotricista realiza a observa\u00e7\u00e3o, avalia\u00e7\u00e3o e diagn\u00f3stico do perfil e n\u00edvel de desenvolvimento psicomotor geral e em particular dos fatores psicomotores (tonicidade, equil\u00edbrio, lateralidade, no\u00e7\u00e3o do corpo, estrutura\u00e7\u00e3o espaciotemporal, praxia global e praxia fina),\u00a0 atrav\u00e9s da aplica\u00e7\u00e3o de baterias e testes espec\u00edficos, de maneira a prescrever, planear e implementar programas terap\u00eauticos, reeducativos ou preventivos.<\/span><\/p>\n<p><span style=\"font-weight: 400\">A avalia\u00e7\u00e3o psicomotora \u00e9 realizada a n\u00edvel qualitativo e quantitativo, respeitando sempre a individualidade pessoal e envolvimental, tendo o psicomotricista um papel relevante no estabelecimento da rela\u00e7\u00e3o entre todos os fatores que influenciam o ser (bio-psico-social).<\/span><\/p>\n<p><span style=\"font-weight: 400\">Esta avalia\u00e7\u00e3o tem como objetivo a formula\u00e7\u00e3o de um relat\u00f3rio e um Plano Reabilitacional Individualizado, sempre que necess\u00e1rio.<\/span><\/p>\n<p><span style=\"font-weight: 400\">O Vitamina P disponibiliza este servi\u00e7o em cl\u00ednica para qualquer faixa et\u00e1ria, escolas e estruturas residenciais para idosos.<\/span><\/p>\n<p>&nbsp;<\/p>\n<p><b>Avalia\u00e7\u00e3o e Interven\u00e7\u00e3o Psicopedag\u00f3gica<\/b><span style=\"font-weight: 400\"><br \/>\n<\/span><span style=\"font-weight: 400\">As aprendizagens e o sucesso escolar constituem uma das maiores preocupa\u00e7\u00f5es para pais e professores, no caso de crian\u00e7as que apresentam dificuldades espec\u00edficas de aprendizagem, que comprometem o bom desempenho acad\u00e9mico.<\/span><\/p>\n<p><span style=\"font-weight: 400\">Atrav\u00e9s da avalia\u00e7\u00e3o psicopedag\u00f3gica, podemos identificar e compreender em concreto o tipo de dificuldades existentes e assim elaborar um plano de interven\u00e7\u00e3o psicopedag\u00f3gico direcionado para os problemas encontrados. Este plano tem como objetivo procurar recursos e estrat\u00e9gias alternativas que promovam o desenvolvimento de compet\u00eancias e potenciem as aprendizagens e um desempenho escolar adequado \u00e0s capacidades (atrav\u00e9s da autorregula\u00e7\u00e3o, estimula\u00e7\u00e3o cognitiva, m\u00e9todos e h\u00e1bitos de estudo, eficaz gest\u00e3o do tempo, desenvolvimento de tempos e qualidade da aten\u00e7\u00e3o\/concentra\u00e7\u00e3o). Este trabalho \u00e9 feito em estreita parceria com a escola e os pais.<\/span><\/p>\n<p><span style=\"font-weight: 400\">Se identificar um dos seguintes problemas, \u00e9 aconselh\u00e1vel procurar a ajuda de t\u00e9cnicos especializados, que apoiem a crian\u00e7a e a fam\u00edlia:<\/span><\/p>\n<ul>\n<li style=\"font-weight: 400\"><span style=\"font-weight: 400\">D\u00e9fices cognitivos;<\/span><\/li>\n<li style=\"font-weight: 400\"><span style=\"font-weight: 400\">Dificuldades de aprendizagem, generalizadas ou espec\u00edficas;<\/span><\/li>\n<li style=\"font-weight: 400\"><span style=\"font-weight: 400\">Baixo rendimento escolar;<\/span><\/li>\n<li style=\"font-weight: 400\"><span style=\"font-weight: 400\">Desmotiva\u00e7\u00e3o a n\u00edvel acad\u00e9mico;<\/span><\/li>\n<li style=\"font-weight: 400\"><span style=\"font-weight: 400\">Dificuldades emocionais;<\/span><\/li>\n<li style=\"font-weight: 400\"><span style=\"font-weight: 400\">Problemas comportamentais\/sociais.<\/span><\/li>\n<li style=\"font-weight: 400\"><span style=\"font-weight: 400\">Em caso de d\u00favida, contacte-nos e em conjunto avaliaremos a situa\u00e7\u00e3o.<\/span><\/li>\n<\/ul>\n<p>&nbsp;<\/p>\n<p><b>Avalia\u00e7\u00e3o Psicol\u00f3gica<\/b><span style=\"font-weight: 400\"><br \/>\n<\/span><span style=\"font-weight: 400\">A avalia\u00e7\u00e3o psicol\u00f3gica \u00e9 realizada com o objetivo de recolher informa\u00e7\u00e3o sobre um indiv\u00edduo, de modo a conhecer melhor as suas caracter\u00edsticas e potencial em \u00e1reas fundamentais para o seu desenvolvimento pessoal. Esta avalia\u00e7\u00e3o permite dar uma no\u00e7\u00e3o mais clara ao cliente sobre si mesmo. \u00c9 realizado um diagn\u00f3stico e um plano de interven\u00e7\u00e3o psicol\u00f3gico quando o diagn\u00f3stico assim o indicar.<\/span><\/p>\n<p>&nbsp;<\/p>\n<p><span style=\"font-weight: 400\">As avalia\u00e7\u00f5es pautam-se por diferentes tipos, de acordo com as diferentes situa\u00e7\u00f5es e pedidos; desde a avalia\u00e7\u00e3o das compet\u00eancias cognitivas\/intelectuais, avalia\u00e7\u00e3o pedida para apresentar em tribunal, avalia\u00e7\u00e3o da personalidade, orienta\u00e7\u00e3o vocacional, verifica\u00e7\u00e3o de incapacidades psicol\u00f3gicas, \u00e0 avalia\u00e7\u00e3o para a reforma, avalia\u00e7\u00e3o das dificuldades de aprendizagem, altera\u00e7\u00f5es emocionais, entre outras.<\/span><\/p>\n<p><span style=\"font-weight: 400\">Exemplos de situa\u00e7\u00f5es em que uma avalia\u00e7\u00e3o se pode aplicar:<\/span><\/p>\n<p><span style=\"font-weight: 400\">\u201cO seu filho demonstra muita resist\u00eancia \u00e0s tarefas escolares e tem mau aproveitamento. S\u00e3o diversos os motivos que podem explicar esta situa\u00e7\u00e3o: falta de motiva\u00e7\u00e3o, ansiedade de desempenho, dificuldades de aprendizagem, fracos m\u00e9todos de estudo, reduzida toler\u00e2ncia \u00e0 frustra\u00e7\u00e3o, etc. A avalia\u00e7\u00e3o permitir\u00e1 analisar cada uma das vari\u00e1veis e criar um quadro compreensivo que guiar\u00e1 uma a\u00e7\u00e3o mais intencional e eficaz.\u201d<\/span><\/p>\n<p><span style=\"font-weight: 400\">\u201cTem momentos de uma intensa ansiedade. N\u00e3o percebe bem o que se passa, mas a verdade \u00e9 que, em determinados contextos, o seu cora\u00e7\u00e3o palpita freneticamente, a respira\u00e7\u00e3o fica ofegante e sente que n\u00e3o vai sobreviver a tanta ativa\u00e7\u00e3o. Com a ajuda de uma avalia\u00e7\u00e3o, poder\u00e1 compreender melhor o fen\u00f3meno (o que o precipita no momento, as causas que o mant\u00eam e refor\u00e7am, em que contextos, qual a sua fun\u00e7\u00e3o) e a partir desse momento avan\u00e7ar para uma melhoria significativa no seu bem-estar.\u201d<\/span><\/p>\n<\/div>\n\t\t\t\t\t\t<\/div>\n\t\t\t\t<\/div>\n\t\t\t\t\t<\/div>\n\t\t<\/div>\n\t\t\t\t\t<\/div>\n\t\t<\/section>\n\t\t\t\t<section class=\"elementor-section elementor-top-section elementor-element elementor-element-a592cc8 elementor-section-boxed elementor-section-height-default elementor-section-height-default\" data-id=\"a592cc8\" data-element_type=\"section\" data-e-type=\"section\">\n\t\t\t\t\t\t<div class=\"elementor-container elementor-column-gap-default\">\n\t\t\t\t\t<div class=\"elementor-column elementor-col-100 elementor-top-column elementor-element elementor-element-e25ba45\" data-id=\"e25ba45\" data-element_type=\"column\" data-e-type=\"column\">\n\t\t\t<div class=\"elementor-widget-wrap elementor-element-populated\">\n\t\t\t\t\t\t<div class=\"elementor-element elementor-element-fec9576 elementor-widget elementor-widget-thim-our-team\" data-id=\"fec9576\" data-element_type=\"widget\" data-e-type=\"widget\" data-widget_type=\"thim-our-team.default\">\n\t\t\t\t<div class=\"elementor-widget-container\">\n\t\t\t\t\t<div class=\"wrapper-lists-our-team \"><a class=\"join-our-team\" href=\"https:\/\/vitaminap.pt\/pt\/a-nossa-equipa\/\" title=\"Equipa\">Equipa<\/a><div class=\"row\"><div class=\"our-team-item col-sm-3\"><div class=\"our-team-image\"> <img decoding=\"async\" data-src=\"https:\/\/vitaminap.pt\/pt\/wp-content\/uploads\/2024\/04\/Catarina-Loureiro_320-200x200.png\" alt=\"Catarina Loureiro\" title=\"Catarina Loureiro\"  width=\"200\" height=\"200\" src=\"data:image\/svg+xml;base64,PHN2ZyB3aWR0aD0iMSIgaGVpZ2h0PSIxIiB4bWxucz0iaHR0cDovL3d3dy53My5vcmcvMjAwMC9zdmciPjwvc3ZnPg==\" class=\"lazyload\" style=\"--smush-placeholder-width: 200px; --smush-placeholder-aspect-ratio: 200\/200;\"><div class=\"social-team\"><\/div><\/div><div class=\"content-team\"><h4 class=\"title\"><a href=\"https:\/\/vitaminap.pt\/pt\/our_team\/catarina-loureiro\/\">Catarina Loureiro<\/a><\/h4><\/div><\/div><div class=\"our-team-item col-sm-3\"><div class=\"our-team-image\"> <img decoding=\"async\" data-src=\"https:\/\/vitaminap.pt\/pt\/wp-content\/uploads\/2024\/04\/Ines-Santos_320-200x200.png\" alt=\"In\u00eas Santos\" title=\"In\u00eas Santos\"  width=\"200\" height=\"200\" src=\"data:image\/svg+xml;base64,PHN2ZyB3aWR0aD0iMSIgaGVpZ2h0PSIxIiB4bWxucz0iaHR0cDovL3d3dy53My5vcmcvMjAwMC9zdmciPjwvc3ZnPg==\" class=\"lazyload\" style=\"--smush-placeholder-width: 200px; --smush-placeholder-aspect-ratio: 200\/200;\"><div class=\"social-team\"><\/div><\/div><div class=\"content-team\"><h4 class=\"title\"><a href=\"https:\/\/vitaminap.pt\/pt\/our_team\/ines-santos\/\">In\u00eas Santos<\/a><\/h4><\/div><\/div><div class=\"our-team-item col-sm-3\"><div class=\"our-team-image\"> <img decoding=\"async\" data-src=\"https:\/\/vitaminap.pt\/pt\/wp-content\/uploads\/2024\/04\/Joana-Lima_320-200x200.png\" alt=\"Joana Lima\" title=\"Joana Lima\"  width=\"200\" height=\"200\" src=\"data:image\/svg+xml;base64,PHN2ZyB3aWR0aD0iMSIgaGVpZ2h0PSIxIiB4bWxucz0iaHR0cDovL3d3dy53My5vcmcvMjAwMC9zdmciPjwvc3ZnPg==\" class=\"lazyload\" style=\"--smush-placeholder-width: 200px; --smush-placeholder-aspect-ratio: 200\/200;\"><div class=\"social-team\"><\/div><\/div><div class=\"content-team\"><h4 class=\"title\"><a href=\"https:\/\/vitaminap.pt\/pt\/our_team\/joana-lima-2\/\">Joana Lima<\/a><\/h4><\/div><\/div><div class=\"our-team-item col-sm-3\"><div class=\"our-team-image\"> <img decoding=\"async\" data-src=\"https:\/\/vitaminap.pt\/pt\/wp-content\/uploads\/2024\/04\/Marta-Albuquerque-Batista_320-200x200.png\" alt=\"Marta Albuquerque Batista\" title=\"Marta Albuquerque Batista\"  width=\"200\" height=\"200\" src=\"data:image\/svg+xml;base64,PHN2ZyB3aWR0aD0iMSIgaGVpZ2h0PSIxIiB4bWxucz0iaHR0cDovL3d3dy53My5vcmcvMjAwMC9zdmciPjwvc3ZnPg==\" class=\"lazyload\" style=\"--smush-placeholder-width: 200px; --smush-placeholder-aspect-ratio: 200\/200;\"><div class=\"social-team\"><\/div><\/div><div class=\"content-team\"><h4 class=\"title\"><a href=\"https:\/\/vitaminap.pt\/pt\/our_team\/marta-albuquerque-baptista\/\">Marta Albuquerque Baptista<\/a><\/h4><\/div><\/div><div class=\"our-team-item col-sm-3\"><div class=\"our-team-image\"> <img decoding=\"async\" data-src=\"https:\/\/vitaminap.pt\/pt\/wp-content\/uploads\/2024\/04\/Rita-Bustorff-Silva_320-200x200.png\" alt=\"Rita Bustorff Silva\" title=\"Rita Bustorff Silva\"  width=\"200\" height=\"200\" src=\"data:image\/svg+xml;base64,PHN2ZyB3aWR0aD0iMSIgaGVpZ2h0PSIxIiB4bWxucz0iaHR0cDovL3d3dy53My5vcmcvMjAwMC9zdmciPjwvc3ZnPg==\" class=\"lazyload\" style=\"--smush-placeholder-width: 200px; --smush-placeholder-aspect-ratio: 200\/200;\"><div class=\"social-team\"><\/div><\/div><div class=\"content-team\"><h4 class=\"title\"><a href=\"https:\/\/vitaminap.pt\/pt\/our_team\/rita-bustorff-silva-2\/\">Rita Bustorff Silva<\/a><\/h4><\/div><\/div><\/div><\/div>\t\t\t\t<\/div>\n\t\t\t\t<\/div>\n\t\t\t\t\t<\/div>\n\t\t<\/div>\n\t\t\t\t\t<\/div>\n\t\t<\/section>\n\t\t\t\t<\/div>\n\t\t","protected":false},"excerpt":{"rendered":"<p>Orienta\u00e7\u00e3o Vocacional, Dificuldades de Aprendizagem, M\u00e9todos e H\u00e1bitos de Estudo, Motiva\u00e7\u00e3o para a escola<br \/>\n&nbsp;<br \/>\nExperi\u00eancia Profissional<br \/>\nDesde set. 2018<br \/>\nPsic\u00f3loga Educacional | Escola Raiz<br \/>\nDesde jun. 2018<br \/>\nPsic\u00f3loga Educacional | Vitamina P<br \/>\n2015 \u2013 2016 e 2016 \u2013 2017<br \n<\/p>\n","protected":false},"author":4,"featured_media":6869,"parent":0,"menu_order":0,"comment_status":"closed","ping_status":"closed","template":"","meta":{"footnotes":""},"class_list":["post-7217","page","type-page","status-publish","has-post-thumbnail","hentry"],"yoast_head":"<!-- This site is optimized with the Yoast SEO plugin v27.5 - https:\/\/yoast.com\/product\/yoast-seo-wordpress\/ -->\n<title>Avalia\u00e7\u00e3o :: O que \u00e9 o Vitamina P?<\/title>\n<meta name=\"description\" content=\"No Vitamina P pode realizar avalia\u00e7\u00f5es integradas no processo terap\u00eautico em curso ou solicitar uma avalia\u00e7\u00e3o pontual.\" \/>\n<meta name=\"robots\" content=\"index, follow, max-snippet:-1, max-image-preview:large, max-video-preview:-1\" \/>\n<link rel=\"canonical\" href=\"https:\/\/vitaminap.pt\/pt\/avaliacao\/\" \/>\n<meta property=\"og:locale\" content=\"pt_PT\" \/>\n<meta property=\"og:type\" content=\"article\" \/>\n<meta property=\"og:title\" content=\"Avalia\u00e7\u00e3o\" \/>\n<meta property=\"og:description\" content=\"No Vitamina P pode realizar avalia\u00e7\u00f5es integradas no processo terap\u00eautico em curso ou solicitar uma avalia\u00e7\u00e3o pontual\" \/>\n<meta property=\"og:url\" content=\"https:\/\/vitaminap.pt\/pt\/avaliacao\/\" \/>\n<meta property=\"og:site_name\" content=\"Vitamina P\" \/>\n<meta property=\"article:publisher\" content=\"https:\/\/www.facebook.com\/vitaminaP.pt\" \/>\n<meta property=\"article:modified_time\" content=\"2024-06-26T11:08:04+00:00\" \/>\n<meta property=\"og:image\" content=\"https:\/\/vitaminap.pt\/pt\/wp-content\/uploads\/2023\/04\/avaliacao_v1.jpg\" \/>\n\t<meta property=\"og:image:width\" content=\"750\" \/>\n\t<meta property=\"og:image:height\" content=\"501\" \/>\n\t<meta property=\"og:image:type\" content=\"image\/jpeg\" \/>\n<meta name=\"twitter:card\" content=\"summary_large_image\" \/>\n<meta name=\"twitter:title\" content=\"Avalia\u00e7\u00e3o\" \/>\n<meta name=\"twitter:description\" content=\"No Vitamina P pode realizar avalia\u00e7\u00f5es integradas no processo terap\u00eautico em curso ou solicitar uma avalia\u00e7\u00e3o pontual\" \/>\n<meta name=\"twitter:image\" content=\"https:\/\/vitaminap.pt\/pt\/wp-content\/uploads\/2023\/04\/avaliacao_v1.jpg\" \/>\n<meta name=\"twitter:label1\" content=\"Tempo estimado de leitura\" \/>\n\t<meta name=\"twitter:data1\" content=\"5 minutos\" \/>\n<script type=\"application\/ld+json\" class=\"yoast-schema-graph\">{\"@context\":\"https:\\\/\\\/schema.org\",\"@graph\":[{\"@type\":\"WebPage\",\"@id\":\"https:\\\/\\\/vitaminap.pt\\\/pt\\\/avaliacao\\\/\",\"url\":\"https:\\\/\\\/vitaminap.pt\\\/pt\\\/avaliacao\\\/\",\"name\":\"Avalia\u00e7\u00e3o :: O que \u00e9 o Vitamina P?\",\"isPartOf\":{\"@id\":\"https:\\\/\\\/vitaminap.pt\\\/pt\\\/#website\"},\"primaryImageOfPage\":{\"@id\":\"https:\\\/\\\/vitaminap.pt\\\/pt\\\/avaliacao\\\/#primaryimage\"},\"image\":{\"@id\":\"https:\\\/\\\/vitaminap.pt\\\/pt\\\/avaliacao\\\/#primaryimage\"},\"thumbnailUrl\":\"https:\\\/\\\/vitaminap.pt\\\/pt\\\/wp-content\\\/uploads\\\/2023\\\/04\\\/avaliacao_v1.jpg\",\"datePublished\":\"2023-04-13T12:09:55+00:00\",\"dateModified\":\"2024-06-26T11:08:04+00:00\",\"description\":\"No Vitamina P pode realizar avalia\u00e7\u00f5es integradas no processo terap\u00eautico em curso ou solicitar uma avalia\u00e7\u00e3o pontual.\",\"breadcrumb\":{\"@id\":\"https:\\\/\\\/vitaminap.pt\\\/pt\\\/avaliacao\\\/#breadcrumb\"},\"inLanguage\":\"pt-PT\",\"potentialAction\":[{\"@type\":\"ReadAction\",\"target\":[\"https:\\\/\\\/vitaminap.pt\\\/pt\\\/avaliacao\\\/\"]}]},{\"@type\":\"ImageObject\",\"inLanguage\":\"pt-PT\",\"@id\":\"https:\\\/\\\/vitaminap.pt\\\/pt\\\/avaliacao\\\/#primaryimage\",\"url\":\"https:\\\/\\\/vitaminap.pt\\\/pt\\\/wp-content\\\/uploads\\\/2023\\\/04\\\/avaliacao_v1.jpg\",\"contentUrl\":\"https:\\\/\\\/vitaminap.pt\\\/pt\\\/wp-content\\\/uploads\\\/2023\\\/04\\\/avaliacao_v1.jpg\",\"width\":750,\"height\":501,\"caption\":\"AVALIA\u00c7\u00c3O\"},{\"@type\":\"BreadcrumbList\",\"@id\":\"https:\\\/\\\/vitaminap.pt\\\/pt\\\/avaliacao\\\/#breadcrumb\",\"itemListElement\":[{\"@type\":\"ListItem\",\"position\":1,\"name\":\"In\u00edcio\",\"item\":\"https:\\\/\\\/vitaminap.pt\\\/pt\\\/\"},{\"@type\":\"ListItem\",\"position\":2,\"name\":\"Avalia\u00e7\u00e3o\"}]},{\"@type\":\"WebSite\",\"@id\":\"https:\\\/\\\/vitaminap.pt\\\/pt\\\/#website\",\"url\":\"https:\\\/\\\/vitaminap.pt\\\/pt\\\/\",\"name\":\"Vitamina P\",\"description\":\"psicologia, sa\u00fade P bem-estar\",\"publisher\":{\"@id\":\"https:\\\/\\\/vitaminap.pt\\\/pt\\\/#organization\"},\"potentialAction\":[{\"@type\":\"SearchAction\",\"target\":{\"@type\":\"EntryPoint\",\"urlTemplate\":\"https:\\\/\\\/vitaminap.pt\\\/pt\\\/?s={search_term_string}\"},\"query-input\":{\"@type\":\"PropertyValueSpecification\",\"valueRequired\":true,\"valueName\":\"search_term_string\"}}],\"inLanguage\":\"pt-PT\"},{\"@type\":\"Organization\",\"@id\":\"https:\\\/\\\/vitaminap.pt\\\/pt\\\/#organization\",\"name\":\"Vitamina P\",\"url\":\"https:\\\/\\\/vitaminap.pt\\\/pt\\\/\",\"logo\":{\"@type\":\"ImageObject\",\"inLanguage\":\"pt-PT\",\"@id\":\"https:\\\/\\\/vitaminap.pt\\\/pt\\\/#\\\/schema\\\/logo\\\/image\\\/\",\"url\":\"https:\\\/\\\/vitaminap.pt\\\/pt\\\/wp-content\\\/uploads\\\/2023\\\/03\\\/logo_750_transp.png\",\"contentUrl\":\"https:\\\/\\\/vitaminap.pt\\\/pt\\\/wp-content\\\/uploads\\\/2023\\\/03\\\/logo_750_transp.png\",\"width\":736,\"height\":201,\"caption\":\"Vitamina P\"},\"image\":{\"@id\":\"https:\\\/\\\/vitaminap.pt\\\/pt\\\/#\\\/schema\\\/logo\\\/image\\\/\"},\"sameAs\":[\"https:\\\/\\\/www.facebook.com\\\/vitaminaP.pt\"]}]}<\/script>\n<!-- \/ Yoast SEO plugin. -->","yoast_head_json":{"title":"Avalia\u00e7\u00e3o :: O que \u00e9 o Vitamina P?","description":"No Vitamina P pode realizar avalia\u00e7\u00f5es integradas no processo terap\u00eautico em curso ou solicitar uma avalia\u00e7\u00e3o pontual.","robots":{"index":"index","follow":"follow","max-snippet":"max-snippet:-1","max-image-preview":"max-image-preview:large","max-video-preview":"max-video-preview:-1"},"canonical":"https:\/\/vitaminap.pt\/pt\/avaliacao\/","og_locale":"pt_PT","og_type":"article","og_title":"Avalia\u00e7\u00e3o","og_description":"No Vitamina P pode realizar avalia\u00e7\u00f5es integradas no processo terap\u00eautico em curso ou solicitar uma avalia\u00e7\u00e3o pontual","og_url":"https:\/\/vitaminap.pt\/pt\/avaliacao\/","og_site_name":"Vitamina P","article_publisher":"https:\/\/www.facebook.com\/vitaminaP.pt","article_modified_time":"2024-06-26T11:08:04+00:00","og_image":[{"width":750,"height":501,"url":"https:\/\/vitaminap.pt\/pt\/wp-content\/uploads\/2023\/04\/avaliacao_v1.jpg","type":"image\/jpeg"}],"twitter_card":"summary_large_image","twitter_title":"Avalia\u00e7\u00e3o","twitter_description":"No Vitamina P pode realizar avalia\u00e7\u00f5es integradas no processo terap\u00eautico em curso ou solicitar uma avalia\u00e7\u00e3o pontual","twitter_image":"https:\/\/vitaminap.pt\/pt\/wp-content\/uploads\/2023\/04\/avaliacao_v1.jpg","twitter_misc":{"Tempo estimado de leitura":"5 minutos"},"schema":{"@context":"https:\/\/schema.org","@graph":[{"@type":"WebPage","@id":"https:\/\/vitaminap.pt\/pt\/avaliacao\/","url":"https:\/\/vitaminap.pt\/pt\/avaliacao\/","name":"Avalia\u00e7\u00e3o :: O que \u00e9 o Vitamina P?","isPartOf":{"@id":"https:\/\/vitaminap.pt\/pt\/#website"},"primaryImageOfPage":{"@id":"https:\/\/vitaminap.pt\/pt\/avaliacao\/#primaryimage"},"image":{"@id":"https:\/\/vitaminap.pt\/pt\/avaliacao\/#primaryimage"},"thumbnailUrl":"https:\/\/vitaminap.pt\/pt\/wp-content\/uploads\/2023\/04\/avaliacao_v1.jpg","datePublished":"2023-04-13T12:09:55+00:00","dateModified":"2024-06-26T11:08:04+00:00","description":"No Vitamina P pode realizar avalia\u00e7\u00f5es integradas no processo terap\u00eautico em curso ou solicitar uma avalia\u00e7\u00e3o pontual.","breadcrumb":{"@id":"https:\/\/vitaminap.pt\/pt\/avaliacao\/#breadcrumb"},"inLanguage":"pt-PT","potentialAction":[{"@type":"ReadAction","target":["https:\/\/vitaminap.pt\/pt\/avaliacao\/"]}]},{"@type":"ImageObject","inLanguage":"pt-PT","@id":"https:\/\/vitaminap.pt\/pt\/avaliacao\/#primaryimage","url":"https:\/\/vitaminap.pt\/pt\/wp-content\/uploads\/2023\/04\/avaliacao_v1.jpg","contentUrl":"https:\/\/vitaminap.pt\/pt\/wp-content\/uploads\/2023\/04\/avaliacao_v1.jpg","width":750,"height":501,"caption":"AVALIA\u00c7\u00c3O"},{"@type":"BreadcrumbList","@id":"https:\/\/vitaminap.pt\/pt\/avaliacao\/#breadcrumb","itemListElement":[{"@type":"ListItem","position":1,"name":"In\u00edcio","item":"https:\/\/vitaminap.pt\/pt\/"},{"@type":"ListItem","position":2,"name":"Avalia\u00e7\u00e3o"}]},{"@type":"WebSite","@id":"https:\/\/vitaminap.pt\/pt\/#website","url":"https:\/\/vitaminap.pt\/pt\/","name":"Vitamina P","description":"psicologia, sa\u00fade P bem-estar","publisher":{"@id":"https:\/\/vitaminap.pt\/pt\/#organization"},"potentialAction":[{"@type":"SearchAction","target":{"@type":"EntryPoint","urlTemplate":"https:\/\/vitaminap.pt\/pt\/?s={search_term_string}"},"query-input":{"@type":"PropertyValueSpecification","valueRequired":true,"valueName":"search_term_string"}}],"inLanguage":"pt-PT"},{"@type":"Organization","@id":"https:\/\/vitaminap.pt\/pt\/#organization","name":"Vitamina P","url":"https:\/\/vitaminap.pt\/pt\/","logo":{"@type":"ImageObject","inLanguage":"pt-PT","@id":"https:\/\/vitaminap.pt\/pt\/#\/schema\/logo\/image\/","url":"https:\/\/vitaminap.pt\/pt\/wp-content\/uploads\/2023\/03\/logo_750_transp.png","contentUrl":"https:\/\/vitaminap.pt\/pt\/wp-content\/uploads\/2023\/03\/logo_750_transp.png","width":736,"height":201,"caption":"Vitamina P"},"image":{"@id":"https:\/\/vitaminap.pt\/pt\/#\/schema\/logo\/image\/"},"sameAs":["https:\/\/www.facebook.com\/vitaminaP.pt"]}]}},"_links":{"self":[{"href":"https:\/\/vitaminap.pt\/pt\/wp-json\/wp\/v2\/pages\/7217","targetHints":{"allow":["GET"]}}],"collection":[{"href":"https:\/\/vitaminap.pt\/pt\/wp-json\/wp\/v2\/pages"}],"about":[{"href":"https:\/\/vitaminap.pt\/pt\/wp-json\/wp\/v2\/types\/page"}],"author":[{"embeddable":true,"href":"https:\/\/vitaminap.pt\/pt\/wp-json\/wp\/v2\/users\/4"}],"replies":[{"embeddable":true,"href":"https:\/\/vitaminap.pt\/pt\/wp-json\/wp\/v2\/comments?post=7217"}],"version-history":[{"count":5,"href":"https:\/\/vitaminap.pt\/pt\/wp-json\/wp\/v2\/pages\/7217\/revisions"}],"predecessor-version":[{"id":8387,"href":"https:\/\/vitaminap.pt\/pt\/wp-json\/wp\/v2\/pages\/7217\/revisions\/8387"}],"wp:featuredmedia":[{"embeddable":true,"href":"https:\/\/vitaminap.pt\/pt\/wp-json\/wp\/v2\/media\/6869"}],"wp:attachment":[{"href":"https:\/\/vitaminap.pt\/pt\/wp-json\/wp\/v2\/media?parent=7217"}],"curies":[{"name":"wp","href":"https:\/\/api.w.org\/{rel}","templated":true}]}}