{"id":7232,"date":"2023-04-14T10:37:23","date_gmt":"2023-04-14T10:37:23","guid":{"rendered":"https:\/\/vitaminap.pt\/pt\/?page_id=7232"},"modified":"2024-06-25T10:07:08","modified_gmt":"2024-06-25T10:07:08","slug":"consultas-online","status":"publish","type":"page","link":"https:\/\/vitaminap.pt\/pt\/consultas-online\/","title":{"rendered":"Consultas Online"},"content":{"rendered":"\t\t<div data-elementor-type=\"wp-post\" data-elementor-id=\"7232\" class=\"elementor elementor-7232\" data-elementor-post-type=\"page\">\n\t\t\t\t\t\t<section class=\"elementor-section elementor-top-section elementor-element elementor-element-676ad05d thim_1_col_tablet elementor-section-boxed elementor-section-height-default elementor-section-height-default\" data-id=\"676ad05d\" data-element_type=\"section\" data-e-type=\"section\">\n\t\t\t\t\t\t<div class=\"elementor-container elementor-column-gap-extended\">\n\t\t\t\t\t<div class=\"elementor-column elementor-col-50 elementor-top-column elementor-element elementor-element-750bb3ac\" data-id=\"750bb3ac\" data-element_type=\"column\" data-e-type=\"column\">\n\t\t\t<div class=\"elementor-widget-wrap elementor-element-populated\">\n\t\t\t\t\t\t<div class=\"elementor-element elementor-element-54a4e840 elementor-widget elementor-widget-image\" data-id=\"54a4e840\" data-element_type=\"widget\" data-e-type=\"widget\" data-widget_type=\"image.default\">\n\t\t\t\t<div class=\"elementor-widget-container\">\n\t\t\t\t\t\t\t\t\t\t\t\t\t\t\t<img fetchpriority=\"high\" decoding=\"async\" width=\"750\" height=\"500\" src=\"https:\/\/vitaminap.pt\/pt\/wp-content\/uploads\/2023\/04\/consultas_online_v1.jpg\" class=\"attachment-full size-full wp-image-7233\" alt=\"Consultas Online\" srcset=\"https:\/\/vitaminap.pt\/pt\/wp-content\/uploads\/2023\/04\/consultas_online_v1.jpg 750w, https:\/\/vitaminap.pt\/pt\/wp-content\/uploads\/2023\/04\/consultas_online_v1-300x200.jpg 300w, https:\/\/vitaminap.pt\/pt\/wp-content\/uploads\/2023\/04\/consultas_online_v1-600x400.jpg 600w\" sizes=\"(max-width: 750px) 100vw, 750px\" \/>\t\t\t\t\t\t\t\t\t\t\t\t\t\t\t<\/div>\n\t\t\t\t<\/div>\n\t\t\t\t\t<\/div>\n\t\t<\/div>\n\t\t\t\t<div class=\"elementor-column elementor-col-50 elementor-top-column elementor-element elementor-element-31972011\" data-id=\"31972011\" data-element_type=\"column\" data-e-type=\"column\">\n\t\t\t<div class=\"elementor-widget-wrap elementor-element-populated\">\n\t\t\t\t\t\t<div class=\"elementor-element elementor-element-1de68135 elementor-widget elementor-widget-wp-widget-text\" data-id=\"1de68135\" data-element_type=\"widget\" data-e-type=\"widget\" data-widget_type=\"wp-widget-text.default\">\n\t\t\t\t<div class=\"elementor-widget-container\">\n\t\t\t\t\t<h5>Consultas Online<\/h5>\t\t\t<div class=\"textwidget\"><\/div>\n\t\t\t\t\t\t<\/div>\n\t\t\t\t<\/div>\n\t\t\t\t<div class=\"elementor-element elementor-element-3886378 elementor-widget elementor-widget-wp-widget-text\" data-id=\"3886378\" data-element_type=\"widget\" data-e-type=\"widget\" data-widget_type=\"wp-widget-text.default\">\n\t\t\t\t<div class=\"elementor-widget-container\">\n\t\t\t\t\t\t\t\t<div class=\"textwidget\"><p><span style=\"font-weight: 400\">Se est\u00e1 longe e quer beneficiar dos servi\u00e7os do Vitamina P, temos uma solu\u00e7\u00e3o online para responder a algumas das suas necessidades.<\/span><\/p>\n<p><span style=\"font-weight: 400\">As consultas online s\u00e3o realizadas num espa\u00e7o pr\u00f3prio, privado e com isolamento sonoro onde o especialista \u201crecebe\u201d o seu cliente e realiza o processo terap\u00eautico num ambiente muito semelhante ao presencial.<\/span><\/p>\n<p>&nbsp;<\/p>\n<\/div>\n\t\t\t\t\t\t<\/div>\n\t\t\t\t<\/div>\n\t\t\t\t\t<\/div>\n\t\t<\/div>\n\t\t\t\t\t<\/div>\n\t\t<\/section>\n\t\t\t\t<section class=\"elementor-section elementor-top-section elementor-element elementor-element-01d7d9f thim_1_col_tablet elementor-section-boxed elementor-section-height-default elementor-section-height-default\" data-id=\"01d7d9f\" data-element_type=\"section\" data-e-type=\"section\">\n\t\t\t\t\t\t<div class=\"elementor-container elementor-column-gap-extended\">\n\t\t\t\t\t<div class=\"elementor-column elementor-col-100 elementor-top-column elementor-element elementor-element-f2a3738\" data-id=\"f2a3738\" data-element_type=\"column\" data-e-type=\"column\">\n\t\t\t<div class=\"elementor-widget-wrap elementor-element-populated\">\n\t\t\t\t\t\t<div class=\"elementor-element elementor-element-c697bae elementor-widget elementor-widget-wp-widget-text\" data-id=\"c697bae\" data-element_type=\"widget\" data-e-type=\"widget\" data-widget_type=\"wp-widget-text.default\">\n\t\t\t\t<div class=\"elementor-widget-container\">\n\t\t\t\t\t\t\t\t<div class=\"textwidget\"><p><span style=\"font-weight: 400\">As consultas online podem surgir quando o cliente:<\/span><\/p>\n<ul>\n<li style=\"font-weight: 400\"><span style=\"font-weight: 400\">Se ausenta do pa\u00eds ou est\u00e1 longe do Vitamina P por per\u00edodos curtos ou prolongados;<\/span><\/li>\n<li style=\"font-weight: 400\"><span style=\"font-weight: 400\">Sente que precisa de ajuda e quer realizar as consultas na sua l\u00edngua materna, estando a residir no estrangeiro;<\/span><\/li>\n<li style=\"font-weight: 400\"><span style=\"font-weight: 400\">Domina a l\u00edngua inglesa e quer fazer consultas em ingl\u00eas, \u00e0 dist\u00e2ncia, numa determinada \u00e1rea em que o Vitamina P tem especialistas muito experientes;<\/span><\/li>\n<li style=\"font-weight: 400\"><span style=\"font-weight: 400\">Pretende realizar a sua consulta em casa, sem que ningu\u00e9m saiba que est\u00e1 em processo terap\u00eautico.<\/span><\/li>\n<\/ul>\n<p><span style=\"font-weight: 400\">As consultas online podem passar a ser presenciais, desde que o cliente assim o deseje.<\/span><\/p>\n<\/div>\n\t\t\t\t\t\t<\/div>\n\t\t\t\t<\/div>\n\t\t\t\t\t<\/div>\n\t\t<\/div>\n\t\t\t\t\t<\/div>\n\t\t<\/section>\n\t\t\t\t<section class=\"elementor-section elementor-top-section elementor-element elementor-element-71df854 elementor-section-boxed elementor-section-height-default elementor-section-height-default\" data-id=\"71df854\" data-element_type=\"section\" data-e-type=\"section\">\n\t\t\t\t\t\t<div class=\"elementor-container elementor-column-gap-default\">\n\t\t\t\t\t<div class=\"elementor-column elementor-col-100 elementor-top-column elementor-element elementor-element-872ae37\" data-id=\"872ae37\" data-element_type=\"column\" data-e-type=\"column\">\n\t\t\t<div class=\"elementor-widget-wrap elementor-element-populated\">\n\t\t\t\t\t\t<div class=\"elementor-element elementor-element-3ea5cd2 elementor-widget elementor-widget-thim-our-team\" data-id=\"3ea5cd2\" data-element_type=\"widget\" data-e-type=\"widget\" data-widget_type=\"thim-our-team.default\">\n\t\t\t\t<div class=\"elementor-widget-container\">\n\t\t\t\t\t<div class=\"wrapper-lists-our-team \"><a class=\"join-our-team\" href=\"https:\/\/vitaminap.pt\/pt\/a-nossa-equipa\/\" title=\"Equipa\">Equipa<\/a><div class=\"row\"><div class=\"our-team-item col-sm-3\"><div class=\"our-team-image\"> <img decoding=\"async\" data-src=\"https:\/\/vitaminap.pt\/pt\/wp-content\/uploads\/2024\/04\/Filipa-Albuquerque_320-200x200.png\" alt=\"Filipa Albuquerque\" title=\"Filipa Albuquerque\"  width=\"200\" height=\"200\" src=\"data:image\/svg+xml;base64,PHN2ZyB3aWR0aD0iMSIgaGVpZ2h0PSIxIiB4bWxucz0iaHR0cDovL3d3dy53My5vcmcvMjAwMC9zdmciPjwvc3ZnPg==\" class=\"lazyload\" style=\"--smush-placeholder-width: 200px; --smush-placeholder-aspect-ratio: 200\/200;\"><div class=\"social-team\"><\/div><\/div><div class=\"content-team\"><h4 class=\"title\"><a href=\"https:\/\/vitaminap.pt\/pt\/our_team\/filipa-albuquerque\/\">Filipa Albuquerque<\/a><\/h4><\/div><\/div><div class=\"our-team-item col-sm-3\"><div class=\"our-team-image\"> <img decoding=\"async\" data-src=\"https:\/\/vitaminap.pt\/pt\/wp-content\/uploads\/2024\/04\/Ines-Benkovskaia_320-200x200.png\" alt=\"Ines Benkovskaia\" title=\"Ines Benkovskaia\"  width=\"200\" height=\"200\" src=\"data:image\/svg+xml;base64,PHN2ZyB3aWR0aD0iMSIgaGVpZ2h0PSIxIiB4bWxucz0iaHR0cDovL3d3dy53My5vcmcvMjAwMC9zdmciPjwvc3ZnPg==\" class=\"lazyload\" style=\"--smush-placeholder-width: 200px; --smush-placeholder-aspect-ratio: 200\/200;\"><div class=\"social-team\"><\/div><\/div><div class=\"content-team\"><h4 class=\"title\"><a href=\"https:\/\/vitaminap.pt\/pt\/our_team\/ines-vieira-benkovskaia\/\">In\u00eas Vieira Benkovskaia<\/a><\/h4><\/div><\/div><div class=\"our-team-item col-sm-3\"><div class=\"our-team-image\"> <img decoding=\"async\" data-src=\"https:\/\/vitaminap.pt\/pt\/wp-content\/uploads\/2024\/04\/Joana-Barbosa_320-200x200.png\" alt=\"Joana Barbosa\" title=\"Joana Barbosa\"  width=\"200\" height=\"200\" src=\"data:image\/svg+xml;base64,PHN2ZyB3aWR0aD0iMSIgaGVpZ2h0PSIxIiB4bWxucz0iaHR0cDovL3d3dy53My5vcmcvMjAwMC9zdmciPjwvc3ZnPg==\" class=\"lazyload\" style=\"--smush-placeholder-width: 200px; --smush-placeholder-aspect-ratio: 200\/200;\"><div class=\"social-team\"><\/div><\/div><div class=\"content-team\"><h4 class=\"title\"><a href=\"https:\/\/vitaminap.pt\/pt\/our_team\/joana-barbosa-2\/\">Joana Barbosa<\/a><\/h4><\/div><\/div><div class=\"our-team-item col-sm-3\"><div class=\"our-team-image\"> <img decoding=\"async\" data-src=\"https:\/\/vitaminap.pt\/pt\/wp-content\/uploads\/2024\/04\/Joaquim-Vitor_320-200x200.png\" alt=\"Joaquim Vitor\" title=\"Joaquim Vitor\"  width=\"200\" height=\"200\" src=\"data:image\/svg+xml;base64,PHN2ZyB3aWR0aD0iMSIgaGVpZ2h0PSIxIiB4bWxucz0iaHR0cDovL3d3dy53My5vcmcvMjAwMC9zdmciPjwvc3ZnPg==\" class=\"lazyload\" style=\"--smush-placeholder-width: 200px; --smush-placeholder-aspect-ratio: 200\/200;\"><div class=\"social-team\"><\/div><\/div><div class=\"content-team\"><h4 class=\"title\"><a href=\"https:\/\/vitaminap.pt\/pt\/our_team\/joaquim-vitor-2\/\">Joaquim V\u00edtor<\/a><\/h4><\/div><\/div><div class=\"our-team-item col-sm-3\"><div class=\"our-team-image\"> <img decoding=\"async\" data-src=\"https:\/\/vitaminap.pt\/pt\/wp-content\/uploads\/2024\/04\/Margarida-Silveira-Rodrigues_320-200x200.png\" alt=\"Margarida Silveira Rodrigues\" title=\"Margarida Silveira Rodrigues\"  width=\"200\" height=\"200\" src=\"data:image\/svg+xml;base64,PHN2ZyB3aWR0aD0iMSIgaGVpZ2h0PSIxIiB4bWxucz0iaHR0cDovL3d3dy53My5vcmcvMjAwMC9zdmciPjwvc3ZnPg==\" class=\"lazyload\" style=\"--smush-placeholder-width: 200px; --smush-placeholder-aspect-ratio: 200\/200;\"><div class=\"social-team\"><\/div><\/div><div class=\"content-team\"><h4 class=\"title\"><a href=\"https:\/\/vitaminap.pt\/pt\/our_team\/margarida-silveira-rodrigues-2\/\">Margarida Silveira Rodrigues<\/a><\/h4><\/div><\/div><div class=\"our-team-item col-sm-3\"><div class=\"our-team-image\"> <img decoding=\"async\" data-src=\"https:\/\/vitaminap.pt\/pt\/wp-content\/uploads\/2024\/04\/Maria-Cid_320-200x200.png\" alt=\"Maria Cid\" title=\"Maria Cid\"  width=\"200\" height=\"200\" src=\"data:image\/svg+xml;base64,PHN2ZyB3aWR0aD0iMSIgaGVpZ2h0PSIxIiB4bWxucz0iaHR0cDovL3d3dy53My5vcmcvMjAwMC9zdmciPjwvc3ZnPg==\" class=\"lazyload\" style=\"--smush-placeholder-width: 200px; --smush-placeholder-aspect-ratio: 200\/200;\"><div class=\"social-team\"><\/div><\/div><div class=\"content-team\"><h4 class=\"title\"><a href=\"https:\/\/vitaminap.pt\/pt\/our_team\/maria-sobral-cid\/\">Maria Sobral Cid<\/a><\/h4><\/div><\/div><div class=\"our-team-item col-sm-3\"><div class=\"our-team-image\"> <img decoding=\"async\" data-src=\"https:\/\/vitaminap.pt\/pt\/wp-content\/uploads\/2024\/04\/Marta-Albuquerque-Batista_320-200x200.png\" alt=\"Marta Albuquerque Batista\" title=\"Marta Albuquerque Batista\"  width=\"200\" height=\"200\" src=\"data:image\/svg+xml;base64,PHN2ZyB3aWR0aD0iMSIgaGVpZ2h0PSIxIiB4bWxucz0iaHR0cDovL3d3dy53My5vcmcvMjAwMC9zdmciPjwvc3ZnPg==\" class=\"lazyload\" style=\"--smush-placeholder-width: 200px; --smush-placeholder-aspect-ratio: 200\/200;\"><div class=\"social-team\"><\/div><\/div><div class=\"content-team\"><h4 class=\"title\"><a href=\"https:\/\/vitaminap.pt\/pt\/our_team\/marta-albuquerque-baptista\/\">Marta Albuquerque Baptista<\/a><\/h4><\/div><\/div><div class=\"our-team-item col-sm-3\"><div class=\"our-team-image\"> <img decoding=\"async\" data-src=\"https:\/\/vitaminap.pt\/pt\/wp-content\/uploads\/2024\/04\/Teodomiro-Pires_320-200x200.png\" alt=\"Teodomiro Pires\" title=\"Teodomiro Pires\"  width=\"200\" height=\"200\" src=\"data:image\/svg+xml;base64,PHN2ZyB3aWR0aD0iMSIgaGVpZ2h0PSIxIiB4bWxucz0iaHR0cDovL3d3dy53My5vcmcvMjAwMC9zdmciPjwvc3ZnPg==\" class=\"lazyload\" style=\"--smush-placeholder-width: 200px; --smush-placeholder-aspect-ratio: 200\/200;\"><div class=\"social-team\"><\/div><\/div><div class=\"content-team\"><h4 class=\"title\"><a href=\"https:\/\/vitaminap.pt\/pt\/our_team\/teodomiro-urbano-pires\/\">Teodomiro Urbano Pires<\/a><\/h4><\/div><\/div><div class=\"our-team-item col-sm-3\"><div class=\"our-team-image\"> <img decoding=\"async\" data-src=\"https:\/\/vitaminap.pt\/pt\/wp-content\/uploads\/2024\/04\/Teresa-Aires_320-200x200.png\" alt=\"Teresa Aires\" title=\"Teresa Aires\"  width=\"200\" height=\"200\" src=\"data:image\/svg+xml;base64,PHN2ZyB3aWR0aD0iMSIgaGVpZ2h0PSIxIiB4bWxucz0iaHR0cDovL3d3dy53My5vcmcvMjAwMC9zdmciPjwvc3ZnPg==\" class=\"lazyload\" style=\"--smush-placeholder-width: 200px; --smush-placeholder-aspect-ratio: 200\/200;\"><div class=\"social-team\"><\/div><\/div><div class=\"content-team\"><h4 class=\"title\"><a href=\"https:\/\/vitaminap.pt\/pt\/our_team\/teresa-aires\/\">Teresa Aires<\/a><\/h4><\/div><\/div><div class=\"our-team-item col-sm-3\"><div class=\"our-team-image\"> <img decoding=\"async\" data-src=\"https:\/\/vitaminap.pt\/pt\/wp-content\/uploads\/2024\/04\/Teresa-Leite_320-200x200.png\" alt=\"Teresa Leite\" title=\"Teresa Leite\"  width=\"200\" height=\"200\" src=\"data:image\/svg+xml;base64,PHN2ZyB3aWR0aD0iMSIgaGVpZ2h0PSIxIiB4bWxucz0iaHR0cDovL3d3dy53My5vcmcvMjAwMC9zdmciPjwvc3ZnPg==\" class=\"lazyload\" style=\"--smush-placeholder-width: 200px; --smush-placeholder-aspect-ratio: 200\/200;\"><div class=\"social-team\"><\/div><\/div><div class=\"content-team\"><h4 class=\"title\"><a href=\"https:\/\/vitaminap.pt\/pt\/our_team\/teresa-aires-2\/\">Teresa Leite<\/a><\/h4><\/div><\/div><\/div><\/div>\t\t\t\t<\/div>\n\t\t\t\t<\/div>\n\t\t\t\t\t<\/div>\n\t\t<\/div>\n\t\t\t\t\t<\/div>\n\t\t<\/section>\n\t\t\t\t<\/div>\n\t\t","protected":false},"excerpt":{"rendered":"<p>C\u00e9dula Profissional: 3191<br \/>\nDocente Universit\u00e1ria nos cursos de Psicologia (licenciatura, mestrado e doutoramento)<br \/>\nInterven\u00e7\u00e3o Direta &#8211; Psicoterapia (adultos e adolescentes) , Musicoterapia, Terapia Familiar e de Casal (fam\u00edlias\/casais multiculturais), Aconselhamento Parental, Consultas Online, em portugu\u00eas, ingl\u00eas e espanhol.<br \/>\nExperi\u00eancia Profissional<br \n<\/p>\n","protected":false},"author":4,"featured_media":7233,"parent":0,"menu_order":0,"comment_status":"closed","ping_status":"closed","template":"","meta":{"footnotes":""},"class_list":["post-7232","page","type-page","status-publish","has-post-thumbnail","hentry"],"yoast_head":"<!-- This site is optimized with the Yoast SEO plugin v27.5 - https:\/\/yoast.com\/product\/yoast-seo-wordpress\/ -->\n<title>Consultas Online :: O que \u00e9 o Vitamina P?<\/title>\n<meta name=\"description\" content=\"Se est\u00e1 longe e quer beneficiar dos servi\u00e7os do Vitamina P, temos uma solu\u00e7\u00e3o Online para responder a algumas das suas necessidades.\" \/>\n<meta name=\"robots\" content=\"index, follow, max-snippet:-1, max-image-preview:large, max-video-preview:-1\" \/>\n<link rel=\"canonical\" href=\"https:\/\/vitaminap.pt\/pt\/consultas-online\/\" \/>\n<meta property=\"og:locale\" content=\"pt_PT\" \/>\n<meta property=\"og:type\" content=\"article\" \/>\n<meta property=\"og:title\" content=\"Consultas Online\" \/>\n<meta property=\"og:description\" content=\"Se est\u00e1 longe e quer beneficiar dos servi\u00e7os do Vitamina P, temos uma solu\u00e7\u00e3o Online para responder a algumas das suas necessidades.\" \/>\n<meta property=\"og:url\" content=\"https:\/\/vitaminap.pt\/pt\/consultas-online\/\" \/>\n<meta property=\"og:site_name\" content=\"Vitamina P\" \/>\n<meta property=\"article:publisher\" content=\"https:\/\/www.facebook.com\/vitaminaP.pt\" \/>\n<meta property=\"article:modified_time\" content=\"2024-06-25T10:07:08+00:00\" \/>\n<meta property=\"og:image\" content=\"https:\/\/vitaminap.pt\/pt\/wp-content\/uploads\/2023\/04\/consultas_online_v1.jpg\" \/>\n\t<meta property=\"og:image:width\" content=\"750\" \/>\n\t<meta property=\"og:image:height\" content=\"500\" \/>\n\t<meta property=\"og:image:type\" content=\"image\/jpeg\" \/>\n<meta name=\"twitter:card\" content=\"summary_large_image\" \/>\n<meta name=\"twitter:title\" content=\"Consultas Online\" \/>\n<meta name=\"twitter:description\" content=\"Se est\u00e1 longe e quer beneficiar dos servi\u00e7os do Vitamina P, temos uma solu\u00e7\u00e3o Online para responder a algumas das suas necessidades.\" \/>\n<meta name=\"twitter:image\" content=\"https:\/\/vitaminap.pt\/pt\/wp-content\/uploads\/2023\/04\/consultas_online_v1.jpg\" \/>\n<meta name=\"twitter:label1\" content=\"Tempo estimado de leitura\" \/>\n\t<meta name=\"twitter:data1\" content=\"4 minutos\" \/>\n<script type=\"application\/ld+json\" class=\"yoast-schema-graph\">{\"@context\":\"https:\\\/\\\/schema.org\",\"@graph\":[{\"@type\":\"WebPage\",\"@id\":\"https:\\\/\\\/vitaminap.pt\\\/pt\\\/consultas-online\\\/\",\"url\":\"https:\\\/\\\/vitaminap.pt\\\/pt\\\/consultas-online\\\/\",\"name\":\"Consultas Online :: O que \u00e9 o Vitamina P?\",\"isPartOf\":{\"@id\":\"https:\\\/\\\/vitaminap.pt\\\/pt\\\/#website\"},\"primaryImageOfPage\":{\"@id\":\"https:\\\/\\\/vitaminap.pt\\\/pt\\\/consultas-online\\\/#primaryimage\"},\"image\":{\"@id\":\"https:\\\/\\\/vitaminap.pt\\\/pt\\\/consultas-online\\\/#primaryimage\"},\"thumbnailUrl\":\"https:\\\/\\\/vitaminap.pt\\\/pt\\\/wp-content\\\/uploads\\\/2023\\\/04\\\/consultas_online_v1.jpg\",\"datePublished\":\"2023-04-14T10:37:23+00:00\",\"dateModified\":\"2024-06-25T10:07:08+00:00\",\"description\":\"Se est\u00e1 longe e quer beneficiar dos servi\u00e7os do Vitamina P, temos uma solu\u00e7\u00e3o Online para responder a algumas das suas necessidades.\",\"breadcrumb\":{\"@id\":\"https:\\\/\\\/vitaminap.pt\\\/pt\\\/consultas-online\\\/#breadcrumb\"},\"inLanguage\":\"pt-PT\",\"potentialAction\":[{\"@type\":\"ReadAction\",\"target\":[\"https:\\\/\\\/vitaminap.pt\\\/pt\\\/consultas-online\\\/\"]}]},{\"@type\":\"ImageObject\",\"inLanguage\":\"pt-PT\",\"@id\":\"https:\\\/\\\/vitaminap.pt\\\/pt\\\/consultas-online\\\/#primaryimage\",\"url\":\"https:\\\/\\\/vitaminap.pt\\\/pt\\\/wp-content\\\/uploads\\\/2023\\\/04\\\/consultas_online_v1.jpg\",\"contentUrl\":\"https:\\\/\\\/vitaminap.pt\\\/pt\\\/wp-content\\\/uploads\\\/2023\\\/04\\\/consultas_online_v1.jpg\",\"width\":750,\"height\":500,\"caption\":\"Consultas Online\"},{\"@type\":\"BreadcrumbList\",\"@id\":\"https:\\\/\\\/vitaminap.pt\\\/pt\\\/consultas-online\\\/#breadcrumb\",\"itemListElement\":[{\"@type\":\"ListItem\",\"position\":1,\"name\":\"In\u00edcio\",\"item\":\"https:\\\/\\\/vitaminap.pt\\\/pt\\\/\"},{\"@type\":\"ListItem\",\"position\":2,\"name\":\"Consultas Online\"}]},{\"@type\":\"WebSite\",\"@id\":\"https:\\\/\\\/vitaminap.pt\\\/pt\\\/#website\",\"url\":\"https:\\\/\\\/vitaminap.pt\\\/pt\\\/\",\"name\":\"Vitamina P\",\"description\":\"psicologia, sa\u00fade P bem-estar\",\"publisher\":{\"@id\":\"https:\\\/\\\/vitaminap.pt\\\/pt\\\/#organization\"},\"potentialAction\":[{\"@type\":\"SearchAction\",\"target\":{\"@type\":\"EntryPoint\",\"urlTemplate\":\"https:\\\/\\\/vitaminap.pt\\\/pt\\\/?s={search_term_string}\"},\"query-input\":{\"@type\":\"PropertyValueSpecification\",\"valueRequired\":true,\"valueName\":\"search_term_string\"}}],\"inLanguage\":\"pt-PT\"},{\"@type\":\"Organization\",\"@id\":\"https:\\\/\\\/vitaminap.pt\\\/pt\\\/#organization\",\"name\":\"Vitamina P\",\"url\":\"https:\\\/\\\/vitaminap.pt\\\/pt\\\/\",\"logo\":{\"@type\":\"ImageObject\",\"inLanguage\":\"pt-PT\",\"@id\":\"https:\\\/\\\/vitaminap.pt\\\/pt\\\/#\\\/schema\\\/logo\\\/image\\\/\",\"url\":\"https:\\\/\\\/vitaminap.pt\\\/pt\\\/wp-content\\\/uploads\\\/2023\\\/03\\\/logo_750_transp.png\",\"contentUrl\":\"https:\\\/\\\/vitaminap.pt\\\/pt\\\/wp-content\\\/uploads\\\/2023\\\/03\\\/logo_750_transp.png\",\"width\":736,\"height\":201,\"caption\":\"Vitamina P\"},\"image\":{\"@id\":\"https:\\\/\\\/vitaminap.pt\\\/pt\\\/#\\\/schema\\\/logo\\\/image\\\/\"},\"sameAs\":[\"https:\\\/\\\/www.facebook.com\\\/vitaminaP.pt\"]}]}<\/script>\n<!-- \/ Yoast SEO plugin. -->","yoast_head_json":{"title":"Consultas Online :: O que \u00e9 o Vitamina P?","description":"Se est\u00e1 longe e quer beneficiar dos servi\u00e7os do Vitamina P, temos uma solu\u00e7\u00e3o Online para responder a algumas das suas necessidades.","robots":{"index":"index","follow":"follow","max-snippet":"max-snippet:-1","max-image-preview":"max-image-preview:large","max-video-preview":"max-video-preview:-1"},"canonical":"https:\/\/vitaminap.pt\/pt\/consultas-online\/","og_locale":"pt_PT","og_type":"article","og_title":"Consultas Online","og_description":"Se est\u00e1 longe e quer beneficiar dos servi\u00e7os do Vitamina P, temos uma solu\u00e7\u00e3o Online para responder a algumas das suas necessidades.","og_url":"https:\/\/vitaminap.pt\/pt\/consultas-online\/","og_site_name":"Vitamina P","article_publisher":"https:\/\/www.facebook.com\/vitaminaP.pt","article_modified_time":"2024-06-25T10:07:08+00:00","og_image":[{"width":750,"height":500,"url":"https:\/\/vitaminap.pt\/pt\/wp-content\/uploads\/2023\/04\/consultas_online_v1.jpg","type":"image\/jpeg"}],"twitter_card":"summary_large_image","twitter_title":"Consultas Online","twitter_description":"Se est\u00e1 longe e quer beneficiar dos servi\u00e7os do Vitamina P, temos uma solu\u00e7\u00e3o Online para responder a algumas das suas necessidades.","twitter_image":"https:\/\/vitaminap.pt\/pt\/wp-content\/uploads\/2023\/04\/consultas_online_v1.jpg","twitter_misc":{"Tempo estimado de leitura":"4 minutos"},"schema":{"@context":"https:\/\/schema.org","@graph":[{"@type":"WebPage","@id":"https:\/\/vitaminap.pt\/pt\/consultas-online\/","url":"https:\/\/vitaminap.pt\/pt\/consultas-online\/","name":"Consultas Online :: O que \u00e9 o Vitamina P?","isPartOf":{"@id":"https:\/\/vitaminap.pt\/pt\/#website"},"primaryImageOfPage":{"@id":"https:\/\/vitaminap.pt\/pt\/consultas-online\/#primaryimage"},"image":{"@id":"https:\/\/vitaminap.pt\/pt\/consultas-online\/#primaryimage"},"thumbnailUrl":"https:\/\/vitaminap.pt\/pt\/wp-content\/uploads\/2023\/04\/consultas_online_v1.jpg","datePublished":"2023-04-14T10:37:23+00:00","dateModified":"2024-06-25T10:07:08+00:00","description":"Se est\u00e1 longe e quer beneficiar dos servi\u00e7os do Vitamina P, temos uma solu\u00e7\u00e3o Online para responder a algumas das suas necessidades.","breadcrumb":{"@id":"https:\/\/vitaminap.pt\/pt\/consultas-online\/#breadcrumb"},"inLanguage":"pt-PT","potentialAction":[{"@type":"ReadAction","target":["https:\/\/vitaminap.pt\/pt\/consultas-online\/"]}]},{"@type":"ImageObject","inLanguage":"pt-PT","@id":"https:\/\/vitaminap.pt\/pt\/consultas-online\/#primaryimage","url":"https:\/\/vitaminap.pt\/pt\/wp-content\/uploads\/2023\/04\/consultas_online_v1.jpg","contentUrl":"https:\/\/vitaminap.pt\/pt\/wp-content\/uploads\/2023\/04\/consultas_online_v1.jpg","width":750,"height":500,"caption":"Consultas Online"},{"@type":"BreadcrumbList","@id":"https:\/\/vitaminap.pt\/pt\/consultas-online\/#breadcrumb","itemListElement":[{"@type":"ListItem","position":1,"name":"In\u00edcio","item":"https:\/\/vitaminap.pt\/pt\/"},{"@type":"ListItem","position":2,"name":"Consultas Online"}]},{"@type":"WebSite","@id":"https:\/\/vitaminap.pt\/pt\/#website","url":"https:\/\/vitaminap.pt\/pt\/","name":"Vitamina P","description":"psicologia, sa\u00fade P bem-estar","publisher":{"@id":"https:\/\/vitaminap.pt\/pt\/#organization"},"potentialAction":[{"@type":"SearchAction","target":{"@type":"EntryPoint","urlTemplate":"https:\/\/vitaminap.pt\/pt\/?s={search_term_string}"},"query-input":{"@type":"PropertyValueSpecification","valueRequired":true,"valueName":"search_term_string"}}],"inLanguage":"pt-PT"},{"@type":"Organization","@id":"https:\/\/vitaminap.pt\/pt\/#organization","name":"Vitamina P","url":"https:\/\/vitaminap.pt\/pt\/","logo":{"@type":"ImageObject","inLanguage":"pt-PT","@id":"https:\/\/vitaminap.pt\/pt\/#\/schema\/logo\/image\/","url":"https:\/\/vitaminap.pt\/pt\/wp-content\/uploads\/2023\/03\/logo_750_transp.png","contentUrl":"https:\/\/vitaminap.pt\/pt\/wp-content\/uploads\/2023\/03\/logo_750_transp.png","width":736,"height":201,"caption":"Vitamina P"},"image":{"@id":"https:\/\/vitaminap.pt\/pt\/#\/schema\/logo\/image\/"},"sameAs":["https:\/\/www.facebook.com\/vitaminaP.pt"]}]}},"_links":{"self":[{"href":"https:\/\/vitaminap.pt\/pt\/wp-json\/wp\/v2\/pages\/7232","targetHints":{"allow":["GET"]}}],"collection":[{"href":"https:\/\/vitaminap.pt\/pt\/wp-json\/wp\/v2\/pages"}],"about":[{"href":"https:\/\/vitaminap.pt\/pt\/wp-json\/wp\/v2\/types\/page"}],"author":[{"embeddable":true,"href":"https:\/\/vitaminap.pt\/pt\/wp-json\/wp\/v2\/users\/4"}],"replies":[{"embeddable":true,"href":"https:\/\/vitaminap.pt\/pt\/wp-json\/wp\/v2\/comments?post=7232"}],"version-history":[{"count":5,"href":"https:\/\/vitaminap.pt\/pt\/wp-json\/wp\/v2\/pages\/7232\/revisions"}],"predecessor-version":[{"id":8366,"href":"https:\/\/vitaminap.pt\/pt\/wp-json\/wp\/v2\/pages\/7232\/revisions\/8366"}],"wp:featuredmedia":[{"embeddable":true,"href":"https:\/\/vitaminap.pt\/pt\/wp-json\/wp\/v2\/media\/7233"}],"wp:attachment":[{"href":"https:\/\/vitaminap.pt\/pt\/wp-json\/wp\/v2\/media?parent=7232"}],"curies":[{"name":"wp","href":"https:\/\/api.w.org\/{rel}","templated":true}]}}