{"id":7239,"date":"2023-04-14T10:42:57","date_gmt":"2023-04-14T10:42:57","guid":{"rendered":"https:\/\/vitaminap.pt\/pt\/?page_id=7239"},"modified":"2024-06-25T10:07:56","modified_gmt":"2024-06-25T10:07:56","slug":"consulta-de-encaminhamento","status":"publish","type":"page","link":"https:\/\/vitaminap.pt\/pt\/consulta-de-encaminhamento\/","title":{"rendered":"Consultas de Encaminhamento"},"content":{"rendered":"\t\t<div data-elementor-type=\"wp-post\" data-elementor-id=\"7239\" class=\"elementor elementor-7239\" data-elementor-post-type=\"page\">\n\t\t\t\t\t\t<section class=\"elementor-section elementor-top-section elementor-element elementor-element-676ad05d thim_1_col_tablet elementor-section-boxed elementor-section-height-default elementor-section-height-default\" data-id=\"676ad05d\" data-element_type=\"section\" data-e-type=\"section\">\n\t\t\t\t\t\t<div class=\"elementor-container elementor-column-gap-extended\">\n\t\t\t\t\t<div class=\"elementor-column elementor-col-50 elementor-top-column elementor-element elementor-element-750bb3ac\" data-id=\"750bb3ac\" data-element_type=\"column\" data-e-type=\"column\">\n\t\t\t<div class=\"elementor-widget-wrap elementor-element-populated\">\n\t\t\t\t\t\t<div class=\"elementor-element elementor-element-54a4e840 elementor-widget elementor-widget-image\" data-id=\"54a4e840\" data-element_type=\"widget\" data-e-type=\"widget\" data-widget_type=\"image.default\">\n\t\t\t\t<div class=\"elementor-widget-container\">\n\t\t\t\t\t\t\t\t\t\t\t\t\t\t\t<img fetchpriority=\"high\" decoding=\"async\" width=\"500\" height=\"333\" src=\"https:\/\/vitaminap.pt\/pt\/wp-content\/uploads\/2024\/04\/shutterstock_2299697419_m5.png\" class=\"attachment-full size-full wp-image-8207\" alt=\"Consultas de Encaminhamento\" srcset=\"https:\/\/vitaminap.pt\/pt\/wp-content\/uploads\/2024\/04\/shutterstock_2299697419_m5.png 500w, https:\/\/vitaminap.pt\/pt\/wp-content\/uploads\/2024\/04\/shutterstock_2299697419_m5-300x200.png 300w\" sizes=\"(max-width: 500px) 100vw, 500px\" \/>\t\t\t\t\t\t\t\t\t\t\t\t\t\t\t<\/div>\n\t\t\t\t<\/div>\n\t\t\t\t\t<\/div>\n\t\t<\/div>\n\t\t\t\t<div class=\"elementor-column elementor-col-50 elementor-top-column elementor-element elementor-element-31972011\" data-id=\"31972011\" data-element_type=\"column\" data-e-type=\"column\">\n\t\t\t<div class=\"elementor-widget-wrap elementor-element-populated\">\n\t\t\t\t\t\t<div class=\"elementor-element elementor-element-1de68135 elementor-widget elementor-widget-wp-widget-text\" data-id=\"1de68135\" data-element_type=\"widget\" data-e-type=\"widget\" data-widget_type=\"wp-widget-text.default\">\n\t\t\t\t<div class=\"elementor-widget-container\">\n\t\t\t\t\t<h5>Consultas de Encaminhamento<\/h5>\t\t\t<div class=\"textwidget\"><\/div>\n\t\t\t\t\t\t<\/div>\n\t\t\t\t<\/div>\n\t\t\t\t<div class=\"elementor-element elementor-element-3886378 elementor-widget elementor-widget-wp-widget-text\" data-id=\"3886378\" data-element_type=\"widget\" data-e-type=\"widget\" data-widget_type=\"wp-widget-text.default\">\n\t\t\t\t<div class=\"elementor-widget-container\">\n\t\t\t\t\t\t\t\t<div class=\"textwidget\"><p><span style=\"font-weight: 400\">Nesta consulta, ser\u00e1 recebido por um psic\u00f3logo experiente e com conhecimento sobre os v\u00e1rios servi\u00e7os dispon\u00edveis e possibilidade de os integrar conforme o caso. Nesta consulta, ter\u00e1 a oportunidade de, num clima confidencial e tranquilo, falar sobre o motivo que o traz \u00e0 consulta e quais as suas expectativas. O psic\u00f3logo ir\u00e1 ent\u00e3o tentar enquadrar o seu caso e conversar consigo sobre as v\u00e1rias possibilidades de terapia ou mesmo a\u00e7\u00f5es de forma\u00e7\u00e3o dentro da \u00e1rea pretendida. Em conjunto, definir\u00e3o a solu\u00e7\u00e3o que melhor se adequa ao seu caso, hor\u00e1rio dispon\u00edvel e o terapeuta que o ir\u00e1 acompanhar. Este acompanhamento do psic\u00f3logo que fez o encaminhamento continuar\u00e1 ao longo do processo e em qualquer altura poder\u00e1 voltar a recorrer a este profissional para adequar o seu programa ou pedir qualquer outro tipo de apoio.<\/span><\/p>\n<p><span style=\"font-weight: 400\">Pretendemos que, no Vitamina P, receba toda a aten\u00e7\u00e3o que todos n\u00f3s precisamos num mundo que anda desatento.<\/span><\/p>\n<\/div>\n\t\t\t\t\t\t<\/div>\n\t\t\t\t<\/div>\n\t\t\t\t\t<\/div>\n\t\t<\/div>\n\t\t\t\t\t<\/div>\n\t\t<\/section>\n\t\t\t\t<section class=\"elementor-section elementor-top-section elementor-element elementor-element-6ed127d elementor-section-boxed elementor-section-height-default elementor-section-height-default\" data-id=\"6ed127d\" data-element_type=\"section\" data-e-type=\"section\">\n\t\t\t\t\t\t<div class=\"elementor-container elementor-column-gap-default\">\n\t\t\t\t\t<div class=\"elementor-column elementor-col-100 elementor-top-column elementor-element elementor-element-570a52e\" data-id=\"570a52e\" data-element_type=\"column\" data-e-type=\"column\">\n\t\t\t<div class=\"elementor-widget-wrap elementor-element-populated\">\n\t\t\t\t\t\t<div class=\"elementor-element elementor-element-fc634ac elementor-widget elementor-widget-thim-our-team\" data-id=\"fc634ac\" data-element_type=\"widget\" data-e-type=\"widget\" data-widget_type=\"thim-our-team.default\">\n\t\t\t\t<div class=\"elementor-widget-container\">\n\t\t\t\t\t<div class=\"wrapper-lists-our-team \"><a class=\"join-our-team\" href=\"https:\/\/vitaminap.pt\/pt\/a-nossa-equipa\/\" title=\"Equipa\">Equipa<\/a><div class=\"row\"><div class=\"our-team-item col-sm-3\"><div class=\"our-team-image\"> <img decoding=\"async\" data-src=\"https:\/\/vitaminap.pt\/pt\/wp-content\/uploads\/2024\/04\/Joana-Barbosa_320-200x200.png\" alt=\"Joana Barbosa\" title=\"Joana Barbosa\"  width=\"200\" height=\"200\" src=\"data:image\/svg+xml;base64,PHN2ZyB3aWR0aD0iMSIgaGVpZ2h0PSIxIiB4bWxucz0iaHR0cDovL3d3dy53My5vcmcvMjAwMC9zdmciPjwvc3ZnPg==\" class=\"lazyload\" style=\"--smush-placeholder-width: 200px; --smush-placeholder-aspect-ratio: 200\/200;\"><div class=\"social-team\"><\/div><\/div><div class=\"content-team\"><h4 class=\"title\"><a href=\"https:\/\/vitaminap.pt\/pt\/our_team\/joana-barbosa-2\/\">Joana Barbosa<\/a><\/h4><\/div><\/div><div class=\"our-team-item col-sm-3\"><div class=\"our-team-image\"> <img decoding=\"async\" data-src=\"https:\/\/vitaminap.pt\/pt\/wp-content\/uploads\/2024\/04\/Margarida-Silveira-Rodrigues_320-200x200.png\" alt=\"Margarida Silveira Rodrigues\" title=\"Margarida Silveira Rodrigues\"  width=\"200\" height=\"200\" src=\"data:image\/svg+xml;base64,PHN2ZyB3aWR0aD0iMSIgaGVpZ2h0PSIxIiB4bWxucz0iaHR0cDovL3d3dy53My5vcmcvMjAwMC9zdmciPjwvc3ZnPg==\" class=\"lazyload\" style=\"--smush-placeholder-width: 200px; --smush-placeholder-aspect-ratio: 200\/200;\"><div class=\"social-team\"><\/div><\/div><div class=\"content-team\"><h4 class=\"title\"><a href=\"https:\/\/vitaminap.pt\/pt\/our_team\/margarida-silveira-rodrigues-2\/\">Margarida Silveira Rodrigues<\/a><\/h4><\/div><\/div><\/div><\/div>\t\t\t\t<\/div>\n\t\t\t\t<\/div>\n\t\t\t\t\t<\/div>\n\t\t<\/div>\n\t\t\t\t\t<\/div>\n\t\t<\/section>\n\t\t\t\t<\/div>\n\t\t","protected":false},"excerpt":{"rendered":"<p>C\u00e9dula Profissional: 13033<br \/>\nAconselhamento Parental, Psicologia Cl\u00ednica (adultos e crian\u00e7as), Psicoterapia, Desenvolvimento Pessoal, Consultas Online, Consultas de Encaminhamento<br \/>\nExperi\u00eancia Profissional<br \/>\nDesde 2023<br \/>\nHighScope Field Consultant<br \/>\nDesde 2011<br \/>\nHighScope Trainer \u2013 supervis\u00e3o pedag\u00f3gica, forma\u00e7\u00e3o certificada pelo modelo HighScope nas \u00e1reas de <\/p>\n","protected":false},"author":4,"featured_media":7240,"parent":0,"menu_order":0,"comment_status":"closed","ping_status":"closed","template":"","meta":{"footnotes":""},"class_list":["post-7239","page","type-page","status-publish","has-post-thumbnail","hentry"],"yoast_head":"<!-- This site is optimized with the Yoast SEO plugin v27.5 - https:\/\/yoast.com\/product\/yoast-seo-wordpress\/ -->\n<title>Consultas de Encaminhamento :: O que \u00e9 o Vitamina P?<\/title>\n<meta name=\"description\" content=\"Nesta consulta ser\u00e1 recebido por um psic\u00f3logo experiente e com conhecimento sobre os v\u00e1rios servi\u00e7os dispon\u00edveis e possibilidade de os integrar conforme o caso.\" \/>\n<meta name=\"robots\" content=\"index, follow, max-snippet:-1, max-image-preview:large, max-video-preview:-1\" \/>\n<link rel=\"canonical\" href=\"https:\/\/vitaminap.pt\/pt\/consulta-de-encaminhamento\/\" \/>\n<meta property=\"og:locale\" content=\"pt_PT\" \/>\n<meta property=\"og:type\" content=\"article\" \/>\n<meta property=\"og:title\" content=\"Consulta de Encaminhamento\" \/>\n<meta property=\"og:description\" content=\"Nesta consulta ser\u00e1 recebido por um psic\u00f3logo experiente e com conhecimento sobre os v\u00e1rios servi\u00e7os dispon\u00edveis e possibilidade de os integrar conforme o caso.\" \/>\n<meta property=\"og:url\" content=\"https:\/\/vitaminap.pt\/pt\/consulta-de-encaminhamento\/\" \/>\n<meta property=\"og:site_name\" content=\"Vitamina P\" \/>\n<meta property=\"article:publisher\" content=\"https:\/\/www.facebook.com\/vitaminaP.pt\" \/>\n<meta property=\"article:modified_time\" content=\"2024-06-25T10:07:56+00:00\" \/>\n<meta property=\"og:image\" content=\"https:\/\/vitaminap.pt\/pt\/wp-content\/uploads\/2023\/04\/Consulta-de-Encaminhamento.jpg\" \/>\n\t<meta property=\"og:image:width\" content=\"2560\" \/>\n\t<meta property=\"og:image:height\" content=\"1651\" \/>\n\t<meta property=\"og:image:type\" content=\"image\/jpeg\" \/>\n<meta name=\"twitter:card\" content=\"summary_large_image\" \/>\n<meta name=\"twitter:title\" content=\"Consulta de Encaminhamento\" \/>\n<meta name=\"twitter:description\" content=\"Nesta consulta ser\u00e1 recebido por um psic\u00f3logo experiente e com conhecimento sobre os v\u00e1rios servi\u00e7os dispon\u00edveis e possibilidade de os integrar conforme o caso.\" \/>\n<meta name=\"twitter:image\" content=\"https:\/\/vitaminap.pt\/pt\/wp-content\/uploads\/2023\/04\/Consulta-de-Encaminhamento.jpg\" \/>\n<meta name=\"twitter:label1\" content=\"Tempo estimado de leitura\" \/>\n\t<meta name=\"twitter:data1\" content=\"2 minutos\" \/>\n<script type=\"application\/ld+json\" class=\"yoast-schema-graph\">{\"@context\":\"https:\\\/\\\/schema.org\",\"@graph\":[{\"@type\":\"WebPage\",\"@id\":\"https:\\\/\\\/vitaminap.pt\\\/pt\\\/consulta-de-encaminhamento\\\/\",\"url\":\"https:\\\/\\\/vitaminap.pt\\\/pt\\\/consulta-de-encaminhamento\\\/\",\"name\":\"Consultas de Encaminhamento :: O que \u00e9 o Vitamina P?\",\"isPartOf\":{\"@id\":\"https:\\\/\\\/vitaminap.pt\\\/pt\\\/#website\"},\"primaryImageOfPage\":{\"@id\":\"https:\\\/\\\/vitaminap.pt\\\/pt\\\/consulta-de-encaminhamento\\\/#primaryimage\"},\"image\":{\"@id\":\"https:\\\/\\\/vitaminap.pt\\\/pt\\\/consulta-de-encaminhamento\\\/#primaryimage\"},\"thumbnailUrl\":\"https:\\\/\\\/vitaminap.pt\\\/pt\\\/wp-content\\\/uploads\\\/2023\\\/04\\\/Consulta-de-Encaminhamento.jpg\",\"datePublished\":\"2023-04-14T10:42:57+00:00\",\"dateModified\":\"2024-06-25T10:07:56+00:00\",\"description\":\"Nesta consulta ser\u00e1 recebido por um psic\u00f3logo experiente e com conhecimento sobre os v\u00e1rios servi\u00e7os dispon\u00edveis e possibilidade de os integrar conforme o caso.\",\"breadcrumb\":{\"@id\":\"https:\\\/\\\/vitaminap.pt\\\/pt\\\/consulta-de-encaminhamento\\\/#breadcrumb\"},\"inLanguage\":\"pt-PT\",\"potentialAction\":[{\"@type\":\"ReadAction\",\"target\":[\"https:\\\/\\\/vitaminap.pt\\\/pt\\\/consulta-de-encaminhamento\\\/\"]}]},{\"@type\":\"ImageObject\",\"inLanguage\":\"pt-PT\",\"@id\":\"https:\\\/\\\/vitaminap.pt\\\/pt\\\/consulta-de-encaminhamento\\\/#primaryimage\",\"url\":\"https:\\\/\\\/vitaminap.pt\\\/pt\\\/wp-content\\\/uploads\\\/2023\\\/04\\\/Consulta-de-Encaminhamento.jpg\",\"contentUrl\":\"https:\\\/\\\/vitaminap.pt\\\/pt\\\/wp-content\\\/uploads\\\/2023\\\/04\\\/Consulta-de-Encaminhamento.jpg\",\"width\":2560,\"height\":1651,\"caption\":\"Consulta de Encaminhamento\"},{\"@type\":\"BreadcrumbList\",\"@id\":\"https:\\\/\\\/vitaminap.pt\\\/pt\\\/consulta-de-encaminhamento\\\/#breadcrumb\",\"itemListElement\":[{\"@type\":\"ListItem\",\"position\":1,\"name\":\"In\u00edcio\",\"item\":\"https:\\\/\\\/vitaminap.pt\\\/pt\\\/\"},{\"@type\":\"ListItem\",\"position\":2,\"name\":\"Consultas de Encaminhamento\"}]},{\"@type\":\"WebSite\",\"@id\":\"https:\\\/\\\/vitaminap.pt\\\/pt\\\/#website\",\"url\":\"https:\\\/\\\/vitaminap.pt\\\/pt\\\/\",\"name\":\"Vitamina P\",\"description\":\"psicologia, sa\u00fade P bem-estar\",\"publisher\":{\"@id\":\"https:\\\/\\\/vitaminap.pt\\\/pt\\\/#organization\"},\"potentialAction\":[{\"@type\":\"SearchAction\",\"target\":{\"@type\":\"EntryPoint\",\"urlTemplate\":\"https:\\\/\\\/vitaminap.pt\\\/pt\\\/?s={search_term_string}\"},\"query-input\":{\"@type\":\"PropertyValueSpecification\",\"valueRequired\":true,\"valueName\":\"search_term_string\"}}],\"inLanguage\":\"pt-PT\"},{\"@type\":\"Organization\",\"@id\":\"https:\\\/\\\/vitaminap.pt\\\/pt\\\/#organization\",\"name\":\"Vitamina P\",\"url\":\"https:\\\/\\\/vitaminap.pt\\\/pt\\\/\",\"logo\":{\"@type\":\"ImageObject\",\"inLanguage\":\"pt-PT\",\"@id\":\"https:\\\/\\\/vitaminap.pt\\\/pt\\\/#\\\/schema\\\/logo\\\/image\\\/\",\"url\":\"https:\\\/\\\/vitaminap.pt\\\/pt\\\/wp-content\\\/uploads\\\/2023\\\/03\\\/logo_750_transp.png\",\"contentUrl\":\"https:\\\/\\\/vitaminap.pt\\\/pt\\\/wp-content\\\/uploads\\\/2023\\\/03\\\/logo_750_transp.png\",\"width\":736,\"height\":201,\"caption\":\"Vitamina P\"},\"image\":{\"@id\":\"https:\\\/\\\/vitaminap.pt\\\/pt\\\/#\\\/schema\\\/logo\\\/image\\\/\"},\"sameAs\":[\"https:\\\/\\\/www.facebook.com\\\/vitaminaP.pt\"]}]}<\/script>\n<!-- \/ Yoast SEO plugin. -->","yoast_head_json":{"title":"Consultas de Encaminhamento :: O que \u00e9 o Vitamina P?","description":"Nesta consulta ser\u00e1 recebido por um psic\u00f3logo experiente e com conhecimento sobre os v\u00e1rios servi\u00e7os dispon\u00edveis e possibilidade de os integrar conforme o caso.","robots":{"index":"index","follow":"follow","max-snippet":"max-snippet:-1","max-image-preview":"max-image-preview:large","max-video-preview":"max-video-preview:-1"},"canonical":"https:\/\/vitaminap.pt\/pt\/consulta-de-encaminhamento\/","og_locale":"pt_PT","og_type":"article","og_title":"Consulta de Encaminhamento","og_description":"Nesta consulta ser\u00e1 recebido por um psic\u00f3logo experiente e com conhecimento sobre os v\u00e1rios servi\u00e7os dispon\u00edveis e possibilidade de os integrar conforme o caso.","og_url":"https:\/\/vitaminap.pt\/pt\/consulta-de-encaminhamento\/","og_site_name":"Vitamina P","article_publisher":"https:\/\/www.facebook.com\/vitaminaP.pt","article_modified_time":"2024-06-25T10:07:56+00:00","og_image":[{"width":2560,"height":1651,"url":"https:\/\/vitaminap.pt\/pt\/wp-content\/uploads\/2023\/04\/Consulta-de-Encaminhamento.jpg","type":"image\/jpeg"}],"twitter_card":"summary_large_image","twitter_title":"Consulta de Encaminhamento","twitter_description":"Nesta consulta ser\u00e1 recebido por um psic\u00f3logo experiente e com conhecimento sobre os v\u00e1rios servi\u00e7os dispon\u00edveis e possibilidade de os integrar conforme o caso.","twitter_image":"https:\/\/vitaminap.pt\/pt\/wp-content\/uploads\/2023\/04\/Consulta-de-Encaminhamento.jpg","twitter_misc":{"Tempo estimado de leitura":"2 minutos"},"schema":{"@context":"https:\/\/schema.org","@graph":[{"@type":"WebPage","@id":"https:\/\/vitaminap.pt\/pt\/consulta-de-encaminhamento\/","url":"https:\/\/vitaminap.pt\/pt\/consulta-de-encaminhamento\/","name":"Consultas de Encaminhamento :: O que \u00e9 o Vitamina P?","isPartOf":{"@id":"https:\/\/vitaminap.pt\/pt\/#website"},"primaryImageOfPage":{"@id":"https:\/\/vitaminap.pt\/pt\/consulta-de-encaminhamento\/#primaryimage"},"image":{"@id":"https:\/\/vitaminap.pt\/pt\/consulta-de-encaminhamento\/#primaryimage"},"thumbnailUrl":"https:\/\/vitaminap.pt\/pt\/wp-content\/uploads\/2023\/04\/Consulta-de-Encaminhamento.jpg","datePublished":"2023-04-14T10:42:57+00:00","dateModified":"2024-06-25T10:07:56+00:00","description":"Nesta consulta ser\u00e1 recebido por um psic\u00f3logo experiente e com conhecimento sobre os v\u00e1rios servi\u00e7os dispon\u00edveis e possibilidade de os integrar conforme o caso.","breadcrumb":{"@id":"https:\/\/vitaminap.pt\/pt\/consulta-de-encaminhamento\/#breadcrumb"},"inLanguage":"pt-PT","potentialAction":[{"@type":"ReadAction","target":["https:\/\/vitaminap.pt\/pt\/consulta-de-encaminhamento\/"]}]},{"@type":"ImageObject","inLanguage":"pt-PT","@id":"https:\/\/vitaminap.pt\/pt\/consulta-de-encaminhamento\/#primaryimage","url":"https:\/\/vitaminap.pt\/pt\/wp-content\/uploads\/2023\/04\/Consulta-de-Encaminhamento.jpg","contentUrl":"https:\/\/vitaminap.pt\/pt\/wp-content\/uploads\/2023\/04\/Consulta-de-Encaminhamento.jpg","width":2560,"height":1651,"caption":"Consulta de Encaminhamento"},{"@type":"BreadcrumbList","@id":"https:\/\/vitaminap.pt\/pt\/consulta-de-encaminhamento\/#breadcrumb","itemListElement":[{"@type":"ListItem","position":1,"name":"In\u00edcio","item":"https:\/\/vitaminap.pt\/pt\/"},{"@type":"ListItem","position":2,"name":"Consultas de Encaminhamento"}]},{"@type":"WebSite","@id":"https:\/\/vitaminap.pt\/pt\/#website","url":"https:\/\/vitaminap.pt\/pt\/","name":"Vitamina P","description":"psicologia, sa\u00fade P bem-estar","publisher":{"@id":"https:\/\/vitaminap.pt\/pt\/#organization"},"potentialAction":[{"@type":"SearchAction","target":{"@type":"EntryPoint","urlTemplate":"https:\/\/vitaminap.pt\/pt\/?s={search_term_string}"},"query-input":{"@type":"PropertyValueSpecification","valueRequired":true,"valueName":"search_term_string"}}],"inLanguage":"pt-PT"},{"@type":"Organization","@id":"https:\/\/vitaminap.pt\/pt\/#organization","name":"Vitamina P","url":"https:\/\/vitaminap.pt\/pt\/","logo":{"@type":"ImageObject","inLanguage":"pt-PT","@id":"https:\/\/vitaminap.pt\/pt\/#\/schema\/logo\/image\/","url":"https:\/\/vitaminap.pt\/pt\/wp-content\/uploads\/2023\/03\/logo_750_transp.png","contentUrl":"https:\/\/vitaminap.pt\/pt\/wp-content\/uploads\/2023\/03\/logo_750_transp.png","width":736,"height":201,"caption":"Vitamina P"},"image":{"@id":"https:\/\/vitaminap.pt\/pt\/#\/schema\/logo\/image\/"},"sameAs":["https:\/\/www.facebook.com\/vitaminaP.pt"]}]}},"_links":{"self":[{"href":"https:\/\/vitaminap.pt\/pt\/wp-json\/wp\/v2\/pages\/7239","targetHints":{"allow":["GET"]}}],"collection":[{"href":"https:\/\/vitaminap.pt\/pt\/wp-json\/wp\/v2\/pages"}],"about":[{"href":"https:\/\/vitaminap.pt\/pt\/wp-json\/wp\/v2\/types\/page"}],"author":[{"embeddable":true,"href":"https:\/\/vitaminap.pt\/pt\/wp-json\/wp\/v2\/users\/4"}],"replies":[{"embeddable":true,"href":"https:\/\/vitaminap.pt\/pt\/wp-json\/wp\/v2\/comments?post=7239"}],"version-history":[{"count":5,"href":"https:\/\/vitaminap.pt\/pt\/wp-json\/wp\/v2\/pages\/7239\/revisions"}],"predecessor-version":[{"id":8369,"href":"https:\/\/vitaminap.pt\/pt\/wp-json\/wp\/v2\/pages\/7239\/revisions\/8369"}],"wp:featuredmedia":[{"embeddable":true,"href":"https:\/\/vitaminap.pt\/pt\/wp-json\/wp\/v2\/media\/7240"}],"wp:attachment":[{"href":"https:\/\/vitaminap.pt\/pt\/wp-json\/wp\/v2\/media?parent=7239"}],"curies":[{"name":"wp","href":"https:\/\/api.w.org\/{rel}","templated":true}]}}