{"id":7246,"date":"2023-04-14T10:48:14","date_gmt":"2023-04-14T10:48:14","guid":{"rendered":"https:\/\/vitaminap.pt\/pt\/?page_id=7246"},"modified":"2024-10-30T13:58:48","modified_gmt":"2024-10-30T13:58:48","slug":"orientacao-vocacional","status":"publish","type":"page","link":"https:\/\/vitaminap.pt\/pt\/orientacao-vocacional\/","title":{"rendered":"Orienta\u00e7\u00e3o Vocacional"},"content":{"rendered":"\t\t<div data-elementor-type=\"wp-post\" data-elementor-id=\"7246\" class=\"elementor elementor-7246\" data-elementor-post-type=\"page\">\n\t\t\t\t\t\t<section class=\"elementor-section elementor-top-section elementor-element elementor-element-676ad05d thim_1_col_tablet elementor-section-boxed elementor-section-height-default elementor-section-height-default\" data-id=\"676ad05d\" data-element_type=\"section\" data-e-type=\"section\">\n\t\t\t\t\t\t<div class=\"elementor-container elementor-column-gap-extended\">\n\t\t\t\t\t<div class=\"elementor-column elementor-col-50 elementor-top-column elementor-element elementor-element-31972011\" data-id=\"31972011\" data-element_type=\"column\" data-e-type=\"column\">\n\t\t\t<div class=\"elementor-widget-wrap elementor-element-populated\">\n\t\t\t\t\t\t<div class=\"elementor-element elementor-element-1de68135 elementor-widget elementor-widget-wp-widget-text\" data-id=\"1de68135\" data-element_type=\"widget\" data-e-type=\"widget\" data-widget_type=\"wp-widget-text.default\">\n\t\t\t\t<div class=\"elementor-widget-container\">\n\t\t\t\t\t<h5>Orienta\u00e7\u00e3o Vocacional<\/h5>\t\t\t<div class=\"textwidget\"><\/div>\n\t\t\t\t\t\t<\/div>\n\t\t\t\t<\/div>\n\t\t\t\t<div class=\"elementor-element elementor-element-3886378 elementor-widget elementor-widget-wp-widget-text\" data-id=\"3886378\" data-element_type=\"widget\" data-e-type=\"widget\" data-widget_type=\"wp-widget-text.default\">\n\t\t\t\t<div class=\"elementor-widget-container\">\n\t\t\t\t\t\t\t\t<div class=\"textwidget\"><header class=\"header btClear medium btNormalDash\">\n<div class=\"dash\">\n<h4><span class=\"headline\">O que \u00e9 a Orienta\u00e7\u00e3o Vocacional\/Carreira?<\/span><\/h4>\n<\/div>\n<\/header>\n<div class=\"btText\">\n<p><span style=\"font-weight: 400\">O mundo est\u00e1 em constante mudan\u00e7a e n\u00f3s somos seres em constante mudan\u00e7a, pelo que todos temos necessidade de fazer esta reflex\u00e3o em determinados momentos da vida, de modo a redefinirmos caminhos e tomarmos novas decis\u00f5es de uma forma sustentada e segura.<\/span><\/p>\n<p><span style=\"font-weight: 400\">A orienta\u00e7\u00e3o vocacional e a orienta\u00e7\u00e3o de carreira s\u00e3o processos simples e sistem\u00e1ticos que apoiam o indiv\u00edduo no momento de tomar decis\u00f5es ou fazer escolhas no seu percurso profissional ou acad\u00e9mico. No Vitamina P, este processo \u00e9 realizado por uma equipa de profissionais especializados na \u00e1rea e foca-se em duas etapas: autoconhecimento e conhecimento das oportunidades de trabalho e estudo.<\/span><\/p>\n<\/div>\n<\/div>\n\t\t\t\t\t\t<\/div>\n\t\t\t\t<\/div>\n\t\t\t\t\t<\/div>\n\t\t<\/div>\n\t\t\t\t<div class=\"elementor-column elementor-col-50 elementor-top-column elementor-element elementor-element-750bb3ac\" data-id=\"750bb3ac\" data-element_type=\"column\" data-e-type=\"column\">\n\t\t\t<div class=\"elementor-widget-wrap elementor-element-populated\">\n\t\t\t\t\t\t<div class=\"elementor-element elementor-element-54a4e840 elementor-widget elementor-widget-image\" data-id=\"54a4e840\" data-element_type=\"widget\" data-e-type=\"widget\" data-widget_type=\"image.default\">\n\t\t\t\t<div class=\"elementor-widget-container\">\n\t\t\t\t\t\t\t\t\t\t\t\t\t\t\t<img fetchpriority=\"high\" decoding=\"async\" width=\"450\" height=\"300\" src=\"https:\/\/vitaminap.pt\/pt\/wp-content\/uploads\/2024\/10\/Site-Vitamina-P__orientacao-vocacional.png\" class=\"attachment-full size-full wp-image-8495\" alt=\"Orienta\u00e7\u00e3o Vocacional\" srcset=\"https:\/\/vitaminap.pt\/pt\/wp-content\/uploads\/2024\/10\/Site-Vitamina-P__orientacao-vocacional.png 450w, https:\/\/vitaminap.pt\/pt\/wp-content\/uploads\/2024\/10\/Site-Vitamina-P__orientacao-vocacional-300x200.png 300w\" sizes=\"(max-width: 450px) 100vw, 450px\" \/>\t\t\t\t\t\t\t\t\t\t\t\t\t\t\t<\/div>\n\t\t\t\t<\/div>\n\t\t\t\t\t<\/div>\n\t\t<\/div>\n\t\t\t\t\t<\/div>\n\t\t<\/section>\n\t\t\t\t<section class=\"elementor-section elementor-top-section elementor-element elementor-element-01d7d9f thim_1_col_tablet elementor-section-boxed elementor-section-height-default elementor-section-height-default\" data-id=\"01d7d9f\" data-element_type=\"section\" data-e-type=\"section\">\n\t\t\t\t\t\t<div class=\"elementor-container elementor-column-gap-extended\">\n\t\t\t\t\t<div class=\"elementor-column elementor-col-100 elementor-top-column elementor-element elementor-element-f2a3738\" data-id=\"f2a3738\" data-element_type=\"column\" data-e-type=\"column\">\n\t\t\t<div class=\"elementor-widget-wrap elementor-element-populated\">\n\t\t\t\t\t\t<div class=\"elementor-element elementor-element-c697bae elementor-widget elementor-widget-wp-widget-text\" data-id=\"c697bae\" data-element_type=\"widget\" data-e-type=\"widget\" data-widget_type=\"wp-widget-text.default\">\n\t\t\t\t<div class=\"elementor-widget-container\">\n\t\t\t\t\t\t\t\t<div class=\"textwidget\"><header class=\"header btClear medium btNormalDash\">\n<div class=\"dash\">\n<h4><span class=\"headline\">Porque \u00e9 importante optar pela Orienta\u00e7\u00e3o Vocacional\/Carreira?<\/span><\/h4>\n<\/div>\n<\/header>\n<div class=\"btText\">\n<p><span style=\"font-weight: 400\">Ter algu\u00e9m que nos oriente nestes processos facilita o conhecimento acerca daquilo que existe como op\u00e7\u00e3o e a nossa prepara\u00e7\u00e3o para esse percurso. Os testes aplicados e as entrevistas realizadas permitem um maior conhecimento do perfil individual e das poss\u00edveis escolhas acad\u00e9micas e profissionais.<\/span><\/p>\n<p><span style=\"font-weight: 400\">No Vitamina P, este processo \u00e9 realizado em 4 sess\u00f5es, podendo dar continuidade sempre que precisar. No caso da orienta\u00e7\u00e3o vocacional, poder\u00e1 haver uma 5\u00aa sess\u00e3o para, em grupo, discutir as suas reflex\u00f5es e tomadas de decis\u00e3o.<\/span><\/p>\n<\/div>\n<\/div>\n\t\t\t\t\t\t<\/div>\n\t\t\t\t<\/div>\n\t\t\t\t\t<\/div>\n\t\t<\/div>\n\t\t\t\t\t<\/div>\n\t\t<\/section>\n\t\t\t\t<section class=\"elementor-section elementor-top-section elementor-element elementor-element-ca891aa elementor-section-boxed elementor-section-height-default elementor-section-height-default\" data-id=\"ca891aa\" data-element_type=\"section\" data-e-type=\"section\">\n\t\t\t\t\t\t<div class=\"elementor-container elementor-column-gap-default\">\n\t\t\t\t\t<div class=\"elementor-column elementor-col-100 elementor-top-column elementor-element elementor-element-0712617\" data-id=\"0712617\" data-element_type=\"column\" data-e-type=\"column\">\n\t\t\t<div class=\"elementor-widget-wrap elementor-element-populated\">\n\t\t\t\t\t\t<div class=\"elementor-element elementor-element-08c14ee elementor-widget elementor-widget-thim-our-team\" data-id=\"08c14ee\" data-element_type=\"widget\" data-e-type=\"widget\" data-widget_type=\"thim-our-team.default\">\n\t\t\t\t<div class=\"elementor-widget-container\">\n\t\t\t\t\t<div class=\"wrapper-lists-our-team \"><a class=\"join-our-team\" href=\"https:\/\/vitaminap.pt\/pt\/a-nossa-equipa\/\" title=\"Equipa\">Equipa<\/a><div class=\"row\"><div class=\"our-team-item col-sm-3\"><div class=\"our-team-image\"> <img decoding=\"async\" data-src=\"https:\/\/vitaminap.pt\/pt\/wp-content\/uploads\/2024\/04\/Rita-Bustorff-Silva_320-200x200.png\" alt=\"Rita Bustorff Silva\" title=\"Rita Bustorff Silva\"  width=\"200\" height=\"200\" src=\"data:image\/svg+xml;base64,PHN2ZyB3aWR0aD0iMSIgaGVpZ2h0PSIxIiB4bWxucz0iaHR0cDovL3d3dy53My5vcmcvMjAwMC9zdmciPjwvc3ZnPg==\" class=\"lazyload\" style=\"--smush-placeholder-width: 200px; --smush-placeholder-aspect-ratio: 200\/200;\"><div class=\"social-team\"><\/div><\/div><div class=\"content-team\"><h4 class=\"title\"><a href=\"https:\/\/vitaminap.pt\/pt\/our_team\/rita-bustorff-silva-2\/\">Rita Bustorff Silva<\/a><\/h4><\/div><\/div><\/div><\/div>\t\t\t\t<\/div>\n\t\t\t\t<\/div>\n\t\t\t\t\t<\/div>\n\t\t<\/div>\n\t\t\t\t\t<\/div>\n\t\t<\/section>\n\t\t\t\t<\/div>\n\t\t","protected":false},"excerpt":{"rendered":"<p>Orienta\u00e7\u00e3o Vocacional, Dificuldades de Aprendizagem, M\u00e9todos e H\u00e1bitos de Estudo, Motiva\u00e7\u00e3o para a escola<br \/>\n&nbsp;<br \/>\nExperi\u00eancia Profissional<br \/>\nDesde set. 2018<br \/>\nPsic\u00f3loga Educacional | Escola Raiz<br \/>\nDesde jun. 2018<br \/>\nPsic\u00f3loga Educacional | Vitamina P<br \/>\n2015 \u2013 2016 e 2016 \u2013 2017<br \n<\/p>\n","protected":false},"author":4,"featured_media":6864,"parent":0,"menu_order":0,"comment_status":"closed","ping_status":"closed","template":"","meta":{"footnotes":""},"class_list":["post-7246","page","type-page","status-publish","has-post-thumbnail","hentry"],"yoast_head":"<!-- This site is optimized with the Yoast SEO plugin v27.5 - https:\/\/yoast.com\/product\/yoast-seo-wordpress\/ -->\n<title>Orienta\u00e7\u00e3o Vocacional<\/title>\n<meta name=\"description\" content=\"A Orienta\u00e7\u00e3o Vocacional e a Orienta\u00e7\u00e3o de Carreira s\u00e3o processos simples e sistem\u00e1ticos que apoiam o indiv\u00edduo no momento de tomar decis\u00f5es ou fazer escolhas.\" \/>\n<meta name=\"robots\" content=\"index, follow, max-snippet:-1, max-image-preview:large, max-video-preview:-1\" \/>\n<link rel=\"canonical\" href=\"https:\/\/vitaminap.pt\/pt\/orientacao-vocacional\/\" \/>\n<meta property=\"og:locale\" content=\"pt_PT\" \/>\n<meta property=\"og:type\" content=\"article\" \/>\n<meta property=\"og:title\" content=\"Orienta\u00e7\u00e3o Vocacional\" \/>\n<meta property=\"og:description\" content=\"A Orienta\u00e7\u00e3o Vocacional e a Orienta\u00e7\u00e3o de Carreira s\u00e3o processos simples e sistem\u00e1ticos que apoiam o indiv\u00edduo no momento de tomar decis\u00f5es ou fazer escolhas.\" \/>\n<meta property=\"og:url\" content=\"https:\/\/vitaminap.pt\/pt\/orientacao-vocacional\/\" \/>\n<meta property=\"og:site_name\" content=\"Vitamina P\" \/>\n<meta property=\"article:publisher\" content=\"https:\/\/www.facebook.com\/vitaminaP.pt\" \/>\n<meta property=\"article:modified_time\" content=\"2024-10-30T13:58:48+00:00\" \/>\n<meta property=\"og:image\" content=\"https:\/\/vitaminap.pt\/pt\/wp-content\/uploads\/2023\/04\/orientacao.jpg\" \/>\n\t<meta property=\"og:image:width\" content=\"750\" \/>\n\t<meta property=\"og:image:height\" content=\"500\" \/>\n\t<meta property=\"og:image:type\" content=\"image\/jpeg\" \/>\n<meta name=\"twitter:card\" content=\"summary_large_image\" \/>\n<meta name=\"twitter:title\" content=\"Orienta\u00e7\u00e3o Vocacional\" \/>\n<meta name=\"twitter:description\" content=\"A Orienta\u00e7\u00e3o Vocacional e a Orienta\u00e7\u00e3o de Carreira s\u00e3o processos simples e sistem\u00e1ticos que apoiam o indiv\u00edduo no momento de tomar decis\u00f5es ou fazer escolhas.\" \/>\n<meta name=\"twitter:image\" content=\"https:\/\/vitaminap.pt\/pt\/wp-content\/uploads\/2023\/04\/orientacao.jpg\" \/>\n<meta name=\"twitter:label1\" content=\"Tempo estimado de leitura\" \/>\n\t<meta name=\"twitter:data1\" content=\"1 minuto\" \/>\n<script type=\"application\/ld+json\" class=\"yoast-schema-graph\">{\"@context\":\"https:\\\/\\\/schema.org\",\"@graph\":[{\"@type\":\"WebPage\",\"@id\":\"https:\\\/\\\/vitaminap.pt\\\/pt\\\/orientacao-vocacional\\\/\",\"url\":\"https:\\\/\\\/vitaminap.pt\\\/pt\\\/orientacao-vocacional\\\/\",\"name\":\"Orienta\u00e7\u00e3o Vocacional\",\"isPartOf\":{\"@id\":\"https:\\\/\\\/vitaminap.pt\\\/pt\\\/#website\"},\"primaryImageOfPage\":{\"@id\":\"https:\\\/\\\/vitaminap.pt\\\/pt\\\/orientacao-vocacional\\\/#primaryimage\"},\"image\":{\"@id\":\"https:\\\/\\\/vitaminap.pt\\\/pt\\\/orientacao-vocacional\\\/#primaryimage\"},\"thumbnailUrl\":\"https:\\\/\\\/vitaminap.pt\\\/pt\\\/wp-content\\\/uploads\\\/2023\\\/04\\\/orientacao.jpg\",\"datePublished\":\"2023-04-14T10:48:14+00:00\",\"dateModified\":\"2024-10-30T13:58:48+00:00\",\"description\":\"A Orienta\u00e7\u00e3o Vocacional e a Orienta\u00e7\u00e3o de Carreira s\u00e3o processos simples e sistem\u00e1ticos que apoiam o indiv\u00edduo no momento de tomar decis\u00f5es ou fazer escolhas.\",\"breadcrumb\":{\"@id\":\"https:\\\/\\\/vitaminap.pt\\\/pt\\\/orientacao-vocacional\\\/#breadcrumb\"},\"inLanguage\":\"pt-PT\",\"potentialAction\":[{\"@type\":\"ReadAction\",\"target\":[\"https:\\\/\\\/vitaminap.pt\\\/pt\\\/orientacao-vocacional\\\/\"]}]},{\"@type\":\"ImageObject\",\"inLanguage\":\"pt-PT\",\"@id\":\"https:\\\/\\\/vitaminap.pt\\\/pt\\\/orientacao-vocacional\\\/#primaryimage\",\"url\":\"https:\\\/\\\/vitaminap.pt\\\/pt\\\/wp-content\\\/uploads\\\/2023\\\/04\\\/orientacao.jpg\",\"contentUrl\":\"https:\\\/\\\/vitaminap.pt\\\/pt\\\/wp-content\\\/uploads\\\/2023\\\/04\\\/orientacao.jpg\",\"width\":750,\"height\":500,\"caption\":\"Orienta\u00e7\u00e3o Vocacional\"},{\"@type\":\"BreadcrumbList\",\"@id\":\"https:\\\/\\\/vitaminap.pt\\\/pt\\\/orientacao-vocacional\\\/#breadcrumb\",\"itemListElement\":[{\"@type\":\"ListItem\",\"position\":1,\"name\":\"In\u00edcio\",\"item\":\"https:\\\/\\\/vitaminap.pt\\\/pt\\\/\"},{\"@type\":\"ListItem\",\"position\":2,\"name\":\"Orienta\u00e7\u00e3o Vocacional\"}]},{\"@type\":\"WebSite\",\"@id\":\"https:\\\/\\\/vitaminap.pt\\\/pt\\\/#website\",\"url\":\"https:\\\/\\\/vitaminap.pt\\\/pt\\\/\",\"name\":\"Vitamina P\",\"description\":\"psicologia, sa\u00fade P bem-estar\",\"publisher\":{\"@id\":\"https:\\\/\\\/vitaminap.pt\\\/pt\\\/#organization\"},\"potentialAction\":[{\"@type\":\"SearchAction\",\"target\":{\"@type\":\"EntryPoint\",\"urlTemplate\":\"https:\\\/\\\/vitaminap.pt\\\/pt\\\/?s={search_term_string}\"},\"query-input\":{\"@type\":\"PropertyValueSpecification\",\"valueRequired\":true,\"valueName\":\"search_term_string\"}}],\"inLanguage\":\"pt-PT\"},{\"@type\":\"Organization\",\"@id\":\"https:\\\/\\\/vitaminap.pt\\\/pt\\\/#organization\",\"name\":\"Vitamina P\",\"url\":\"https:\\\/\\\/vitaminap.pt\\\/pt\\\/\",\"logo\":{\"@type\":\"ImageObject\",\"inLanguage\":\"pt-PT\",\"@id\":\"https:\\\/\\\/vitaminap.pt\\\/pt\\\/#\\\/schema\\\/logo\\\/image\\\/\",\"url\":\"https:\\\/\\\/vitaminap.pt\\\/pt\\\/wp-content\\\/uploads\\\/2023\\\/03\\\/logo_750_transp.png\",\"contentUrl\":\"https:\\\/\\\/vitaminap.pt\\\/pt\\\/wp-content\\\/uploads\\\/2023\\\/03\\\/logo_750_transp.png\",\"width\":736,\"height\":201,\"caption\":\"Vitamina P\"},\"image\":{\"@id\":\"https:\\\/\\\/vitaminap.pt\\\/pt\\\/#\\\/schema\\\/logo\\\/image\\\/\"},\"sameAs\":[\"https:\\\/\\\/www.facebook.com\\\/vitaminaP.pt\"]}]}<\/script>\n<!-- \/ Yoast SEO plugin. -->","yoast_head_json":{"title":"Orienta\u00e7\u00e3o Vocacional","description":"A Orienta\u00e7\u00e3o Vocacional e a Orienta\u00e7\u00e3o de Carreira s\u00e3o processos simples e sistem\u00e1ticos que apoiam o indiv\u00edduo no momento de tomar decis\u00f5es ou fazer escolhas.","robots":{"index":"index","follow":"follow","max-snippet":"max-snippet:-1","max-image-preview":"max-image-preview:large","max-video-preview":"max-video-preview:-1"},"canonical":"https:\/\/vitaminap.pt\/pt\/orientacao-vocacional\/","og_locale":"pt_PT","og_type":"article","og_title":"Orienta\u00e7\u00e3o Vocacional","og_description":"A Orienta\u00e7\u00e3o Vocacional e a Orienta\u00e7\u00e3o de Carreira s\u00e3o processos simples e sistem\u00e1ticos que apoiam o indiv\u00edduo no momento de tomar decis\u00f5es ou fazer escolhas.","og_url":"https:\/\/vitaminap.pt\/pt\/orientacao-vocacional\/","og_site_name":"Vitamina P","article_publisher":"https:\/\/www.facebook.com\/vitaminaP.pt","article_modified_time":"2024-10-30T13:58:48+00:00","og_image":[{"width":750,"height":500,"url":"https:\/\/vitaminap.pt\/pt\/wp-content\/uploads\/2023\/04\/orientacao.jpg","type":"image\/jpeg"}],"twitter_card":"summary_large_image","twitter_title":"Orienta\u00e7\u00e3o Vocacional","twitter_description":"A Orienta\u00e7\u00e3o Vocacional e a Orienta\u00e7\u00e3o de Carreira s\u00e3o processos simples e sistem\u00e1ticos que apoiam o indiv\u00edduo no momento de tomar decis\u00f5es ou fazer escolhas.","twitter_image":"https:\/\/vitaminap.pt\/pt\/wp-content\/uploads\/2023\/04\/orientacao.jpg","twitter_misc":{"Tempo estimado de leitura":"1 minuto"},"schema":{"@context":"https:\/\/schema.org","@graph":[{"@type":"WebPage","@id":"https:\/\/vitaminap.pt\/pt\/orientacao-vocacional\/","url":"https:\/\/vitaminap.pt\/pt\/orientacao-vocacional\/","name":"Orienta\u00e7\u00e3o Vocacional","isPartOf":{"@id":"https:\/\/vitaminap.pt\/pt\/#website"},"primaryImageOfPage":{"@id":"https:\/\/vitaminap.pt\/pt\/orientacao-vocacional\/#primaryimage"},"image":{"@id":"https:\/\/vitaminap.pt\/pt\/orientacao-vocacional\/#primaryimage"},"thumbnailUrl":"https:\/\/vitaminap.pt\/pt\/wp-content\/uploads\/2023\/04\/orientacao.jpg","datePublished":"2023-04-14T10:48:14+00:00","dateModified":"2024-10-30T13:58:48+00:00","description":"A Orienta\u00e7\u00e3o Vocacional e a Orienta\u00e7\u00e3o de Carreira s\u00e3o processos simples e sistem\u00e1ticos que apoiam o indiv\u00edduo no momento de tomar decis\u00f5es ou fazer escolhas.","breadcrumb":{"@id":"https:\/\/vitaminap.pt\/pt\/orientacao-vocacional\/#breadcrumb"},"inLanguage":"pt-PT","potentialAction":[{"@type":"ReadAction","target":["https:\/\/vitaminap.pt\/pt\/orientacao-vocacional\/"]}]},{"@type":"ImageObject","inLanguage":"pt-PT","@id":"https:\/\/vitaminap.pt\/pt\/orientacao-vocacional\/#primaryimage","url":"https:\/\/vitaminap.pt\/pt\/wp-content\/uploads\/2023\/04\/orientacao.jpg","contentUrl":"https:\/\/vitaminap.pt\/pt\/wp-content\/uploads\/2023\/04\/orientacao.jpg","width":750,"height":500,"caption":"Orienta\u00e7\u00e3o Vocacional"},{"@type":"BreadcrumbList","@id":"https:\/\/vitaminap.pt\/pt\/orientacao-vocacional\/#breadcrumb","itemListElement":[{"@type":"ListItem","position":1,"name":"In\u00edcio","item":"https:\/\/vitaminap.pt\/pt\/"},{"@type":"ListItem","position":2,"name":"Orienta\u00e7\u00e3o Vocacional"}]},{"@type":"WebSite","@id":"https:\/\/vitaminap.pt\/pt\/#website","url":"https:\/\/vitaminap.pt\/pt\/","name":"Vitamina P","description":"psicologia, sa\u00fade P bem-estar","publisher":{"@id":"https:\/\/vitaminap.pt\/pt\/#organization"},"potentialAction":[{"@type":"SearchAction","target":{"@type":"EntryPoint","urlTemplate":"https:\/\/vitaminap.pt\/pt\/?s={search_term_string}"},"query-input":{"@type":"PropertyValueSpecification","valueRequired":true,"valueName":"search_term_string"}}],"inLanguage":"pt-PT"},{"@type":"Organization","@id":"https:\/\/vitaminap.pt\/pt\/#organization","name":"Vitamina P","url":"https:\/\/vitaminap.pt\/pt\/","logo":{"@type":"ImageObject","inLanguage":"pt-PT","@id":"https:\/\/vitaminap.pt\/pt\/#\/schema\/logo\/image\/","url":"https:\/\/vitaminap.pt\/pt\/wp-content\/uploads\/2023\/03\/logo_750_transp.png","contentUrl":"https:\/\/vitaminap.pt\/pt\/wp-content\/uploads\/2023\/03\/logo_750_transp.png","width":736,"height":201,"caption":"Vitamina P"},"image":{"@id":"https:\/\/vitaminap.pt\/pt\/#\/schema\/logo\/image\/"},"sameAs":["https:\/\/www.facebook.com\/vitaminaP.pt"]}]}},"_links":{"self":[{"href":"https:\/\/vitaminap.pt\/pt\/wp-json\/wp\/v2\/pages\/7246","targetHints":{"allow":["GET"]}}],"collection":[{"href":"https:\/\/vitaminap.pt\/pt\/wp-json\/wp\/v2\/pages"}],"about":[{"href":"https:\/\/vitaminap.pt\/pt\/wp-json\/wp\/v2\/types\/page"}],"author":[{"embeddable":true,"href":"https:\/\/vitaminap.pt\/pt\/wp-json\/wp\/v2\/users\/4"}],"replies":[{"embeddable":true,"href":"https:\/\/vitaminap.pt\/pt\/wp-json\/wp\/v2\/comments?post=7246"}],"version-history":[{"count":9,"href":"https:\/\/vitaminap.pt\/pt\/wp-json\/wp\/v2\/pages\/7246\/revisions"}],"predecessor-version":[{"id":8562,"href":"https:\/\/vitaminap.pt\/pt\/wp-json\/wp\/v2\/pages\/7246\/revisions\/8562"}],"wp:featuredmedia":[{"embeddable":true,"href":"https:\/\/vitaminap.pt\/pt\/wp-json\/wp\/v2\/media\/6864"}],"wp:attachment":[{"href":"https:\/\/vitaminap.pt\/pt\/wp-json\/wp\/v2\/media?parent=7246"}],"curies":[{"name":"wp","href":"https:\/\/api.w.org\/{rel}","templated":true}]}}