{"id":7281,"date":"2023-04-17T15:04:59","date_gmt":"2023-04-17T15:04:59","guid":{"rendered":"https:\/\/vitaminap.pt\/pt\/?page_id=7281"},"modified":"2024-10-30T13:46:15","modified_gmt":"2024-10-30T13:46:15","slug":"massagens","status":"publish","type":"page","link":"https:\/\/vitaminap.pt\/pt\/massagens\/","title":{"rendered":"Massagens"},"content":{"rendered":"\t\t<div data-elementor-type=\"wp-post\" data-elementor-id=\"7281\" class=\"elementor elementor-7281\" data-elementor-post-type=\"page\">\n\t\t\t\t\t\t<section class=\"elementor-section elementor-top-section elementor-element elementor-element-676ad05d thim_1_col_tablet elementor-section-boxed elementor-section-height-default elementor-section-height-default\" data-id=\"676ad05d\" data-element_type=\"section\" data-e-type=\"section\">\n\t\t\t\t\t\t<div class=\"elementor-container elementor-column-gap-extended\">\n\t\t\t\t\t<div class=\"elementor-column elementor-col-50 elementor-top-column elementor-element elementor-element-750bb3ac\" data-id=\"750bb3ac\" data-element_type=\"column\" data-e-type=\"column\">\n\t\t\t<div class=\"elementor-widget-wrap elementor-element-populated\">\n\t\t\t\t\t\t<div class=\"elementor-element elementor-element-54a4e840 elementor-widget elementor-widget-image\" data-id=\"54a4e840\" data-element_type=\"widget\" data-e-type=\"widget\" data-widget_type=\"image.default\">\n\t\t\t\t<div class=\"elementor-widget-container\">\n\t\t\t\t\t\t\t\t\t\t\t\t\t\t\t<img fetchpriority=\"high\" decoding=\"async\" width=\"1440\" height=\"961\" src=\"https:\/\/vitaminap.pt\/pt\/wp-content\/uploads\/2023\/04\/Massagens.jpg\" class=\"attachment-full size-full wp-image-7282\" alt=\"Massagens\" srcset=\"https:\/\/vitaminap.pt\/pt\/wp-content\/uploads\/2023\/04\/Massagens.jpg 1440w, https:\/\/vitaminap.pt\/pt\/wp-content\/uploads\/2023\/04\/Massagens-300x200.jpg 300w, https:\/\/vitaminap.pt\/pt\/wp-content\/uploads\/2023\/04\/Massagens-1024x683.jpg 1024w, https:\/\/vitaminap.pt\/pt\/wp-content\/uploads\/2023\/04\/Massagens-768x513.jpg 768w, https:\/\/vitaminap.pt\/pt\/wp-content\/uploads\/2023\/04\/Massagens-600x400.jpg 600w\" sizes=\"(max-width: 1440px) 100vw, 1440px\" \/>\t\t\t\t\t\t\t\t\t\t\t\t\t\t\t<\/div>\n\t\t\t\t<\/div>\n\t\t\t\t\t<\/div>\n\t\t<\/div>\n\t\t\t\t<div class=\"elementor-column elementor-col-50 elementor-top-column elementor-element elementor-element-31972011\" data-id=\"31972011\" data-element_type=\"column\" data-e-type=\"column\">\n\t\t\t<div class=\"elementor-widget-wrap elementor-element-populated\">\n\t\t\t\t\t\t<div class=\"elementor-element elementor-element-1de68135 elementor-widget elementor-widget-wp-widget-text\" data-id=\"1de68135\" data-element_type=\"widget\" data-e-type=\"widget\" data-widget_type=\"wp-widget-text.default\">\n\t\t\t\t<div class=\"elementor-widget-container\">\n\t\t\t\t\t<h5>Massagens<\/h5>\t\t\t<div class=\"textwidget\"><\/div>\n\t\t\t\t\t\t<\/div>\n\t\t\t\t<\/div>\n\t\t\t\t<div class=\"elementor-element elementor-element-3886378 elementor-widget elementor-widget-wp-widget-text\" data-id=\"3886378\" data-element_type=\"widget\" data-e-type=\"widget\" data-widget_type=\"wp-widget-text.default\">\n\t\t\t\t<div class=\"elementor-widget-container\">\n\t\t\t\t\t\t\t\t<div class=\"textwidget\"><p><span style=\"font-weight: 400\">Num mundo agitado, onde passamos muitas horas sentados ao computador, a responder a e-mails no telem\u00f3vel, a tentar esvaziar a cabe\u00e7a da nova preocupa\u00e7\u00e3o e a puxar o nosso corpo para ir mais longe no novo desporto que praticamos, \u00e9 importante pararmos uns minutos e cuidarmos do nosso corpo. Por isso, cri\u00e1mos um conjunto de massagens e pacotes que pode adquirir para relaxar e revitalizar a sua mente e o seu corpo. Temos massagens de relaxamento, terap\u00eauticas, tonificantes, de reflexologia podal e drenagem linf\u00e1tica manual que pode comprar individualmente ou em pacote, podendo-o dividir com um amigo ou familiar.<\/span><\/p>\n<\/div>\n\t\t\t\t\t\t<\/div>\n\t\t\t\t<\/div>\n\t\t\t\t\t<\/div>\n\t\t<\/div>\n\t\t\t\t\t<\/div>\n\t\t<\/section>\n\t\t\t\t<\/div>\n\t\t","protected":false},"excerpt":{"rendered":"<p><\/p>\n","protected":false},"author":4,"featured_media":7282,"parent":0,"menu_order":0,"comment_status":"closed","ping_status":"closed","template":"","meta":{"footnotes":""},"class_list":["post-7281","page","type-page","status-publish","has-post-thumbnail","hentry"],"yoast_head":"<!-- This site is optimized with the Yoast SEO plugin v27.5 - https:\/\/yoast.com\/product\/yoast-seo-wordpress\/ -->\n<title>Massagens<\/title>\n<meta name=\"description\" content=\"Cri\u00e1mos um conjunto de massagens e pacotes que pode adquirir para relaxar e revitalizar a sua mente e o seu corpo.\" \/>\n<meta name=\"robots\" content=\"index, follow, max-snippet:-1, max-image-preview:large, max-video-preview:-1\" \/>\n<link rel=\"canonical\" href=\"https:\/\/vitaminap.pt\/pt\/massagens\/\" \/>\n<meta property=\"og:locale\" content=\"pt_PT\" \/>\n<meta property=\"og:type\" content=\"article\" \/>\n<meta property=\"og:title\" content=\"Massagens\" \/>\n<meta property=\"og:description\" content=\"Cri\u00e1mos um conjunto de massagens e pacotes que pode adquirir para relaxar e revitalizar a sua mente e o seu corpo.\" \/>\n<meta property=\"og:url\" content=\"https:\/\/vitaminap.pt\/pt\/massagens\/\" \/>\n<meta property=\"og:site_name\" content=\"Vitamina P\" \/>\n<meta property=\"article:publisher\" content=\"https:\/\/www.facebook.com\/vitaminaP.pt\" \/>\n<meta property=\"article:modified_time\" content=\"2024-10-30T13:46:15+00:00\" \/>\n<meta property=\"og:image\" content=\"https:\/\/vitaminap.pt\/pt\/wp-content\/uploads\/2023\/04\/Massagens.jpg\" \/>\n\t<meta property=\"og:image:width\" content=\"1440\" \/>\n\t<meta property=\"og:image:height\" content=\"961\" \/>\n\t<meta property=\"og:image:type\" content=\"image\/jpeg\" \/>\n<meta name=\"twitter:card\" content=\"summary_large_image\" \/>\n<meta name=\"twitter:title\" content=\"Massagens\" \/>\n<meta name=\"twitter:description\" content=\"Cri\u00e1mos um conjunto de massagens e pacotes que pode adquirir para relaxar e revitalizar a sua mente e o seu corpo.\" \/>\n<meta name=\"twitter:image\" content=\"https:\/\/vitaminap.pt\/pt\/wp-content\/uploads\/2023\/04\/Massagens.jpg\" \/>\n<meta name=\"twitter:label1\" content=\"Tempo estimado de leitura\" \/>\n\t<meta name=\"twitter:data1\" content=\"1 minuto\" \/>\n<script type=\"application\/ld+json\" class=\"yoast-schema-graph\">{\"@context\":\"https:\\\/\\\/schema.org\",\"@graph\":[{\"@type\":\"WebPage\",\"@id\":\"https:\\\/\\\/vitaminap.pt\\\/pt\\\/massagens\\\/\",\"url\":\"https:\\\/\\\/vitaminap.pt\\\/pt\\\/massagens\\\/\",\"name\":\"Massagens\",\"isPartOf\":{\"@id\":\"https:\\\/\\\/vitaminap.pt\\\/pt\\\/#website\"},\"primaryImageOfPage\":{\"@id\":\"https:\\\/\\\/vitaminap.pt\\\/pt\\\/massagens\\\/#primaryimage\"},\"image\":{\"@id\":\"https:\\\/\\\/vitaminap.pt\\\/pt\\\/massagens\\\/#primaryimage\"},\"thumbnailUrl\":\"https:\\\/\\\/vitaminap.pt\\\/pt\\\/wp-content\\\/uploads\\\/2023\\\/04\\\/Massagens.jpg\",\"datePublished\":\"2023-04-17T15:04:59+00:00\",\"dateModified\":\"2024-10-30T13:46:15+00:00\",\"description\":\"Cri\u00e1mos um conjunto de massagens e pacotes que pode adquirir para relaxar e revitalizar a sua mente e o seu corpo.\",\"breadcrumb\":{\"@id\":\"https:\\\/\\\/vitaminap.pt\\\/pt\\\/massagens\\\/#breadcrumb\"},\"inLanguage\":\"pt-PT\",\"potentialAction\":[{\"@type\":\"ReadAction\",\"target\":[\"https:\\\/\\\/vitaminap.pt\\\/pt\\\/massagens\\\/\"]}]},{\"@type\":\"ImageObject\",\"inLanguage\":\"pt-PT\",\"@id\":\"https:\\\/\\\/vitaminap.pt\\\/pt\\\/massagens\\\/#primaryimage\",\"url\":\"https:\\\/\\\/vitaminap.pt\\\/pt\\\/wp-content\\\/uploads\\\/2023\\\/04\\\/Massagens.jpg\",\"contentUrl\":\"https:\\\/\\\/vitaminap.pt\\\/pt\\\/wp-content\\\/uploads\\\/2023\\\/04\\\/Massagens.jpg\",\"width\":1440,\"height\":961,\"caption\":\"Massagens\"},{\"@type\":\"BreadcrumbList\",\"@id\":\"https:\\\/\\\/vitaminap.pt\\\/pt\\\/massagens\\\/#breadcrumb\",\"itemListElement\":[{\"@type\":\"ListItem\",\"position\":1,\"name\":\"In\u00edcio\",\"item\":\"https:\\\/\\\/vitaminap.pt\\\/pt\\\/\"},{\"@type\":\"ListItem\",\"position\":2,\"name\":\"Massagens\"}]},{\"@type\":\"WebSite\",\"@id\":\"https:\\\/\\\/vitaminap.pt\\\/pt\\\/#website\",\"url\":\"https:\\\/\\\/vitaminap.pt\\\/pt\\\/\",\"name\":\"Vitamina P\",\"description\":\"psicologia, sa\u00fade P bem-estar\",\"publisher\":{\"@id\":\"https:\\\/\\\/vitaminap.pt\\\/pt\\\/#organization\"},\"potentialAction\":[{\"@type\":\"SearchAction\",\"target\":{\"@type\":\"EntryPoint\",\"urlTemplate\":\"https:\\\/\\\/vitaminap.pt\\\/pt\\\/?s={search_term_string}\"},\"query-input\":{\"@type\":\"PropertyValueSpecification\",\"valueRequired\":true,\"valueName\":\"search_term_string\"}}],\"inLanguage\":\"pt-PT\"},{\"@type\":\"Organization\",\"@id\":\"https:\\\/\\\/vitaminap.pt\\\/pt\\\/#organization\",\"name\":\"Vitamina P\",\"url\":\"https:\\\/\\\/vitaminap.pt\\\/pt\\\/\",\"logo\":{\"@type\":\"ImageObject\",\"inLanguage\":\"pt-PT\",\"@id\":\"https:\\\/\\\/vitaminap.pt\\\/pt\\\/#\\\/schema\\\/logo\\\/image\\\/\",\"url\":\"https:\\\/\\\/vitaminap.pt\\\/pt\\\/wp-content\\\/uploads\\\/2023\\\/03\\\/logo_750_transp.png\",\"contentUrl\":\"https:\\\/\\\/vitaminap.pt\\\/pt\\\/wp-content\\\/uploads\\\/2023\\\/03\\\/logo_750_transp.png\",\"width\":736,\"height\":201,\"caption\":\"Vitamina P\"},\"image\":{\"@id\":\"https:\\\/\\\/vitaminap.pt\\\/pt\\\/#\\\/schema\\\/logo\\\/image\\\/\"},\"sameAs\":[\"https:\\\/\\\/www.facebook.com\\\/vitaminaP.pt\"]}]}<\/script>\n<!-- \/ Yoast SEO plugin. -->","yoast_head_json":{"title":"Massagens","description":"Cri\u00e1mos um conjunto de massagens e pacotes que pode adquirir para relaxar e revitalizar a sua mente e o seu corpo.","robots":{"index":"index","follow":"follow","max-snippet":"max-snippet:-1","max-image-preview":"max-image-preview:large","max-video-preview":"max-video-preview:-1"},"canonical":"https:\/\/vitaminap.pt\/pt\/massagens\/","og_locale":"pt_PT","og_type":"article","og_title":"Massagens","og_description":"Cri\u00e1mos um conjunto de massagens e pacotes que pode adquirir para relaxar e revitalizar a sua mente e o seu corpo.","og_url":"https:\/\/vitaminap.pt\/pt\/massagens\/","og_site_name":"Vitamina P","article_publisher":"https:\/\/www.facebook.com\/vitaminaP.pt","article_modified_time":"2024-10-30T13:46:15+00:00","og_image":[{"width":1440,"height":961,"url":"https:\/\/vitaminap.pt\/pt\/wp-content\/uploads\/2023\/04\/Massagens.jpg","type":"image\/jpeg"}],"twitter_card":"summary_large_image","twitter_title":"Massagens","twitter_description":"Cri\u00e1mos um conjunto de massagens e pacotes que pode adquirir para relaxar e revitalizar a sua mente e o seu corpo.","twitter_image":"https:\/\/vitaminap.pt\/pt\/wp-content\/uploads\/2023\/04\/Massagens.jpg","twitter_misc":{"Tempo estimado de leitura":"1 minuto"},"schema":{"@context":"https:\/\/schema.org","@graph":[{"@type":"WebPage","@id":"https:\/\/vitaminap.pt\/pt\/massagens\/","url":"https:\/\/vitaminap.pt\/pt\/massagens\/","name":"Massagens","isPartOf":{"@id":"https:\/\/vitaminap.pt\/pt\/#website"},"primaryImageOfPage":{"@id":"https:\/\/vitaminap.pt\/pt\/massagens\/#primaryimage"},"image":{"@id":"https:\/\/vitaminap.pt\/pt\/massagens\/#primaryimage"},"thumbnailUrl":"https:\/\/vitaminap.pt\/pt\/wp-content\/uploads\/2023\/04\/Massagens.jpg","datePublished":"2023-04-17T15:04:59+00:00","dateModified":"2024-10-30T13:46:15+00:00","description":"Cri\u00e1mos um conjunto de massagens e pacotes que pode adquirir para relaxar e revitalizar a sua mente e o seu corpo.","breadcrumb":{"@id":"https:\/\/vitaminap.pt\/pt\/massagens\/#breadcrumb"},"inLanguage":"pt-PT","potentialAction":[{"@type":"ReadAction","target":["https:\/\/vitaminap.pt\/pt\/massagens\/"]}]},{"@type":"ImageObject","inLanguage":"pt-PT","@id":"https:\/\/vitaminap.pt\/pt\/massagens\/#primaryimage","url":"https:\/\/vitaminap.pt\/pt\/wp-content\/uploads\/2023\/04\/Massagens.jpg","contentUrl":"https:\/\/vitaminap.pt\/pt\/wp-content\/uploads\/2023\/04\/Massagens.jpg","width":1440,"height":961,"caption":"Massagens"},{"@type":"BreadcrumbList","@id":"https:\/\/vitaminap.pt\/pt\/massagens\/#breadcrumb","itemListElement":[{"@type":"ListItem","position":1,"name":"In\u00edcio","item":"https:\/\/vitaminap.pt\/pt\/"},{"@type":"ListItem","position":2,"name":"Massagens"}]},{"@type":"WebSite","@id":"https:\/\/vitaminap.pt\/pt\/#website","url":"https:\/\/vitaminap.pt\/pt\/","name":"Vitamina P","description":"psicologia, sa\u00fade P bem-estar","publisher":{"@id":"https:\/\/vitaminap.pt\/pt\/#organization"},"potentialAction":[{"@type":"SearchAction","target":{"@type":"EntryPoint","urlTemplate":"https:\/\/vitaminap.pt\/pt\/?s={search_term_string}"},"query-input":{"@type":"PropertyValueSpecification","valueRequired":true,"valueName":"search_term_string"}}],"inLanguage":"pt-PT"},{"@type":"Organization","@id":"https:\/\/vitaminap.pt\/pt\/#organization","name":"Vitamina P","url":"https:\/\/vitaminap.pt\/pt\/","logo":{"@type":"ImageObject","inLanguage":"pt-PT","@id":"https:\/\/vitaminap.pt\/pt\/#\/schema\/logo\/image\/","url":"https:\/\/vitaminap.pt\/pt\/wp-content\/uploads\/2023\/03\/logo_750_transp.png","contentUrl":"https:\/\/vitaminap.pt\/pt\/wp-content\/uploads\/2023\/03\/logo_750_transp.png","width":736,"height":201,"caption":"Vitamina P"},"image":{"@id":"https:\/\/vitaminap.pt\/pt\/#\/schema\/logo\/image\/"},"sameAs":["https:\/\/www.facebook.com\/vitaminaP.pt"]}]}},"_links":{"self":[{"href":"https:\/\/vitaminap.pt\/pt\/wp-json\/wp\/v2\/pages\/7281","targetHints":{"allow":["GET"]}}],"collection":[{"href":"https:\/\/vitaminap.pt\/pt\/wp-json\/wp\/v2\/pages"}],"about":[{"href":"https:\/\/vitaminap.pt\/pt\/wp-json\/wp\/v2\/types\/page"}],"author":[{"embeddable":true,"href":"https:\/\/vitaminap.pt\/pt\/wp-json\/wp\/v2\/users\/4"}],"replies":[{"embeddable":true,"href":"https:\/\/vitaminap.pt\/pt\/wp-json\/wp\/v2\/comments?post=7281"}],"version-history":[{"count":6,"href":"https:\/\/vitaminap.pt\/pt\/wp-json\/wp\/v2\/pages\/7281\/revisions"}],"predecessor-version":[{"id":8556,"href":"https:\/\/vitaminap.pt\/pt\/wp-json\/wp\/v2\/pages\/7281\/revisions\/8556"}],"wp:featuredmedia":[{"embeddable":true,"href":"https:\/\/vitaminap.pt\/pt\/wp-json\/wp\/v2\/media\/7282"}],"wp:attachment":[{"href":"https:\/\/vitaminap.pt\/pt\/wp-json\/wp\/v2\/media?parent=7281"}],"curies":[{"name":"wp","href":"https:\/\/api.w.org\/{rel}","templated":true}]}}