{"id":7611,"date":"2023-04-21T10:44:10","date_gmt":"2023-04-21T10:44:10","guid":{"rendered":"https:\/\/vitaminap.pt\/pt\/?page_id=7611"},"modified":"2024-10-30T14:00:40","modified_gmt":"2024-10-30T14:00:40","slug":"politica-de-privacidade","status":"publish","type":"page","link":"https:\/\/vitaminap.pt\/pt\/politica-de-privacidade\/","title":{"rendered":"Pol\u00edtica de Privacidade"},"content":{"rendered":"\t\t<div data-elementor-type=\"wp-page\" data-elementor-id=\"7611\" class=\"elementor elementor-7611\" data-elementor-post-type=\"page\">\n\t\t\t\t\t\t<section class=\"elementor-section elementor-top-section elementor-element elementor-element-60e2408 elementor-section-boxed elementor-section-height-default elementor-section-height-default\" data-id=\"60e2408\" data-element_type=\"section\" data-e-type=\"section\">\n\t\t\t\t\t\t<div class=\"elementor-container elementor-column-gap-default\">\n\t\t\t\t\t<div class=\"elementor-column elementor-col-100 elementor-top-column elementor-element elementor-element-decb97a\" data-id=\"decb97a\" data-element_type=\"column\" data-e-type=\"column\">\n\t\t\t<div class=\"elementor-widget-wrap elementor-element-populated\">\n\t\t\t\t\t\t<div class=\"elementor-element elementor-element-098b2ed elementor-widget elementor-widget-text-editor\" data-id=\"098b2ed\" data-element_type=\"widget\" data-e-type=\"widget\" data-widget_type=\"text-editor.default\">\n\t\t\t\t<div class=\"elementor-widget-container\">\n\t\t\t\t\t\t\t\t\t<p>A Pol\u00edtica de Privacidade do Vitamina P determina a forma como recolhemos, utilizamos, divulgamos, transferimos e armazenamos as informa\u00e7\u00f5es dos titulares de dados pessoais, de acordo com as pr\u00e1ticas de privacidade em vigor no Vitamina P. O teor deste&nbsp; documento \u00e9&nbsp; informativo e orientador, n\u00e3o desonerando a consulta da legisla\u00e7\u00e3o aplic\u00e1vel por parte dos interessados cuja leitura se solicita em caso de d\u00favida.<\/p>\n<p><b><u>1. A Pol\u00edtica de Prote\u00e7\u00e3o de Dados Pessoais<\/u><\/b><br><span style=\"color: var( --e-global-color-text ); font-family: var( --e-global-typography-text-font-family ), Sans-serif; background-color: var(--thim-body-bg-color,#fff); font-size: var(--thim-font-body-font-size,15px);\">A Pol\u00edtica de Prote\u00e7\u00e3o de Dados Pessoais pretende dar a conhecer aos titulares dos dados as regras gerais de tratamento de dados pessoais, os quais s\u00e3o recolhidos e tratados no estrito respeito e cumprimento do disposto na legisla\u00e7\u00e3o de prote\u00e7\u00e3o de dados pessoais em vigor em cada momento, nomeadamente o Regulamento (UE) 2016\/679 do Parlamento Europeu e do Conselho, de 27 de abril de 2016 (\u201cRGPD\u201d).<\/span><\/p>\n<p>O Vitamina P respeita as melhores pr\u00e1ticas no dom\u00ednio da seguran\u00e7a e da prote\u00e7\u00e3o dos dados pessoais, tendo para o efeito tomado as medidas t\u00e9cnicas e organizativas necess\u00e1rias por forma a cumprir o RGPD e garantir que o tratamento dos dados pessoais \u00e9 l\u00edcito, leal, transparente e limitado \u00e0s finalidades autorizadas.<\/p>\n<p>O Vitamina P est\u00e1 empenhado na prote\u00e7\u00e3o e confidencialidade dos dados pessoais, tendo adotado as medidas que considera adequadas para assegurar a exatid\u00e3o, integridade e confidencialidade dos dados pessoais, bem como, todos os demais direitos que assistem aos respetivos titulares.<\/p>\n<p>As presentes regras complementam as disposi\u00e7\u00f5es, em mat\u00e9ria de prote\u00e7\u00e3o e tratamento de dados pessoais, previstas nos contratos celebrados pelo Vitamina P, assim como, as regras previstas nos termos e condi\u00e7\u00f5es que regulam a oferta dos servi\u00e7os do Vitamina P.<\/p>\n<p><b><u>2. Recolha e Utiliza\u00e7\u00e3o de Informa\u00e7\u00f5es Pessoais<\/u><\/b><br><span style=\"color: var( --e-global-color-text ); font-family: var( --e-global-typography-text-font-family ), Sans-serif; background-color: var(--thim-body-bg-color,#fff); font-size: var(--thim-font-body-font-size,15px);\">O Vitamina P desenvolve um trabalho cont\u00ednuo de garantia da seguran\u00e7a e da confidencialidade dos dados fornecidos pelos respetivos titulares dos dados pessoais, tratando a informa\u00e7\u00e3o nos termos legalmente previstos. Os dados podem ser utilizados para identificar ou contactar o respetivo titular, podendo ser-lhe solicitado que disponibilize as respetivas informa\u00e7\u00f5es pessoais sempre que esteja em contacto com o Vitamina P, para disponibilizar e otimizar os servi\u00e7os prestados e os conte\u00fados disponibilizados. O titular n\u00e3o \u00e9 obrigado a fornecer as informa\u00e7\u00f5es pessoais solicitadas mas, caso opte por n\u00e3o o fazer, poder\u00e1 n\u00e3o conseguir aceder aos servi\u00e7os postos ao seu dispor ou obter respostas \u00e0s solicita\u00e7\u00f5es que possa ter efetuado.<\/span><\/p>\n<p><u><b>3. Defini\u00e7\u00e3o de dados pessoais<\/b><\/u><br><span style=\"color: var( --e-global-color-text ); font-family: var( --e-global-typography-text-font-family ), Sans-serif; background-color: var(--thim-body-bg-color,#fff); font-size: var(--thim-font-body-font-size,15px);\">D<\/span><span style=\"color: var( --e-global-color-text ); font-family: var( --e-global-typography-text-font-family ), Sans-serif; font-weight: var( --e-global-typography-text-font-weight ); background-color: var(--thim-body-bg-color,#fff); font-size: var(--thim-font-body-font-size,15px);\">ados pessoais s\u00e3o qualquer informa\u00e7\u00e3o, de qualquer natureza e independentemente do respetivo suporte, incluindo som e imagem, relativa a uma pessoa singular i<\/span><span style=\"color: var( --e-global-color-text ); font-family: var( --e-global-typography-text-font-family ), Sans-serif; font-weight: var( --e-global-typography-text-font-weight ); background-color: var(--thim-body-bg-color,#fff); font-size: var(--thim-font-body-font-size,15px);\">dentificada ou identific\u00e1vel.<\/span><\/p>\n<p>\u00c9 considerada identific\u00e1vel a pessoa singular que possa ser identificada, direta ou indiretamente, designadamente por refer\u00eancia a um nome, n\u00famero de identifica\u00e7\u00e3o, dados de localiza\u00e7\u00e3o, identificadores por via eletr\u00f3nica ou a um ou mais elementos espec\u00edficos da sua identidade f\u00edsica, fisiol\u00f3gica, gen\u00e9tica, mental, econ\u00f3mica, cultural ou social.<\/p>\n<p><u style=\"\"><b>4. Tratamento de dados pessoais<br><\/b><\/u><span style=\"color: var( --e-global-color-text ); font-family: var( --e-global-typography-text-font-family ), Sans-serif; font-weight: var( --e-global-typography-text-font-weight ); background-color: var(--thim-body-bg-color,#fff); font-size: var(--thim-font-body-font-size,15px);\">O tratamento de dados pessoais consiste numa opera\u00e7\u00e3o ou conjunto de opera\u00e7\u00f5es efetuadas sobre dados pessoais ou conjuntos de dados pessoais, atrav\u00e9s de meios automatizados, ou n\u00e3o, nomeadamente a recolha, o registo, a organiza\u00e7\u00e3o, a estrutura\u00e7\u00e3o, a conserva\u00e7\u00e3o, a adapta\u00e7\u00e3o, a recupera\u00e7\u00e3o, a consulta, a utiliza\u00e7\u00e3o, a divulga\u00e7\u00e3o, a difus\u00e3o, a compara\u00e7\u00e3o, a interconex\u00e3o, a limita\u00e7\u00e3o, o apagamento ou a destrui\u00e7\u00e3o.<\/span><\/p>\n<p><b><u>5. Respons\u00e1vel pelo tratamento de dados pessoais<br><\/u><\/b><span style=\"color: var( --e-global-color-text ); font-family: var( --e-global-typography-text-font-family ), Sans-serif; font-weight: var( --e-global-typography-text-font-weight ); background-color: var(--thim-body-bg-color,#fff); font-size: var(--thim-font-body-font-size,15px);\">A entidade respons\u00e1vel pelo tratamento dos dados pessoais \u00e9 o Vitamina P, que determina as finalidades e os meios de tratamento dos mesmos. Para o efeito, caso o titular dos dados pessoais necessite de entrar em contacto com o respons\u00e1vel pelo tratamento de dados, poder\u00e1 faz\u00ea-lo atrav\u00e9s dos meios e contactos abaixo indicados:<\/span><\/p>\n<p>Atrav\u00e9s de endere\u00e7o de correio eletr\u00f3nico para&nbsp;<a href=\"mailto:vitaminap@vitaminap.pt\" target=\"_blank\" style=\"font-family: var( --e-global-typography-text-font-family ), Sans-serif; font-weight: var( --e-global-typography-text-font-weight ); font-size: var(--thim-font-body-font-size,15px);\">vitaminap@vitaminap.pt<\/a><\/p>\n<p>Atrav\u00e9s de comunica\u00e7\u00e3o escrita dirigida ao respons\u00e1vel pelo tratamento de dados:&nbsp;<br><span style=\"color: var( --e-global-color-text ); font-family: var( --e-global-typography-text-font-family ), Sans-serif; font-weight: var( --e-global-typography-text-font-weight ); background-color: var(--thim-body-bg-color,#fff); font-size: var(--thim-font-body-font-size,15px);\">Respons\u00e1vel de tratamento de dados do Vitamina P&nbsp;<br><\/span><span style=\"background-color: var(--thim-body-bg-color,#fff); color: var( --e-global-color-text ); font-family: var( --e-global-typography-text-font-family ), Sans-serif; font-size: var(--thim-font-body-font-size,15px); font-weight: var( --e-global-typography-text-font-weight );\">Rua Fern\u00e3o M. Pinto 15E<br><\/span><span style=\"background-color: var(--thim-body-bg-color,#fff); color: var( --e-global-color-text ); font-family: var( --e-global-typography-text-font-family ), Sans-serif; font-size: var(--thim-font-body-font-size,15px); font-weight: var( --e-global-typography-text-font-weight );\">1400-145 Lisboa<\/span><span style=\"color: var( --e-global-color-text ); font-family: var( --e-global-typography-text-font-family ), Sans-serif; font-weight: var( --e-global-typography-text-font-weight ); background-color: var(--thim-body-bg-color,#fff); font-size: var(--thim-font-body-font-size,15px);\">&nbsp;<\/span><\/p>\n<p><u style=\"\"><b>6. Encarregado da prote\u00e7\u00e3o de dados pessoais<br><\/b><\/u><span style=\"color: var( --e-global-color-text ); font-family: var( --e-global-typography-text-font-family ), Sans-serif; font-weight: var( --e-global-typography-text-font-weight ); background-color: var(--thim-body-bg-color,#fff); font-size: var(--thim-font-body-font-size,15px);\">O encarregado da prote\u00e7\u00e3o de dados desempenha um papel relevante no tratamento dos dados pessoais, garantindo, entre outros aspetos, a conformidade do tratamento de dados com a legisla\u00e7\u00e3o em vigor, procedendo \u00e0 verifica\u00e7\u00e3o do cumprimento da Pol\u00edtica de Prote\u00e7\u00e3o de Dados e definindo regras claras quanto ao tratamento de dados pessoais, assegurando que todos os que lhe confiam o tratamento dos seus dados pessoais tenham conhecimento da forma como o Vitamina P trata os mesmos e quais os direitos que lhes assistem nesta mat\u00e9ria.<\/span><\/p>\n<p>Assim, os titulares de dados pessoais, caso o pretendam, podem endere\u00e7ar uma comunica\u00e7\u00e3o ao Encarregado da Prote\u00e7\u00e3o de Dados, relativamente a assuntos relacionados com o tratamento de dados pessoais, utilizando, para o efeito, os seguintes contactos:<\/p>\n<p>Atrav\u00e9s de endere\u00e7o de correio eletr\u00f3nico para&nbsp;<a href=\"mailto:vitaminap@vitaminap.pt\" target=\"_blank\" style=\"background-color: rgb(255, 255, 255); font-family: var( --e-global-typography-text-font-family ), Sans-serif; font-size: var(--thim-font-body-font-size,15px); font-weight: var( --e-global-typography-text-font-weight );\">vitaminap@vitaminap.pt<\/a><br><\/p>\n<p>Atrav\u00e9s de comunica\u00e7\u00e3o escrita dirigida ao respons\u00e1vel pelo tratamento de dados:&nbsp;<br><span style=\"color: var( --e-global-color-text ); font-family: var( --e-global-typography-text-font-family ), Sans-serif; font-size: var(--thim-font-body-font-size,15px); font-weight: var( --e-global-typography-text-font-weight ); background-color: var(--thim-body-bg-color,#fff);\">Respons\u00e1vel de tratamento de dados do Vitamina P&nbsp;<br><\/span><span style=\"color: var( --e-global-color-text ); font-family: var( --e-global-typography-text-font-family ), Sans-serif; font-size: var(--thim-font-body-font-size,15px); font-weight: var( --e-global-typography-text-font-weight ); background-color: var(--thim-body-bg-color,#fff);\">Rua Fern\u00e3o M. Pinto 15E<br><\/span><span style=\"color: var( --e-global-color-text ); font-family: var( --e-global-typography-text-font-family ), Sans-serif; font-size: var(--thim-font-body-font-size,15px); font-weight: var( --e-global-typography-text-font-weight ); background-color: var(--thim-body-bg-color,#fff);\">1400-145 Lisboa<\/span><span style=\"color: var( --e-global-color-text ); font-family: var( --e-global-typography-text-font-family ), Sans-serif; font-size: var(--thim-font-body-font-size,15px); font-weight: var( --e-global-typography-text-font-weight ); background-color: var(--thim-body-bg-color,#fff);\">&nbsp;<\/span><br><\/p>\n<div>&nbsp;<\/div>\n<div>&nbsp;<\/div>\t\t\t\t\t\t\t\t<\/div>\n\t\t\t\t<\/div>\n\t\t\t\t\t<\/div>\n\t\t<\/div>\n\t\t\t\t\t<\/div>\n\t\t<\/section>\n\t\t\t\t<\/div>\n\t\t","protected":false},"excerpt":{"rendered":"<p>A Pol\u00edtica de Privacidade do Vitamina P determina a forma como recolhemos, utilizamos, divulgamos, transferimos e armazenamos as informa\u00e7\u00f5es dos titulares de dados pessoais, de acordo com as pr\u00e1ticas de privacidade em vigor no Vitamina P. O teor deste\u00a0 documento <\/p>\n","protected":false},"author":4,"featured_media":0,"parent":0,"menu_order":0,"comment_status":"closed","ping_status":"closed","template":"","meta":{"footnotes":""},"class_list":["post-7611","page","type-page","status-publish","hentry"],"yoast_head":"<!-- This site is optimized with the Yoast SEO plugin v27.5 - https:\/\/yoast.com\/product\/yoast-seo-wordpress\/ -->\n<title>Pol\u00edtica de Privacidade<\/title>\n<meta name=\"description\" content=\"A Pol\u00edtica de Privacidade da Vitamina P determina a forma como recolhemos, utilizamos, divulgamos, transferimos e armazenamos as informa\u00e7\u00f5es dos titulares de dados pessoais.\" \/>\n<meta name=\"robots\" content=\"index, follow, max-snippet:-1, max-image-preview:large, max-video-preview:-1\" \/>\n<link rel=\"canonical\" href=\"https:\/\/vitaminap.pt\/pt\/politica-de-privacidade\/\" \/>\n<meta property=\"og:locale\" content=\"pt_PT\" \/>\n<meta property=\"og:type\" content=\"article\" \/>\n<meta property=\"og:title\" content=\"Pol\u00edtica de Privacidade\" \/>\n<meta property=\"og:description\" content=\"A Pol\u00edtica de Privacidade da Vitamina P determina a forma como recolhemos, utilizamos, divulgamos, transferimos e armazenamos as informa\u00e7\u00f5es dos titulares de dados pessoais\" \/>\n<meta property=\"og:url\" content=\"https:\/\/vitaminap.pt\/pt\/politica-de-privacidade\/\" \/>\n<meta property=\"og:site_name\" content=\"Vitamina P\" \/>\n<meta property=\"article:publisher\" content=\"https:\/\/www.facebook.com\/vitaminaP.pt\" \/>\n<meta property=\"article:modified_time\" content=\"2024-10-30T14:00:40+00:00\" \/>\n<meta property=\"og:image\" content=\"https:\/\/vitaminap.pt\/pt\/wp-content\/uploads\/2023\/04\/Espaco_3.jpeg\" \/>\n\t<meta property=\"og:image:width\" content=\"1920\" \/>\n\t<meta property=\"og:image:height\" content=\"1280\" \/>\n\t<meta property=\"og:image:type\" content=\"image\/jpeg\" \/>\n<meta name=\"twitter:card\" content=\"summary_large_image\" \/>\n<meta name=\"twitter:title\" content=\"Pol\u00edtica de Privacidade\" \/>\n<meta name=\"twitter:description\" content=\"A Pol\u00edtica de Privacidade da Vitamina P determina a forma como recolhemos, utilizamos, divulgamos, transferimos e armazenamos as informa\u00e7\u00f5es dos titulares de dados pessoais\" \/>\n<meta name=\"twitter:image\" content=\"https:\/\/vitaminap.pt\/pt\/wp-content\/uploads\/2023\/04\/Espaco_3.jpeg\" \/>\n<meta name=\"twitter:label1\" content=\"Tempo estimado de leitura\" \/>\n\t<meta name=\"twitter:data1\" content=\"5 minutos\" \/>\n<script type=\"application\/ld+json\" class=\"yoast-schema-graph\">{\"@context\":\"https:\\\/\\\/schema.org\",\"@graph\":[{\"@type\":\"WebPage\",\"@id\":\"https:\\\/\\\/vitaminap.pt\\\/pt\\\/politica-de-privacidade\\\/\",\"url\":\"https:\\\/\\\/vitaminap.pt\\\/pt\\\/politica-de-privacidade\\\/\",\"name\":\"Pol\u00edtica de Privacidade\",\"isPartOf\":{\"@id\":\"https:\\\/\\\/vitaminap.pt\\\/pt\\\/#website\"},\"datePublished\":\"2023-04-21T10:44:10+00:00\",\"dateModified\":\"2024-10-30T14:00:40+00:00\",\"description\":\"A Pol\u00edtica de Privacidade da Vitamina P determina a forma como recolhemos, utilizamos, divulgamos, transferimos e armazenamos as informa\u00e7\u00f5es dos titulares de dados pessoais.\",\"breadcrumb\":{\"@id\":\"https:\\\/\\\/vitaminap.pt\\\/pt\\\/politica-de-privacidade\\\/#breadcrumb\"},\"inLanguage\":\"pt-PT\",\"potentialAction\":[{\"@type\":\"ReadAction\",\"target\":[\"https:\\\/\\\/vitaminap.pt\\\/pt\\\/politica-de-privacidade\\\/\"]}]},{\"@type\":\"BreadcrumbList\",\"@id\":\"https:\\\/\\\/vitaminap.pt\\\/pt\\\/politica-de-privacidade\\\/#breadcrumb\",\"itemListElement\":[{\"@type\":\"ListItem\",\"position\":1,\"name\":\"In\u00edcio\",\"item\":\"https:\\\/\\\/vitaminap.pt\\\/pt\\\/\"},{\"@type\":\"ListItem\",\"position\":2,\"name\":\"Pol\u00edtica de Privacidade\"}]},{\"@type\":\"WebSite\",\"@id\":\"https:\\\/\\\/vitaminap.pt\\\/pt\\\/#website\",\"url\":\"https:\\\/\\\/vitaminap.pt\\\/pt\\\/\",\"name\":\"Vitamina P\",\"description\":\"psicologia, sa\u00fade P bem-estar\",\"publisher\":{\"@id\":\"https:\\\/\\\/vitaminap.pt\\\/pt\\\/#organization\"},\"potentialAction\":[{\"@type\":\"SearchAction\",\"target\":{\"@type\":\"EntryPoint\",\"urlTemplate\":\"https:\\\/\\\/vitaminap.pt\\\/pt\\\/?s={search_term_string}\"},\"query-input\":{\"@type\":\"PropertyValueSpecification\",\"valueRequired\":true,\"valueName\":\"search_term_string\"}}],\"inLanguage\":\"pt-PT\"},{\"@type\":\"Organization\",\"@id\":\"https:\\\/\\\/vitaminap.pt\\\/pt\\\/#organization\",\"name\":\"Vitamina P\",\"url\":\"https:\\\/\\\/vitaminap.pt\\\/pt\\\/\",\"logo\":{\"@type\":\"ImageObject\",\"inLanguage\":\"pt-PT\",\"@id\":\"https:\\\/\\\/vitaminap.pt\\\/pt\\\/#\\\/schema\\\/logo\\\/image\\\/\",\"url\":\"https:\\\/\\\/vitaminap.pt\\\/pt\\\/wp-content\\\/uploads\\\/2023\\\/03\\\/logo_750_transp.png\",\"contentUrl\":\"https:\\\/\\\/vitaminap.pt\\\/pt\\\/wp-content\\\/uploads\\\/2023\\\/03\\\/logo_750_transp.png\",\"width\":736,\"height\":201,\"caption\":\"Vitamina P\"},\"image\":{\"@id\":\"https:\\\/\\\/vitaminap.pt\\\/pt\\\/#\\\/schema\\\/logo\\\/image\\\/\"},\"sameAs\":[\"https:\\\/\\\/www.facebook.com\\\/vitaminaP.pt\"]}]}<\/script>\n<!-- \/ Yoast SEO plugin. -->","yoast_head_json":{"title":"Pol\u00edtica de Privacidade","description":"A Pol\u00edtica de Privacidade da Vitamina P determina a forma como recolhemos, utilizamos, divulgamos, transferimos e armazenamos as informa\u00e7\u00f5es dos titulares de dados pessoais.","robots":{"index":"index","follow":"follow","max-snippet":"max-snippet:-1","max-image-preview":"max-image-preview:large","max-video-preview":"max-video-preview:-1"},"canonical":"https:\/\/vitaminap.pt\/pt\/politica-de-privacidade\/","og_locale":"pt_PT","og_type":"article","og_title":"Pol\u00edtica de Privacidade","og_description":"A Pol\u00edtica de Privacidade da Vitamina P determina a forma como recolhemos, utilizamos, divulgamos, transferimos e armazenamos as informa\u00e7\u00f5es dos titulares de dados pessoais","og_url":"https:\/\/vitaminap.pt\/pt\/politica-de-privacidade\/","og_site_name":"Vitamina P","article_publisher":"https:\/\/www.facebook.com\/vitaminaP.pt","article_modified_time":"2024-10-30T14:00:40+00:00","og_image":[{"width":1920,"height":1280,"url":"https:\/\/vitaminap.pt\/pt\/wp-content\/uploads\/2023\/04\/Espaco_3.jpeg","type":"image\/jpeg"}],"twitter_card":"summary_large_image","twitter_title":"Pol\u00edtica de Privacidade","twitter_description":"A Pol\u00edtica de Privacidade da Vitamina P determina a forma como recolhemos, utilizamos, divulgamos, transferimos e armazenamos as informa\u00e7\u00f5es dos titulares de dados pessoais","twitter_image":"https:\/\/vitaminap.pt\/pt\/wp-content\/uploads\/2023\/04\/Espaco_3.jpeg","twitter_misc":{"Tempo estimado de leitura":"5 minutos"},"schema":{"@context":"https:\/\/schema.org","@graph":[{"@type":"WebPage","@id":"https:\/\/vitaminap.pt\/pt\/politica-de-privacidade\/","url":"https:\/\/vitaminap.pt\/pt\/politica-de-privacidade\/","name":"Pol\u00edtica de Privacidade","isPartOf":{"@id":"https:\/\/vitaminap.pt\/pt\/#website"},"datePublished":"2023-04-21T10:44:10+00:00","dateModified":"2024-10-30T14:00:40+00:00","description":"A Pol\u00edtica de Privacidade da Vitamina P determina a forma como recolhemos, utilizamos, divulgamos, transferimos e armazenamos as informa\u00e7\u00f5es dos titulares de dados pessoais.","breadcrumb":{"@id":"https:\/\/vitaminap.pt\/pt\/politica-de-privacidade\/#breadcrumb"},"inLanguage":"pt-PT","potentialAction":[{"@type":"ReadAction","target":["https:\/\/vitaminap.pt\/pt\/politica-de-privacidade\/"]}]},{"@type":"BreadcrumbList","@id":"https:\/\/vitaminap.pt\/pt\/politica-de-privacidade\/#breadcrumb","itemListElement":[{"@type":"ListItem","position":1,"name":"In\u00edcio","item":"https:\/\/vitaminap.pt\/pt\/"},{"@type":"ListItem","position":2,"name":"Pol\u00edtica de Privacidade"}]},{"@type":"WebSite","@id":"https:\/\/vitaminap.pt\/pt\/#website","url":"https:\/\/vitaminap.pt\/pt\/","name":"Vitamina P","description":"psicologia, sa\u00fade P bem-estar","publisher":{"@id":"https:\/\/vitaminap.pt\/pt\/#organization"},"potentialAction":[{"@type":"SearchAction","target":{"@type":"EntryPoint","urlTemplate":"https:\/\/vitaminap.pt\/pt\/?s={search_term_string}"},"query-input":{"@type":"PropertyValueSpecification","valueRequired":true,"valueName":"search_term_string"}}],"inLanguage":"pt-PT"},{"@type":"Organization","@id":"https:\/\/vitaminap.pt\/pt\/#organization","name":"Vitamina P","url":"https:\/\/vitaminap.pt\/pt\/","logo":{"@type":"ImageObject","inLanguage":"pt-PT","@id":"https:\/\/vitaminap.pt\/pt\/#\/schema\/logo\/image\/","url":"https:\/\/vitaminap.pt\/pt\/wp-content\/uploads\/2023\/03\/logo_750_transp.png","contentUrl":"https:\/\/vitaminap.pt\/pt\/wp-content\/uploads\/2023\/03\/logo_750_transp.png","width":736,"height":201,"caption":"Vitamina P"},"image":{"@id":"https:\/\/vitaminap.pt\/pt\/#\/schema\/logo\/image\/"},"sameAs":["https:\/\/www.facebook.com\/vitaminaP.pt"]}]}},"_links":{"self":[{"href":"https:\/\/vitaminap.pt\/pt\/wp-json\/wp\/v2\/pages\/7611","targetHints":{"allow":["GET"]}}],"collection":[{"href":"https:\/\/vitaminap.pt\/pt\/wp-json\/wp\/v2\/pages"}],"about":[{"href":"https:\/\/vitaminap.pt\/pt\/wp-json\/wp\/v2\/types\/page"}],"author":[{"embeddable":true,"href":"https:\/\/vitaminap.pt\/pt\/wp-json\/wp\/v2\/users\/4"}],"replies":[{"embeddable":true,"href":"https:\/\/vitaminap.pt\/pt\/wp-json\/wp\/v2\/comments?post=7611"}],"version-history":[{"count":6,"href":"https:\/\/vitaminap.pt\/pt\/wp-json\/wp\/v2\/pages\/7611\/revisions"}],"predecessor-version":[{"id":8565,"href":"https:\/\/vitaminap.pt\/pt\/wp-json\/wp\/v2\/pages\/7611\/revisions\/8565"}],"wp:attachment":[{"href":"https:\/\/vitaminap.pt\/pt\/wp-json\/wp\/v2\/media?parent=7611"}],"curies":[{"name":"wp","href":"https:\/\/api.w.org\/{rel}","templated":true}]}}