{"id":7618,"date":"2023-04-21T11:15:51","date_gmt":"2023-04-21T11:15:51","guid":{"rendered":"https:\/\/vitaminap.pt\/pt\/?page_id=7618"},"modified":"2024-04-11T10:10:41","modified_gmt":"2024-04-11T10:10:41","slug":"cookies","status":"publish","type":"page","link":"https:\/\/vitaminap.pt\/pt\/cookies\/","title":{"rendered":"Cookies"},"content":{"rendered":"\t\t<div data-elementor-type=\"wp-page\" data-elementor-id=\"7618\" class=\"elementor elementor-7618\" data-elementor-post-type=\"page\">\n\t\t\t\t\t\t<section class=\"elementor-section elementor-top-section elementor-element elementor-element-60e2408 elementor-section-boxed elementor-section-height-default elementor-section-height-default\" data-id=\"60e2408\" data-element_type=\"section\" data-e-type=\"section\">\n\t\t\t\t\t\t<div class=\"elementor-container elementor-column-gap-default\">\n\t\t\t\t\t<div class=\"elementor-column elementor-col-100 elementor-top-column elementor-element elementor-element-decb97a\" data-id=\"decb97a\" data-element_type=\"column\" data-e-type=\"column\">\n\t\t\t<div class=\"elementor-widget-wrap elementor-element-populated\">\n\t\t\t\t\t\t<div class=\"elementor-element elementor-element-098b2ed elementor-widget elementor-widget-text-editor\" data-id=\"098b2ed\" data-element_type=\"widget\" data-e-type=\"widget\" data-widget_type=\"text-editor.default\">\n\t\t\t\t<div class=\"elementor-widget-container\">\n\t\t\t\t\t\t\t\t\t<p><u style=\"\"><b>Pol\u00edtica de Cookies<br><\/b><\/u><span style=\"color: var( --e-global-color-text ); font-family: var( --e-global-typography-text-font-family ), Sans-serif; font-weight: var( --e-global-typography-text-font-weight ); background-color: var(--thim-body-bg-color,#fff); font-size: var(--thim-font-body-font-size,15px);\">Utilizamos cookies no nosso site, pr\u00f3prios e de terceiros, para garantir o funcionamento adequado do website, para melhorar a experi\u00eancia de navega\u00e7\u00e3o e para facilitar a intera\u00e7\u00e3o nas redes sociais e noutros websites do Vitamina P.<\/span><\/p>\n<p><u style=\"\"><b>O que s\u00e3o cookies?<br><\/b><\/u><span style=\"color: var( --e-global-color-text ); font-family: var( --e-global-typography-text-font-family ), Sans-serif; font-weight: var( --e-global-typography-text-font-weight ); background-color: var(--thim-body-bg-color,#fff); font-size: var(--thim-font-body-font-size,15px);\">Quando visita um site, este pode armazenar ou recolher informa\u00e7\u00e3o no seu browser na forma de cookies. Esta informa\u00e7\u00e3o pode ser sobre as suas prefer\u00eancias ou o aparelho que usa para aceder ao site e \u00e9 utilizada principalmente para fazer o site funcionar conforme o esperado. A informa\u00e7\u00e3o serve para oferecer-lhe uma experi\u00eancia mais personalizada.<\/span><\/p>\n<p>Os cookies s\u00e3o pequenos ficheiros de dados ou de texto que um site instala no aparelho do utilizador (computador, smartphone ou tablet, etc.). Cada cookie cont\u00e9m um c\u00f3digo \u00fanico que permite reconhecer o seu browser ao visitar o site ou melhorar a experi\u00eancia nas pr\u00f3ximas visitas. O conte\u00fado de um cookie geralmente consiste no nome do servidor que o instalou, uma data de validade e um c\u00f3digo num\u00e9rico exclusivo.<\/p>\n<p>Os cookies podem ter diferentes finalidades: por exemplo, h\u00e1 cookies t\u00e9cnicos (para configura\u00e7\u00f5es de idioma), cookies de sess\u00e3o (tempor\u00e1rios) e cookies de rastreamento (cookies que registam o comportamento do utilizador no site para oferecer uma melhor experi\u00eancia). Os cookies podem ser instalados pelo servidor do site visitado ou por um parceiro com o qual este site colabore. O servidor do site s\u00f3 pode ler os cookies que ele pr\u00f3prio instalou. N\u00e3o tem acesso a outras informa\u00e7\u00f5es no computador ou dispositivo m\u00f3vel do utilizador. Saiba mais sobre os cookies em&nbsp;<a href=\"http:\/\/www.allaboutcookies.org\" target=\"_blank\">www.allaboutcookies.org<\/a>.<\/p>\n<p><u style=\"\"><b>Quais s\u00e3o os tipos de cookies que o site do Vitamina P utiliza?<br><\/b><\/u><span style=\"color: var( --e-global-color-text ); font-family: var( --e-global-typography-text-font-family ), Sans-serif; font-weight: var( --e-global-typography-text-font-weight ); background-color: var(--thim-body-bg-color,#fff); font-size: var(--thim-font-body-font-size,15px);\">Neste site, utilizamos as seguintes categorias de cookies: cookies estritamente necess\u00e1rios, cookies de desempenho, cookies de publicidade, cookies de funcionalidades e cookies de redes sociais.<br><\/span><span style=\"color: var( --e-global-color-text ); font-family: var( --e-global-typography-text-font-family ), Sans-serif; font-weight: var( --e-global-typography-text-font-weight ); background-color: var(--thim-body-bg-color,#fff); font-size: var(--thim-font-body-font-size,15px);\">Aceda a mais informa\u00e7\u00e3o sobre os cookies utilizados dentro de cada categoria, em \u201cDefini\u00e7\u00f5es de Cookies\u201d.<br><\/span><span style=\"color: var( --e-global-color-text ); font-family: var( --e-global-typography-text-font-family ), Sans-serif; font-weight: var( --e-global-typography-text-font-weight ); background-color: var(--thim-body-bg-color,#fff); font-size: var(--thim-font-body-font-size,15px);\">Estes cookies apenas s\u00e3o instalados ap\u00f3s o consentimento do utilizador.<\/span><\/p>\n<p><span style=\"color: var( --e-global-color-text ); font-family: var( --e-global-typography-text-font-family ), Sans-serif; background-color: var(--thim-body-bg-color,#fff); font-size: var(--thim-font-body-font-size,15px);\"><b><u>Gest\u00e3o de cookies que autoriza<br><\/u><\/b><\/span><span style=\"color: var( --e-global-color-text ); font-family: var( --e-global-typography-text-font-family ), Sans-serif; font-weight: var( --e-global-typography-text-font-weight ); background-color: var(--thim-body-bg-color,#fff); font-size: var(--thim-font-body-font-size,15px);\">A primeira vez que entrar no site e, periodicamente, s\u00e3o-lhe dadas 3 op\u00e7\u00f5es: aceite todos os cookies, rejeite todos os cookies ou que aceda a \u201cDefini\u00e7\u00e3o de Cookies\u201d para gerir as suas prefer\u00eancias. Estas op\u00e7\u00f5es s\u00e3o configuradas da seguinte forma e s\u00e3o apresentadas nesta ordem:<\/span><\/p>\n<p>Op\u00e7\u00e3o \u201cAceitar todas as cookies\u201d e continuar a navegar;<br><span style=\"color: var( --e-global-color-text ); font-family: var( --e-global-typography-text-font-family ), Sans-serif; font-weight: var( --e-global-typography-text-font-weight ); background-color: var(--thim-body-bg-color,#fff); font-size: var(--thim-font-body-font-size,15px);\">Op\u00e7\u00e3o \u201cRejeitar todos os cookies\u201d com exce\u00e7\u00e3o aos cookies estritamente necess\u00e1rios;<br><\/span><span style=\"color: var( --e-global-color-text ); font-family: var( --e-global-typography-text-font-family ), Sans-serif; font-weight: var( --e-global-typography-text-font-weight ); background-color: var(--thim-body-bg-color,#fff); font-size: var(--thim-font-body-font-size,15px);\">Op\u00e7\u00e3o \u201cDefini\u00e7\u00e3o de cookies\u201d onde poder\u00e1 gerir as suas prefer\u00eancias, selecionando os tipos de cookies ou os cookies individualmente que autoriza (op\u00e7\u00e3o gerir prefer\u00eancias e, depois de selecionar os cookies, a op\u00e7\u00e3o confirmar as minhas escolhas):<br><\/span><span style=\"color: var( --e-global-color-text ); font-family: var( --e-global-typography-text-font-family ), Sans-serif; font-weight: var( --e-global-typography-text-font-weight ); background-color: var(--thim-body-bg-color,#fff); font-size: var(--thim-font-body-font-size,15px);\">&#8211; Durante cada visita ao site do Vitamina P, est\u00e1 situado de forma permanente um bot\u00e3o na localiza\u00e7\u00e3o esquerda inferior do site com um \u00edcone de uma bolacha, representativa de um \u201ccookie\u201d. Este bot\u00e3o permitir\u00e1 gerir as suas prefer\u00eancias em todas as inst\u00e2ncias.<br><\/span><span style=\"color: var( --e-global-color-text ); font-family: var( --e-global-typography-text-font-family ), Sans-serif; font-weight: var( --e-global-typography-text-font-weight ); background-color: var(--thim-body-bg-color,#fff); font-size: var(--thim-font-body-font-size,15px);\">&#8211; Sempre que pretender alterar os cookies que autoriza, poder\u00e1 faz\u00ea-lo neste bot\u00e3o: \u201cDefini\u00e7\u00f5es de cookies\u201d.<\/span><\/p>\n<p>Al\u00e9m disso, os browsers permitem ao utilizador aceitar, recusar ou apagar cookies em qualquer momento, configurando as defini\u00e7\u00f5es apropriadas no respetivo programa de navega\u00e7\u00e3o. Pode configurar os cookies no menu Op\u00e7\u00f5es ou Prefer\u00eancias do seu browser.<\/p>\n<p>Note que, ao desativar cookies, perde o preenchimento autom\u00e1tico de alguns dados, como os de login. Al\u00e9m disso, pode impedir que alguns servi\u00e7os online funcionem corretamente, afetando a navega\u00e7\u00e3o no site.<\/p>\n<p>Em caso de d\u00favida, utilize os nossos <a href=\"mailto:vitaminap@vitaminap.pt\">contactos<\/a> para mais esclarecimentos.<\/p>\n<p><u style=\"\"><b>O que deve saber mais?<br><\/b><\/u><span style=\"color: var( --e-global-color-text ); font-family: var( --e-global-typography-text-font-family ), Sans-serif; font-weight: var( --e-global-typography-text-font-weight ); background-color: var(--thim-body-bg-color,#fff); font-size: var(--thim-font-body-font-size,15px);\">O Vitamina P reserva-se o direito de alterar esta pol\u00edtica a qualquer momento. No entanto, se assim acontecer, o Vitamina P colocar\u00e1 um aviso comunicando este facto ao utilizador. Contudo, recomendamos que revisite ocasionalmente esta p\u00e1gina da Pol\u00edtica de Cookies.<\/span><\/p>\n<p>Se tiver mais quest\u00f5es, contacte-nos para o email <a href=\"mailto:vitaminap@vitaminap.pt\">vitaminap@vitaminap.pt<\/a><\/p>\n<div><br><\/div>\t\t\t\t\t\t\t\t<\/div>\n\t\t\t\t<\/div>\n\t\t\t\t\t<\/div>\n\t\t<\/div>\n\t\t\t\t\t<\/div>\n\t\t<\/section>\n\t\t\t\t<\/div>\n\t\t","protected":false},"excerpt":{"rendered":"<p>Pol\u00edtica de CookiesUtilizamos cookies no nosso site, pr\u00f3prios e de terceiros, para garantir o funcionamento adequado do website, para melhorar a experi\u00eancia de navega\u00e7\u00e3o e para facilitar a intera\u00e7\u00e3o nas redes sociais e noutros websites do Vitamina P.<br \/>\nO que <\/p>\n","protected":false},"author":1,"featured_media":0,"parent":0,"menu_order":0,"comment_status":"closed","ping_status":"closed","template":"","meta":{"footnotes":""},"class_list":["post-7618","page","type-page","status-publish","hentry"],"yoast_head":"<!-- This site is optimized with the Yoast SEO plugin v27.5 - https:\/\/yoast.com\/product\/yoast-seo-wordpress\/ -->\n<title>Cookies - Vitamina P<\/title>\n<meta name=\"description\" content=\"Utilizamos cookies no nosso site, pr\u00f3prios e de terceiros, para garantir o funcionamento adequado do website, para melhorar a experi\u00eancia de navega\u00e7\u00e3o e para facilitar a intera\u00e7\u00e3o nas redes sociais e noutros websites da Vitamina P.\" \/>\n<meta name=\"robots\" content=\"index, follow, max-snippet:-1, max-image-preview:large, max-video-preview:-1\" \/>\n<link rel=\"canonical\" href=\"https:\/\/vitaminap.pt\/pt\/cookies\/\" \/>\n<meta property=\"og:locale\" content=\"pt_PT\" \/>\n<meta property=\"og:type\" content=\"article\" \/>\n<meta property=\"og:title\" content=\"Cookies\" \/>\n<meta property=\"og:description\" content=\"Utilizamos cookies no nosso site, pr\u00f3prios e de terceiros, para garantir o funcionamento adequado do website, para melhorar a experi\u00eancia de navega\u00e7\u00e3o e para facilitar a intera\u00e7\u00e3o nas redes sociais e noutros websites da Vitamina P.\" \/>\n<meta property=\"og:url\" content=\"https:\/\/vitaminap.pt\/pt\/cookies\/\" \/>\n<meta property=\"og:site_name\" content=\"Vitamina P\" \/>\n<meta property=\"article:publisher\" content=\"https:\/\/www.facebook.com\/vitaminaP.pt\" \/>\n<meta property=\"article:modified_time\" content=\"2024-04-11T10:10:41+00:00\" \/>\n<meta property=\"og:image\" content=\"https:\/\/vitaminap.pt\/pt\/wp-content\/uploads\/2023\/04\/Espaco_3.jpeg\" \/>\n\t<meta property=\"og:image:width\" content=\"1920\" \/>\n\t<meta property=\"og:image:height\" content=\"1280\" \/>\n\t<meta property=\"og:image:type\" content=\"image\/jpeg\" \/>\n<meta name=\"twitter:card\" content=\"summary_large_image\" \/>\n<meta name=\"twitter:title\" content=\"Cookies\" \/>\n<meta name=\"twitter:description\" content=\"Utilizamos cookies no nosso site, pr\u00f3prios e de terceiros, para garantir o funcionamento adequado do website, para melhorar a experi\u00eancia de navega\u00e7\u00e3o e para facilitar a intera\u00e7\u00e3o nas redes sociais e noutros websites da Vitamina P.\" \/>\n<meta name=\"twitter:image\" content=\"https:\/\/vitaminap.pt\/pt\/wp-content\/uploads\/2023\/04\/Espaco_3.jpeg\" \/>\n<meta name=\"twitter:label1\" content=\"Tempo estimado de leitura\" \/>\n\t<meta name=\"twitter:data1\" content=\"4 minutos\" \/>\n<script type=\"application\/ld+json\" class=\"yoast-schema-graph\">{\"@context\":\"https:\\\/\\\/schema.org\",\"@graph\":[{\"@type\":\"WebPage\",\"@id\":\"https:\\\/\\\/vitaminap.pt\\\/pt\\\/cookies\\\/\",\"url\":\"https:\\\/\\\/vitaminap.pt\\\/pt\\\/cookies\\\/\",\"name\":\"Cookies - Vitamina P\",\"isPartOf\":{\"@id\":\"https:\\\/\\\/vitaminap.pt\\\/pt\\\/#website\"},\"datePublished\":\"2023-04-21T11:15:51+00:00\",\"dateModified\":\"2024-04-11T10:10:41+00:00\",\"description\":\"Utilizamos cookies no nosso site, pr\u00f3prios e de terceiros, para garantir o funcionamento adequado do website, para melhorar a experi\u00eancia de navega\u00e7\u00e3o e para facilitar a intera\u00e7\u00e3o nas redes sociais e noutros websites da Vitamina P.\",\"breadcrumb\":{\"@id\":\"https:\\\/\\\/vitaminap.pt\\\/pt\\\/cookies\\\/#breadcrumb\"},\"inLanguage\":\"pt-PT\",\"potentialAction\":[{\"@type\":\"ReadAction\",\"target\":[\"https:\\\/\\\/vitaminap.pt\\\/pt\\\/cookies\\\/\"]}]},{\"@type\":\"BreadcrumbList\",\"@id\":\"https:\\\/\\\/vitaminap.pt\\\/pt\\\/cookies\\\/#breadcrumb\",\"itemListElement\":[{\"@type\":\"ListItem\",\"position\":1,\"name\":\"In\u00edcio\",\"item\":\"https:\\\/\\\/vitaminap.pt\\\/pt\\\/\"},{\"@type\":\"ListItem\",\"position\":2,\"name\":\"Cookies\"}]},{\"@type\":\"WebSite\",\"@id\":\"https:\\\/\\\/vitaminap.pt\\\/pt\\\/#website\",\"url\":\"https:\\\/\\\/vitaminap.pt\\\/pt\\\/\",\"name\":\"Vitamina P\",\"description\":\"psicologia, sa\u00fade P bem-estar\",\"publisher\":{\"@id\":\"https:\\\/\\\/vitaminap.pt\\\/pt\\\/#organization\"},\"potentialAction\":[{\"@type\":\"SearchAction\",\"target\":{\"@type\":\"EntryPoint\",\"urlTemplate\":\"https:\\\/\\\/vitaminap.pt\\\/pt\\\/?s={search_term_string}\"},\"query-input\":{\"@type\":\"PropertyValueSpecification\",\"valueRequired\":true,\"valueName\":\"search_term_string\"}}],\"inLanguage\":\"pt-PT\"},{\"@type\":\"Organization\",\"@id\":\"https:\\\/\\\/vitaminap.pt\\\/pt\\\/#organization\",\"name\":\"Vitamina P\",\"url\":\"https:\\\/\\\/vitaminap.pt\\\/pt\\\/\",\"logo\":{\"@type\":\"ImageObject\",\"inLanguage\":\"pt-PT\",\"@id\":\"https:\\\/\\\/vitaminap.pt\\\/pt\\\/#\\\/schema\\\/logo\\\/image\\\/\",\"url\":\"https:\\\/\\\/vitaminap.pt\\\/pt\\\/wp-content\\\/uploads\\\/2023\\\/03\\\/logo_750_transp.png\",\"contentUrl\":\"https:\\\/\\\/vitaminap.pt\\\/pt\\\/wp-content\\\/uploads\\\/2023\\\/03\\\/logo_750_transp.png\",\"width\":736,\"height\":201,\"caption\":\"Vitamina P\"},\"image\":{\"@id\":\"https:\\\/\\\/vitaminap.pt\\\/pt\\\/#\\\/schema\\\/logo\\\/image\\\/\"},\"sameAs\":[\"https:\\\/\\\/www.facebook.com\\\/vitaminaP.pt\"]}]}<\/script>\n<!-- \/ Yoast SEO plugin. -->","yoast_head_json":{"title":"Cookies - Vitamina P","description":"Utilizamos cookies no nosso site, pr\u00f3prios e de terceiros, para garantir o funcionamento adequado do website, para melhorar a experi\u00eancia de navega\u00e7\u00e3o e para facilitar a intera\u00e7\u00e3o nas redes sociais e noutros websites da Vitamina P.","robots":{"index":"index","follow":"follow","max-snippet":"max-snippet:-1","max-image-preview":"max-image-preview:large","max-video-preview":"max-video-preview:-1"},"canonical":"https:\/\/vitaminap.pt\/pt\/cookies\/","og_locale":"pt_PT","og_type":"article","og_title":"Cookies","og_description":"Utilizamos cookies no nosso site, pr\u00f3prios e de terceiros, para garantir o funcionamento adequado do website, para melhorar a experi\u00eancia de navega\u00e7\u00e3o e para facilitar a intera\u00e7\u00e3o nas redes sociais e noutros websites da Vitamina P.","og_url":"https:\/\/vitaminap.pt\/pt\/cookies\/","og_site_name":"Vitamina P","article_publisher":"https:\/\/www.facebook.com\/vitaminaP.pt","article_modified_time":"2024-04-11T10:10:41+00:00","og_image":[{"width":1920,"height":1280,"url":"https:\/\/vitaminap.pt\/pt\/wp-content\/uploads\/2023\/04\/Espaco_3.jpeg","type":"image\/jpeg"}],"twitter_card":"summary_large_image","twitter_title":"Cookies","twitter_description":"Utilizamos cookies no nosso site, pr\u00f3prios e de terceiros, para garantir o funcionamento adequado do website, para melhorar a experi\u00eancia de navega\u00e7\u00e3o e para facilitar a intera\u00e7\u00e3o nas redes sociais e noutros websites da Vitamina P.","twitter_image":"https:\/\/vitaminap.pt\/pt\/wp-content\/uploads\/2023\/04\/Espaco_3.jpeg","twitter_misc":{"Tempo estimado de leitura":"4 minutos"},"schema":{"@context":"https:\/\/schema.org","@graph":[{"@type":"WebPage","@id":"https:\/\/vitaminap.pt\/pt\/cookies\/","url":"https:\/\/vitaminap.pt\/pt\/cookies\/","name":"Cookies - Vitamina P","isPartOf":{"@id":"https:\/\/vitaminap.pt\/pt\/#website"},"datePublished":"2023-04-21T11:15:51+00:00","dateModified":"2024-04-11T10:10:41+00:00","description":"Utilizamos cookies no nosso site, pr\u00f3prios e de terceiros, para garantir o funcionamento adequado do website, para melhorar a experi\u00eancia de navega\u00e7\u00e3o e para facilitar a intera\u00e7\u00e3o nas redes sociais e noutros websites da Vitamina P.","breadcrumb":{"@id":"https:\/\/vitaminap.pt\/pt\/cookies\/#breadcrumb"},"inLanguage":"pt-PT","potentialAction":[{"@type":"ReadAction","target":["https:\/\/vitaminap.pt\/pt\/cookies\/"]}]},{"@type":"BreadcrumbList","@id":"https:\/\/vitaminap.pt\/pt\/cookies\/#breadcrumb","itemListElement":[{"@type":"ListItem","position":1,"name":"In\u00edcio","item":"https:\/\/vitaminap.pt\/pt\/"},{"@type":"ListItem","position":2,"name":"Cookies"}]},{"@type":"WebSite","@id":"https:\/\/vitaminap.pt\/pt\/#website","url":"https:\/\/vitaminap.pt\/pt\/","name":"Vitamina P","description":"psicologia, sa\u00fade P bem-estar","publisher":{"@id":"https:\/\/vitaminap.pt\/pt\/#organization"},"potentialAction":[{"@type":"SearchAction","target":{"@type":"EntryPoint","urlTemplate":"https:\/\/vitaminap.pt\/pt\/?s={search_term_string}"},"query-input":{"@type":"PropertyValueSpecification","valueRequired":true,"valueName":"search_term_string"}}],"inLanguage":"pt-PT"},{"@type":"Organization","@id":"https:\/\/vitaminap.pt\/pt\/#organization","name":"Vitamina P","url":"https:\/\/vitaminap.pt\/pt\/","logo":{"@type":"ImageObject","inLanguage":"pt-PT","@id":"https:\/\/vitaminap.pt\/pt\/#\/schema\/logo\/image\/","url":"https:\/\/vitaminap.pt\/pt\/wp-content\/uploads\/2023\/03\/logo_750_transp.png","contentUrl":"https:\/\/vitaminap.pt\/pt\/wp-content\/uploads\/2023\/03\/logo_750_transp.png","width":736,"height":201,"caption":"Vitamina P"},"image":{"@id":"https:\/\/vitaminap.pt\/pt\/#\/schema\/logo\/image\/"},"sameAs":["https:\/\/www.facebook.com\/vitaminaP.pt"]}]}},"_links":{"self":[{"href":"https:\/\/vitaminap.pt\/pt\/wp-json\/wp\/v2\/pages\/7618","targetHints":{"allow":["GET"]}}],"collection":[{"href":"https:\/\/vitaminap.pt\/pt\/wp-json\/wp\/v2\/pages"}],"about":[{"href":"https:\/\/vitaminap.pt\/pt\/wp-json\/wp\/v2\/types\/page"}],"author":[{"embeddable":true,"href":"https:\/\/vitaminap.pt\/pt\/wp-json\/wp\/v2\/users\/1"}],"replies":[{"embeddable":true,"href":"https:\/\/vitaminap.pt\/pt\/wp-json\/wp\/v2\/comments?post=7618"}],"version-history":[{"count":5,"href":"https:\/\/vitaminap.pt\/pt\/wp-json\/wp\/v2\/pages\/7618\/revisions"}],"predecessor-version":[{"id":7979,"href":"https:\/\/vitaminap.pt\/pt\/wp-json\/wp\/v2\/pages\/7618\/revisions\/7979"}],"wp:attachment":[{"href":"https:\/\/vitaminap.pt\/pt\/wp-json\/wp\/v2\/media?parent=7618"}],"curies":[{"name":"wp","href":"https:\/\/api.w.org\/{rel}","templated":true}]}}